{"id":1291,"date":"2022-12-05T13:58:44","date_gmt":"2022-12-05T13:58:44","guid":{"rendered":"https:\/\/sintegroup.hu\/?page_id=1291"},"modified":"2023-02-10T11:01:21","modified_gmt":"2023-02-10T11:01:21","slug":"koszonjuk-erdeklodeset","status":"publish","type":"page","link":"https:\/\/sintegroup.hu\/gb\/koszonjuk-erdeklodeset\/","title":{"rendered":"K\u00f6sz\u00f6nj\u00fck \u00e9rdekl\u0151d\u00e9s\u00e9t!"},"content":{"rendered":"\n<!-- Google tag (gtag.js) --><br>\n<script async=\"\" src=\"https:\/\/www.googletagmanager.com\/gtag\/js?id=G-YY5SNHBMYX\"><\/script><br>\n<script>\n  window.dataLayer = window.dataLayer || [];\n  function gtag(){dataLayer.push(arguments);}\n  gtag('js', new Date());<\/p>\n<p>  gtag('config', 'G-YY5SNHBMYX');\n<\/script>\n<div class=\"row\"  id=\"row-870467138\">\n\n\n\t<div id=\"col-731704378\" class=\"col small-12 large-12\"  >\n\t\t\t\t<div class=\"col-inner text-center\"  >\n\t\t\t\n\t\t\t\n\n<h1 style=\"text-align: center; color: #3399ff;\"><strong>Kedves L\u00e1togat\u00f3nk!<\/strong><\/h1>\n<h3 style=\"text-align: center;\">K\u00f6sz\u00f6nj\u00fck \u00e9rdekl\u0151d\u00e9s\u00e9t!<\/h3>\n<h3 style=\"text-align: center;\">Kattintson a kez\u0151lap gombra \u00e9s fedezze fel weboldalunkat!<\/h3>\n<a href=\"https:\/\/sintegroup.hu\/\" target=\"_self\" class=\"button primary\"  style=\"border-radius:10px;\">\n    <span>Kezd\u0151lap<\/span>\n  <\/a>\n\n\n<h3 style=\"text-align: center;\"><a href=\"https:\/\/sinte.hu\/\">www.sinte.hu<\/a><br><a href=\"https:\/\/sintegroup.hu\/\">www.sintegroup.hu<\/a><\/h3>\n<h3 style=\"text-align: center;\">E-mail:&nbsp;<a href=\"mailto:sinte@sinte.hu\">sinte@sinte.hu<\/a><\/h3>\n<h3 style=\"text-align: center; color:  #3399ff\"><strong>Tervez\u00e9st\u0151l a kivitelez\u00e9sig<br>Sinte&nbsp;Group, az \u00fczembiztos megold\u00e1s<\/strong><\/h3>\n\t<div class=\"img has-hover x md-x lg-x y md-y lg-y\" id=\"image_4251033\">\n\t\t\t\t\t\t\t\t<div class=\"img-inner dark\" >\n\t\t\t<img loading=\"lazy\" decoding=\"async\" width=\"600\" height=\"226\" src=\"https:\/\/sintegroup.hu\/wp-content\/uploads\/2022\/12\/Sinte_hullam.png\" class=\"attachment-large size-large\" alt=\"\" srcset=\"https:\/\/sintegroup.hu\/wp-content\/uploads\/2022\/12\/Sinte_hullam.png 600w, https:\/\/sintegroup.hu\/wp-content\/uploads\/2022\/12\/Sinte_hullam-300x113.png 300w\" sizes=\"auto, (max-width: 600px) 100vw, 600px\" \/>\t\t\t\t\t\t\n\t\t\t\t\t<\/div>\n\t\t\t\t\t\t\t\t\n<style>\n#image_4251033 {\n  width: 56%;\n}\n<\/style>\n\t<\/div>\n\t\n\n\n\t\t<\/div>\n\t\t\t\t\t<\/div>\n\n\t\n\n<\/div>\n","protected":false},"excerpt":{"rendered":"","protected":false},"author":2,"featured_media":0,"parent":0,"menu_order":0,"comment_status":"closed","ping_status":"closed","template":"","meta":{"footnotes":""},"class_list":["post-1291","page","type-page","status-publish","hentry"],"translation":{"provider":"WPGlobus","version":"3.0.2","language":"gb","enabled_languages":["hu","gb","ro"],"languages":{"hu":{"title":true,"content":true,"excerpt":false},"gb":{"title":false,"content":false,"excerpt":false},"ro":{"title":false,"content":false,"excerpt":false}}},"_links":{"self":[{"href":"https:\/\/sintegroup.hu\/gb\/wp-json\/wp\/v2\/pages\/1291","targetHints":{"allow":["GET"]}}],"collection":[{"href":"https:\/\/sintegroup.hu\/gb\/wp-json\/wp\/v2\/pages"}],"about":[{"href":"https:\/\/sintegroup.hu\/gb\/wp-json\/wp\/v2\/types\/page"}],"author":[{"embeddable":true,"href":"https:\/\/sintegroup.hu\/gb\/wp-json\/wp\/v2\/users\/2"}],"replies":[{"embeddable":true,"href":"https:\/\/sintegroup.hu\/gb\/wp-json\/wp\/v2\/comments?post=1291"}],"version-history":[{"count":23,"href":"https:\/\/sintegroup.hu\/gb\/wp-json\/wp\/v2\/pages\/1291\/revisions"}],"predecessor-version":[{"id":1406,"href":"https:\/\/sintegroup.hu\/gb\/wp-json\/wp\/v2\/pages\/1291\/revisions\/1406"}],"wp:attachment":[{"href":"https:\/\/sintegroup.hu\/gb\/wp-json\/wp\/v2\/media?parent=1291"}],"curies":[{"name":"wp","href":"https:\/\/api.w.org\/{rel}","templated":true}]}}