{"id":1313,"date":"2022-12-19T11:55:52","date_gmt":"2022-12-19T11:55:52","guid":{"rendered":"https:\/\/sintegroup.hu\/?page_id=1313"},"modified":"2023-02-02T15:00:31","modified_gmt":"2023-02-02T15:00:31","slug":"koszono_oldal_2","status":"publish","type":"page","link":"https:\/\/sintegroup.hu\/gb\/koszono_oldal_2\/","title":{"rendered":"K\u00f6sz\u00f6n\u0151_oldal_2"},"content":{"rendered":"\n<!-- Google tag (gtag.js) --><br>\n<script async=\"\" src=\"https:\/\/www.googletagmanager.com\/gtag\/js?id=G-W73MCZM820\"><\/script><br>\n<script>\n  window.dataLayer = window.dataLayer || [];\n  function gtag(){dataLayer.push(arguments);}\n  gtag('js', new Date());<\/p>\n<p>  gtag('config', 'G-W73MCZM820');\n<\/script>\n<div class=\"row align-center\"  id=\"row-708378831\">\n\n\n\t<div id=\"col-1976711054\" class=\"col small-12 large-12\"  >\n\t\t\t\t<div class=\"col-inner text-center\"  >\n\t\t\t\n\t\t\t\n\n<h1 style=\"text-align: center;\">K\u00f6sz\u00f6nj\u00fck \u00e9rdekl\u0151d\u00e9s\u00e9t!<\/h1>\n<h4 style=\"text-align: center;\">A Sinte Group csapata!<\/h4>\n<a href=\"https:\/\/sintegroup.hu\/\" target=\"_self\" class=\"button primary\"  >\n    <span>Kezd\u0151oldal<\/span>\n  <\/a>\n\n\n\n\t\t<\/div>\n\t\t\t\t\t<\/div>\n\n\t\n\n<\/div>\n","protected":false},"excerpt":{"rendered":"","protected":false},"author":2,"featured_media":0,"parent":0,"menu_order":0,"comment_status":"closed","ping_status":"closed","template":"","meta":{"footnotes":""},"class_list":["post-1313","page","type-page","status-publish","hentry"],"translation":{"provider":"WPGlobus","version":"3.0.2","language":"gb","enabled_languages":["hu","gb","ro"],"languages":{"hu":{"title":true,"content":true,"excerpt":false},"gb":{"title":false,"content":false,"excerpt":false},"ro":{"title":false,"content":false,"excerpt":false}}},"_links":{"self":[{"href":"https:\/\/sintegroup.hu\/gb\/wp-json\/wp\/v2\/pages\/1313","targetHints":{"allow":["GET"]}}],"collection":[{"href":"https:\/\/sintegroup.hu\/gb\/wp-json\/wp\/v2\/pages"}],"about":[{"href":"https:\/\/sintegroup.hu\/gb\/wp-json\/wp\/v2\/types\/page"}],"author":[{"embeddable":true,"href":"https:\/\/sintegroup.hu\/gb\/wp-json\/wp\/v2\/users\/2"}],"replies":[{"embeddable":true,"href":"https:\/\/sintegroup.hu\/gb\/wp-json\/wp\/v2\/comments?post=1313"}],"version-history":[{"count":10,"href":"https:\/\/sintegroup.hu\/gb\/wp-json\/wp\/v2\/pages\/1313\/revisions"}],"predecessor-version":[{"id":1394,"href":"https:\/\/sintegroup.hu\/gb\/wp-json\/wp\/v2\/pages\/1313\/revisions\/1394"}],"wp:attachment":[{"href":"https:\/\/sintegroup.hu\/gb\/wp-json\/wp\/v2\/media?parent=1313"}],"curies":[{"name":"wp","href":"https:\/\/api.w.org\/{rel}","templated":true}]}}