{"id":1378,"date":"2023-02-02T08:19:30","date_gmt":"2023-02-02T08:19:30","guid":{"rendered":"https:\/\/sintegroup.hu\/?page_id=1378"},"modified":"2023-02-02T08:39:58","modified_gmt":"2023-02-02T08:39:58","slug":"termenytarolas-a-hetkoznapokban","status":"publish","type":"page","link":"https:\/\/sintegroup.hu\/gb\/tudastar\/termenytarolas-a-hetkoznapokban\/","title":{"rendered":"Term\u00e9nyt\u00e1rol\u00e1s a h\u00e9tk\u00f6znapokban"},"content":{"rendered":"\n<div class=\"row\"  id=\"row-1138212724\">\n\n\n\t<div id=\"col-2070653294\" class=\"col small-12 large-12\"  >\n\t\t\t\t<div class=\"col-inner\"  >\n\t\t\t\n\t\t\t\n\n\n\t\t<\/div>\n\t\t\t\t\t<\/div>\n\n\t\n\n<\/div>\n<h2 style=\"text-align: center;\">Term\u00e9nyt\u00e1rol\u00e1s a h\u00e9tk\u00f6znapokban<\/h2>\n<div class=\"row align-middle align-center\"  id=\"row-851889023\">\n\n\n\t<div id=\"col-1380819819\" class=\"col small-12 large-12\"  >\n\t\t\t\t<div class=\"col-inner text-center\"  >\n\t\t\t\n\t\t\t\n\n\t<div id=\"text-253819959\" class=\"text\">\n\t\t\n\n<p>\u00a0<\/p>\n<p>A szemes term\u00e9nyek betakar\u00edt\u00e1s ut\u00e1ni bet\u00e1rol\u00e1sa megk\u00f6nnyebb\u00fcl\u00e9st jelent a termel\u0151nek, mert a sz\u00e1nt\u00f3f\u00f6ldi munk\u00e1k befejez\u00e9s\u00e9t jelenti. V\u00e9get \u00e9rt egy termel\u00e9si szakasz, amikor megpr\u00f3b\u00e1ltunk min\u00e9l t\u00f6bb term\u00e9st befoly\u00e1sol\u00f3 t\u00e9nyez\u0151t a kez\u00fcnkben tartani. A term\u00e9ny sorsa a tov\u00e1bbiakban a term\u00e9ny t\u00e1rol\u00e1s\u00e1t v\u00e9gz\u0151 szakemberek gondj\u00e1ra van b\u00edzva.<\/p>\n<p>A bet\u00e1rolt term\u00e9nyeket \u2013 takarm\u00e1nykukorica, \u00e9tkez\u00e9si \u00e9s takarm\u00e1nyb\u00faza, \u00e1rpa, napraforg\u00f3, k\u00e1posztarepce &#8211; a r\u00e1juk jellemz\u0151 egyedi t\u00e1rol\u00e1si k\u00f6r\u00fclm\u00e9nyek k\u00f6z\u00f6tt kell t\u00e1rolni. Legfontosabb a l\u00e9gsz\u00e1raz \u00e1llapot, a term\u00e9ny leh\u0171t\u00e9se \u00e9s a tisztas\u00e1g.<\/p>\n<p>Mindegyik term\u00e9nyt\u00a0 vagy s\u00edkt\u00e1rol\u00f3ba vagy a t\u00e1rol\u00f3 sil\u00f3ba t\u00e1roljuk be a\u00a0 megfelel\u0151 nedvess\u00e9gtartalomra lesz\u00e1r\u00edtva, kitiszt\u00edtva \u00e9s lehet\u0151s\u00e9g szerint leh\u0171tve kell bet\u00e1rolni. Az \u00edgy lesz\u00e1r\u00edtott term\u00e9ny azonban m\u00e9g mindig rendelkezik annyi nedvess\u00e9gtartalommal, hogy az \u00e9lettev\u00e9kenys\u00e9gei nem \u00e1llnak le csak lelassulnak \u00e9s tov\u00e1bb l\u00e9legzik. K\u00fcl\u00f6n\u00f6sen igaz ez a ny\u00e1ri betakar\u00edt\u00e1s\u00fa term\u00e9nyekre, amelyek gyakran 30 \u00baC fokos h\u0151m\u00e9rs\u00e9klet\u0171ek, amit a bet\u00e1rol\u00e1s ut\u00e1n nagyon sok\u00e1ig megtartanak.<\/p>\n<p>\u00a0A garmad\u00e1ban vagy a sil\u00f3ban alulr\u00f3l p\u00e1ra szabadul fel \u00e9s a garmada fels\u0151 r\u00e9teg\u00e9ben kicsap\u00f3dik \u00e9s emiatt egy nedvesebb term\u00e9nyr\u00e9teg alakul ki, ami ak\u00e1r cs\u00edr\u00e1z\u00e1shoz vagy pen\u00e9szesed\u00e9shez is vezethet. Ilyenkor a term\u00e9ny als\u00f3 r\u00e9tegei m\u00e9g \u0151rzik a betakar\u00edt\u00e1skori meleget, de a fels\u0151 r\u00e9teg m\u00e1r hideg, seg\u00edtve ezzel a p\u00e1ralecsap\u00f3d\u00e1st. A folyamatot az is seg\u00edti, ha a rakt\u00e1ri k\u00e1rtev\u0151k elszaporodtak a fels\u0151 r\u00e9tegben \u00e9s az \u00f6sszer\u00e1gott szemek\u00a0 m\u00e9g jobb nedvsz\u00edv\u00f3 k\u00e9pess\u00e9ggel rendelkeznek.<\/p>\n<p>A term\u00e9nyek k\u00fcl\u00f6nb\u00f6z\u0151en viselkednek s\u00edkt\u00e1rol\u00f3ban \u00e9s m\u00e1sk\u00e9pp a term\u00e9nyt\u00e1rol\u00f3 sil\u00f3kban. A s\u00edkt\u00e1rol\u00f3kban t\u00e1rolt term\u00e9nyre jellemz\u0151, hogy nagy fel\u00fcleten \u00e9rintkezik a leveg\u0151vel,nagy fel\u00fcleten k\u00e9pes felvenni a leveg\u0151 p\u00e1ratartalm\u00e1t \u00e9s ez\u00e9rt\u00a0 nagy fel\u00fcleten alakulhat ki nedves fels\u0151 r\u00e9teg. A min\u0151s\u00e9gront\u00f3 folyamatok megakad\u00e1lyoz\u00e1sa \u00e9rdek\u00e9ben a term\u00e9nyt\u00a0 2-3 h\u00f3napos t\u00e1rol\u00e1s ut\u00e1n meg kell forgatni, vagy \u00e1t kell h\u00fazatni egy m\u00e1sik sil\u00f3toronyba.\u00a0<\/p>\n<p>A term\u00e9ny forgat\u00e1sa a term\u00e9nyben forg\u00f3 <strong><em>gabonainas<\/em><\/strong> g\u00e9ppel lehet. A gabonainas \u00f6sszekeveri a term\u00e9ny fels\u0151 _____ cm-es r\u00e9teg\u00e9t, megakad\u00e1lyozva a nedves r\u00e9teg kialakul\u00e1s\u00e1t. A gabonainas minim\u00e1lis fel\u00fcgyeletet ig\u00e9nyel, nincs sz\u00fcks\u00e9g rakod\u00f3g\u00e9pre.<\/p>\n<p>A sil\u00f3ban t\u00f6rt\u00e9n\u0151 t\u00e1rol\u00e1s az alulr\u00f3l \u00e1tf\u00favott, esetleg h\u0171t\u00f6tt leveg\u0151s sil\u00f3ban egy korszer\u0171, biztons\u00e1gos t\u00e1rol\u00e1si megold\u00e1s. Amelyik sil\u00f3n\u00e1l nincs erre lehet\u0151s\u00e9g ott sz\u00e1molni kell a s\u00edkt\u00e1rol\u00f3s t\u00e1rol\u00e1s sor\u00e1n is fell\u00e9p\u0151, a term\u00e9ny fels\u0151 r\u00e9teg\u00e9ben t\u00f6rt\u00e9n\u0151 p\u00e1rakicsap\u00f3d\u00e1sra. Tov\u00e1bb\u00e1 a nem kell\u0151en szigetelt sil\u00f3tornyokn\u00e1l a d\u00e9li \u00e9s az \u00e9szaki oldal k\u00f6z\u00f6tti h\u0151m\u00e9rs\u00e9klet k\u00fcl\u00f6nbs\u00e9g miatt az \u00e9szaki oldalon p\u00e1ralecsap\u00f3d\u00e1s \u00e9s a vele j\u00e1r\u00f3 kedvez\u0151tlen folyamatokra is sz\u00e1m\u00edtani lehet. A\u00a0 min\u0151s\u00e9gi probl\u00e9m\u00e1k megel\u0151z\u00e9se \u00e9rdek\u00e9ben megold\u00e1st jelenthet a term\u00e9ny \u00e1th\u00fazat\u00e1sa egy \u00fcres sil\u00f3toronyba \u00e9s, ha van r\u00e1 lehet\u0151s\u00e9g, akkor be\u00e9p\u00edtett tiszt\u00edt\u00f3 g\u00e9pen kereszt\u00fcl. A tiszt\u00edt\u00f3g\u00e9p haszn\u00e1lat\u00e1nak el\u0151nye, hogy elt\u00e1vol\u00edtja a forgat\u00e1s sor\u00e1n keletkez\u0151 t\u00f6rt szemeket \u00e9s a rovark\u00e1rtev\u0151ket is. Ez a m\u0171velet \u00f6sszekapcsolhat\u00f3 a k\u00e1rtev\u0151 irt\u00e1ssal is.<\/p>\n<p>A korszer\u0171 term\u00e9nyt\u00e1rol\u00e1st a nagy teljes\u00edtm\u00e9ny\u0171 ventil\u00e1torokkal gabonah\u0171t\u0151vel\u00a0 alulr\u00f3l \u00e1tf\u00favott hideg leveg\u0151s sil\u00f3tornyok jelentik. Ezekn\u00e9l a term\u00e9nyoszlopban keletkez\u0151 p\u00e1ra nem csap\u00f3dik ki a fels\u0151 r\u00e9tegben \u00e9s a term\u00e9ny biol\u00f3giai folyamatai is annyira lelassulnak, hogy nem k\u00f6vetkezik be min\u0151s\u00e9g roml\u00e1s, nem szaporodnak fel a pen\u00e9szgomb\u00e1k \u00e9s a rakt\u00e1ri k\u00e1rtev\u0151knek sem kedveznek a felt\u00e9telek. A sil\u00f3tornyokba is be\u00e9p\u00edthet\u0151k gabonaforgat\u00f3 csig\u00e1k, amik \u00f6sszekeverik az esetleges poros, pen\u00e9szesed\u00e9sre\u00a0 hajlamos g\u00f3cokat, hasonl\u00f3an a s\u00edkt\u00e1rol\u00f3kban aj\u00e1nlott gabonainassal.<\/p>\n<p>Napjainkban alapvet\u0151 k\u00f6vetelm\u00e9ny \u2013 b\u00e1rmilyen t\u00e1rol\u00f3ban is t\u00e1roljuk a term\u00e9nyt &#8211; a term\u00e9ny min\u0151s\u00e9g\u00e9nek marad\u00e9ktalan meg\u0151rz\u00e9se, amire gyakran nem csak\u00a0 k\u00f6vetkez\u0151 betakar\u00edt\u00e1sig, hanem gazdas\u00e1gi vagy m\u00e1s megfontol\u00e1s alapj\u00e1n ak\u00e1r t\u00f6bb \u00e9vig is sz\u00fcks\u00e9g lehet. Erre jelentenek megb\u00edzhat\u00f3 megold\u00e1st a korszer\u0171 term\u00e9nyt\u00e1rol\u00f3k \u00e9s a term\u00e9nyt\u00e1rol\u00e1s g\u00e9pei.<\/p>\n<p>Dr. Bartol\u00e1k Zolt\u00e1n \u00e1ltal tan\u00e1csolt megold\u00e1sok.<\/p>\n\t\t\n<style>\n#text-253819959 {\n  text-align: left;\n}\n<\/style>\n\t<\/div>\n\t\n<h4 class=\"Standard\"><span style=\"font-size: 14.0pt;\">A Sinte Group ezen probl\u00e9m\u00e1k kezel\u00e9s\u00e9ben komplex megold\u00e1st ny\u00fajt.<\/span><span style=\"font-size: 14pt;\">\u00a0<\/span><\/h4>\n<h4 class=\"Standard\"><span style=\"font-size: 14.0pt;\">1 \u2013 Gabona t\u00e1vfel\u00fcgyeleti rendszer, mely n\u00e9lk\u00fcl a modern s\u00edkt\u00e1rol\u00e1s elk\u00e9pzelhetetlen.<\/span><\/h4>\n\t<div class=\"img has-hover x md-x lg-x y md-y lg-y\" id=\"image_240992021\">\n\t\t\t\t\t\t\t\t<div class=\"img-inner dark\" >\n\t\t\t<img loading=\"lazy\" decoding=\"async\" width=\"1020\" height=\"793\" src=\"https:\/\/sintegroup.hu\/wp-content\/uploads\/2023\/02\/felugyelet_01-1024x796.png\" class=\"attachment-large size-large\" alt=\"\" srcset=\"https:\/\/sintegroup.hu\/wp-content\/uploads\/2023\/02\/felugyelet_01-1024x796.png 1024w, https:\/\/sintegroup.hu\/wp-content\/uploads\/2023\/02\/felugyelet_01-300x233.png 300w, https:\/\/sintegroup.hu\/wp-content\/uploads\/2023\/02\/felugyelet_01-768x597.png 768w, https:\/\/sintegroup.hu\/wp-content\/uploads\/2023\/02\/felugyelet_01-600x466.png 600w, https:\/\/sintegroup.hu\/wp-content\/uploads\/2023\/02\/felugyelet_01.png 1298w\" sizes=\"auto, (max-width: 1020px) 100vw, 1020px\" \/>\t\t\t\t\t\t\n\t\t\t\t\t<\/div>\n\t\t\t\t\t\t\t\t\n<style>\n#image_240992021 {\n  width: 75%;\n}\n<\/style>\n\t<\/div>\n\t\n\n\t<div id=\"text-2601752933\" class=\"text\">\n\t\t\n\n<h4 class=\"Standard\" style=\"text-align: justify; text-justify: inter-ideograph;\"><span style=\"font-size: 14.0pt;\">2 \u2013 Ha m\u00e1r baj van itt a megold\u00e1s: helyi t\u00falmeleged\u00e9sek kezel\u00e9s\u00e9nek a legegyszer\u0171bb m\u00f3dja a mobil, k\u00e9zileg telep\u00edthet\u0151 ventil\u00e1tor.<\/span><\/h4>\n\t\t\n<style>\n#text-2601752933 {\n  text-align: center;\n}\n<\/style>\n\t<\/div>\n\t\n\t<div class=\"img has-hover x md-x lg-x y md-y lg-y\" id=\"image_312982457\">\n\t\t\t\t\t\t\t\t<div class=\"img-inner dark\" >\n\t\t\t<img loading=\"lazy\" decoding=\"async\" width=\"1020\" height=\"532\" src=\"https:\/\/sintegroup.hu\/wp-content\/uploads\/2023\/02\/Szellozteto_01-1024x534.png\" class=\"attachment-large size-large\" alt=\"\" srcset=\"https:\/\/sintegroup.hu\/wp-content\/uploads\/2023\/02\/Szellozteto_01-1024x534.png 1024w, https:\/\/sintegroup.hu\/wp-content\/uploads\/2023\/02\/Szellozteto_01-300x156.png 300w, https:\/\/sintegroup.hu\/wp-content\/uploads\/2023\/02\/Szellozteto_01-768x400.png 768w, https:\/\/sintegroup.hu\/wp-content\/uploads\/2023\/02\/Szellozteto_01-600x313.png 600w, https:\/\/sintegroup.hu\/wp-content\/uploads\/2023\/02\/Szellozteto_01.png 1381w\" sizes=\"auto, (max-width: 1020px) 100vw, 1020px\" \/>\t\t\t\t\t\t\n\t\t\t\t\t<\/div>\n\t\t\t\t\t\t\t\t\n<style>\n#image_312982457 {\n  width: 75%;\n}\n<\/style>\n\t<\/div>\n\t\n\n\t<div id=\"text-1837779342\" class=\"text\">\n\t\t\n\n<h4>\u00a0<\/h4>\n<h4 class=\"Standard\" style=\"text-align: justify; text-justify: inter-ideograph;\"><span style=\"font-size: 14.0pt;\">3 \u2013 Ha ez seg\u00edtett, akkor se a szem\u00e9t forgassa, hanem a gabonainassal j\u00e1rassa \u00e1t gabon\u00e1j\u00e1t.<\/span><\/h4>\n<p>\u00a0<\/p>\n\t\t\n<style>\n#text-1837779342 {\n  text-align: center;\n}\n<\/style>\n\t<\/div>\n\t\n\t<div class=\"img has-hover x md-x lg-x y md-y lg-y\" id=\"image_706041793\">\n\t\t\t\t\t\t\t\t<div class=\"img-inner dark\" >\n\t\t\t<img loading=\"lazy\" decoding=\"async\" width=\"900\" height=\"398\" src=\"https:\/\/sintegroup.hu\/wp-content\/uploads\/2023\/02\/Gabonainas_01.jpg\" class=\"attachment-large size-large\" alt=\"\" srcset=\"https:\/\/sintegroup.hu\/wp-content\/uploads\/2023\/02\/Gabonainas_01.jpg 900w, https:\/\/sintegroup.hu\/wp-content\/uploads\/2023\/02\/Gabonainas_01-300x133.jpg 300w, https:\/\/sintegroup.hu\/wp-content\/uploads\/2023\/02\/Gabonainas_01-768x340.jpg 768w, https:\/\/sintegroup.hu\/wp-content\/uploads\/2023\/02\/Gabonainas_01-600x265.jpg 600w\" sizes=\"auto, (max-width: 900px) 100vw, 900px\" \/>\t\t\t\t\t\t\n\t\t\t\t\t<\/div>\n\t\t\t\t\t\t\t\t\n<style>\n#image_706041793 {\n  width: 75%;\n}\n<\/style>\n\t<\/div>\n\t\n\n<h4>\u00a0<\/h4>\n<h4 class=\"Standard\"><span style=\"font-size: 14.0pt;\">4 \u2013 Ha tart\u00f3s megold\u00e1st akar, akkor v\u00e1lassza mobilkl\u00edm\u00e1inkat \u00e9s a hozz\u00e1 tartoz\u00f3 kieg\u00e9sz\u00edt\u0151ket.<\/span><\/h4>\n<p>\u00a0<\/p>\n\t<div class=\"img has-hover x md-x lg-x y md-y lg-y\" id=\"image_1771844503\">\n\t\t\t\t\t\t\t\t<div class=\"img-inner dark\" >\n\t\t\t<img loading=\"lazy\" decoding=\"async\" width=\"1020\" height=\"575\" src=\"https:\/\/sintegroup.hu\/wp-content\/uploads\/2023\/02\/Klimagem-1024x577.png\" class=\"attachment-large size-large\" alt=\"\" srcset=\"https:\/\/sintegroup.hu\/wp-content\/uploads\/2023\/02\/Klimagem-1024x577.png 1024w, https:\/\/sintegroup.hu\/wp-content\/uploads\/2023\/02\/Klimagem-300x169.png 300w, https:\/\/sintegroup.hu\/wp-content\/uploads\/2023\/02\/Klimagem-768x433.png 768w, https:\/\/sintegroup.hu\/wp-content\/uploads\/2023\/02\/Klimagem-600x338.png 600w, https:\/\/sintegroup.hu\/wp-content\/uploads\/2023\/02\/Klimagem.png 1170w\" sizes=\"auto, (max-width: 1020px) 100vw, 1020px\" \/>\t\t\t\t\t\t\n\t\t\t\t\t<\/div>\n\t\t\t\t\t\t\t\t\n<style>\n#image_1771844503 {\n  width: 75%;\n}\n<\/style>\n\t<\/div>\n\t\n\n<h4>\u00a0<\/h4>\n<h4 class=\"Standard\"><span style=\"font-size: 14.0pt;\">5 \u2013 A j\u00f3l mobiliz\u00e1lhat\u00f3 s\u00edkt\u00e1rol\u00f3 kihagyhatatlan eleme a mobil t\u00e1mfal rendszer.<\/span><\/h4>\n<h4 class=\"Standard\"><span style=\"font-size: 14.0pt;\">Megold\u00e1sunk!<\/span><\/h4>\n\t<div class=\"img has-hover x md-x lg-x y md-y lg-y\" id=\"image_2046301613\">\n\t\t\t\t\t\t\t\t<div class=\"img-inner dark\" >\n\t\t\t<img loading=\"lazy\" decoding=\"async\" width=\"519\" height=\"658\" src=\"https:\/\/sintegroup.hu\/wp-content\/uploads\/2023\/02\/Tamfal.png\" class=\"attachment-large size-large\" alt=\"\" srcset=\"https:\/\/sintegroup.hu\/wp-content\/uploads\/2023\/02\/Tamfal.png 519w, https:\/\/sintegroup.hu\/wp-content\/uploads\/2023\/02\/Tamfal-237x300.png 237w\" sizes=\"auto, (max-width: 519px) 100vw, 519px\" \/>\t\t\t\t\t\t\n\t\t\t\t\t<\/div>\n\t\t\t\t\t\t\t\t\n<style>\n#image_2046301613 {\n  width: 75%;\n}\n<\/style>\n\t<\/div>\n\t\n\n\n\t\t<\/div>\n\t\t\t\t\t<\/div>\n\n\t\n\n<\/div>\n\n","protected":false},"excerpt":{"rendered":"","protected":false},"author":2,"featured_media":0,"parent":1350,"menu_order":0,"comment_status":"closed","ping_status":"closed","template":"","meta":{"footnotes":""},"class_list":["post-1378","page","type-page","status-publish","hentry"],"translation":{"provider":"WPGlobus","version":"3.0.2","language":"gb","enabled_languages":["hu","gb","ro"],"languages":{"hu":{"title":true,"content":true,"excerpt":false},"gb":{"title":false,"content":false,"excerpt":false},"ro":{"title":false,"content":false,"excerpt":false}}},"_links":{"self":[{"href":"https:\/\/sintegroup.hu\/gb\/wp-json\/wp\/v2\/pages\/1378","targetHints":{"allow":["GET"]}}],"collection":[{"href":"https:\/\/sintegroup.hu\/gb\/wp-json\/wp\/v2\/pages"}],"about":[{"href":"https:\/\/sintegroup.hu\/gb\/wp-json\/wp\/v2\/types\/page"}],"author":[{"embeddable":true,"href":"https:\/\/sintegroup.hu\/gb\/wp-json\/wp\/v2\/users\/2"}],"replies":[{"embeddable":true,"href":"https:\/\/sintegroup.hu\/gb\/wp-json\/wp\/v2\/comments?post=1378"}],"version-history":[{"count":6,"href":"https:\/\/sintegroup.hu\/gb\/wp-json\/wp\/v2\/pages\/1378\/revisions"}],"predecessor-version":[{"id":1384,"href":"https:\/\/sintegroup.hu\/gb\/wp-json\/wp\/v2\/pages\/1378\/revisions\/1384"}],"up":[{"embeddable":true,"href":"https:\/\/sintegroup.hu\/gb\/wp-json\/wp\/v2\/pages\/1350"}],"wp:attachment":[{"href":"https:\/\/sintegroup.hu\/gb\/wp-json\/wp\/v2\/media?parent=1378"}],"curies":[{"name":"wp","href":"https:\/\/api.w.org\/{rel}","templated":true}]}}