{"id":1939,"date":"2023-08-08T07:15:46","date_gmt":"2023-08-08T07:15:46","guid":{"rendered":"https:\/\/sintegroup.hu\/?page_id=1939"},"modified":"2023-08-08T07:19:30","modified_gmt":"2023-08-08T07:19:30","slug":"kalapacsos-daralo-hm-15","status":"publish","type":"page","link":"https:\/\/sintegroup.hu\/gb\/kalapacsos-daralo-hm-15\/","title":{"rendered":"kalapacsos-daralo-HM-15"},"content":{"rendered":"\n\t<section class=\"section\" id=\"section_1639511340\">\n\t\t<div class=\"bg section-bg fill bg-fill  bg-loaded\" >\n\n\t\t\t\n\t\t\t\n\t\t\t\n\n\t\t<\/div>\n\n\t\t<div class=\"section-content relative\">\n\t\t\t\n\n<div class=\"elementor-element elementor-element-a67b0e6 elementor-widget elementor-widget-heading\" data-id=\"a67b0e6\" data-element_type=\"widget\" data-widget_type=\"heading.default\">\n<div class=\"elementor-widget-container\">\n<h2 class=\"elementor-heading-title elementor-size-default\" style=\"text-align: center;\">HM-15<\/h2>\n<\/div>\n<\/div>\n<div class=\"row\"  id=\"row-953296406\">\n\n\n\t<div id=\"col-1257633915\" class=\"col medium-6 small-12 large-6\"  >\n\t\t\t\t<div class=\"col-inner\"  >\n\t\t\t\n\t\t\t\n\n\t<div class=\"img has-hover x md-x lg-x y md-y lg-y\" id=\"image_408649341\">\n\t\t\t\t\t\t\t\t<div class=\"img-inner dark\" >\n\t\t\t<img loading=\"lazy\" decoding=\"async\" width=\"489\" height=\"587\" src=\"https:\/\/sintegroup.hu\/wp-content\/uploads\/2023\/08\/Kepernyofoto-2023-08-08-9.18.14.png\" class=\"attachment-large size-large\" alt=\"\" srcset=\"https:\/\/sintegroup.hu\/wp-content\/uploads\/2023\/08\/Kepernyofoto-2023-08-08-9.18.14.png 489w, https:\/\/sintegroup.hu\/wp-content\/uploads\/2023\/08\/Kepernyofoto-2023-08-08-9.18.14-250x300.png 250w\" sizes=\"auto, (max-width: 489px) 100vw, 489px\" \/>\t\t\t\t\t\t\n\t\t\t\t\t<\/div>\n\t\t\t\t\t\t\t\t\n<style>\n#image_408649341 {\n  width: 100%;\n}\n<\/style>\n\t<\/div>\n\t\n\n\n\t\t<\/div>\n\t\t\t\t\t<\/div>\n\n\t\n\n\t<div id=\"col-1907970243\" class=\"col medium-6 small-12 large-6\"  >\n\t\t\t\t<div class=\"col-inner\"  >\n\t\t\t\n\t\t\t\n\n<div class=\"elementor-element elementor-element-4e2d627 elementor-widget elementor-widget-heading\" data-id=\"4e2d627\" data-element_type=\"widget\" data-widget_type=\"heading.default\">\n<div class=\"elementor-widget-container\">\n<h3 class=\"elementor-heading-title elementor-size-default\">HM Kalap\u00e1csos dar\u00e1l\u00f3<\/h3>\n<\/div>\n<\/div>\n<div class=\"elementor-element elementor-element-4efe534 elementor-widget elementor-widget-text-editor\" data-id=\"4efe534\" data-element_type=\"widget\" data-widget_type=\"text-editor.default\">\n<div class=\"elementor-widget-container\">Motor teljes\u00edtm\u00e9ny: 15 kW,<br \/>Magass\u00e1g: 1038 mm,<br \/>Sz\u00e9less\u00e9g: 930 mm,<br \/>M\u00e9lys\u00e9g: 820 mm,<br \/>Talp m\u00e9lys\u00e9g: 470 mm<br \/>Garat: 149\u00d7104 mm,<br \/>Ki\u00f6ml\u0151: 126\u00d7300 mm,<br \/>\u0150rl\u00e9si teljes\u00edtm\u00e9ny: 1500 kg\/\u00f3ra<br \/>Dar\u00e1l\u00e1si teljes\u00edtm\u00e9ny nagym\u00e9rt\u00e9kben f\u00fcgg az anyag \u0151rl\u00e9si tulajdons\u00e1g\u00e1t\u00f3l \u00e9s nedvess\u00e9g tartalm\u00e1t\u00f3l! A t\u00e1bl\u00e1zatban szerepl\u0151 \u00e9rt\u00e9kek \u00d84mm-es dar\u00e1l\u00f3 rost\u00e1val t\u00f6rt\u00e9n\u0151 \u0151rl\u00e9s eset\u00e9n, l\u00e9gsz\u00e1raz kukoric\u00e1ra vonatkoznak.<br \/>Az \u00e1r telep\u00edt\u00e9s n\u00e9lk\u00fcl \u00e9rtend\u0151.<\/div>\n<\/div>\n\n\t\t<\/div>\n\t\t\t\t\t<\/div>\n\n\t\n\n<\/div>\n\n\t\t<\/div>\n\n\t\t\n<style>\n#section_1639511340 {\n  padding-top: 30px;\n  padding-bottom: 30px;\n}\n<\/style>\n\t<\/section>\n\t\n\n","protected":false},"excerpt":{"rendered":"","protected":false},"author":2,"featured_media":0,"parent":0,"menu_order":0,"comment_status":"closed","ping_status":"closed","template":"","meta":{"footnotes":""},"class_list":["post-1939","page","type-page","status-publish","hentry"],"translation":{"provider":"WPGlobus","version":"3.0.2","language":"gb","enabled_languages":["hu","gb","ro"],"languages":{"hu":{"title":true,"content":true,"excerpt":false},"gb":{"title":false,"content":false,"excerpt":false},"ro":{"title":false,"content":false,"excerpt":false}}},"_links":{"self":[{"href":"https:\/\/sintegroup.hu\/gb\/wp-json\/wp\/v2\/pages\/1939","targetHints":{"allow":["GET"]}}],"collection":[{"href":"https:\/\/sintegroup.hu\/gb\/wp-json\/wp\/v2\/pages"}],"about":[{"href":"https:\/\/sintegroup.hu\/gb\/wp-json\/wp\/v2\/types\/page"}],"author":[{"embeddable":true,"href":"https:\/\/sintegroup.hu\/gb\/wp-json\/wp\/v2\/users\/2"}],"replies":[{"embeddable":true,"href":"https:\/\/sintegroup.hu\/gb\/wp-json\/wp\/v2\/comments?post=1939"}],"version-history":[{"count":3,"href":"https:\/\/sintegroup.hu\/gb\/wp-json\/wp\/v2\/pages\/1939\/revisions"}],"predecessor-version":[{"id":1944,"href":"https:\/\/sintegroup.hu\/gb\/wp-json\/wp\/v2\/pages\/1939\/revisions\/1944"}],"wp:attachment":[{"href":"https:\/\/sintegroup.hu\/gb\/wp-json\/wp\/v2\/media?parent=1939"}],"curies":[{"name":"wp","href":"https:\/\/api.w.org\/{rel}","templated":true}]}}