{"id":2049,"date":"2023-08-08T08:40:30","date_gmt":"2023-08-08T08:40:30","guid":{"rendered":"https:\/\/sintegroup.hu\/?page_id=2049"},"modified":"2023-08-08T08:42:29","modified_gmt":"2023-08-08T08:42:29","slug":"ellenaramu-keverogep-kapacitas-500l","status":"publish","type":"page","link":"https:\/\/sintegroup.hu\/gb\/ellenaramu-keverogep-kapacitas-500l\/","title":{"rendered":"Ellen\u00e1ram\u00fa kever\u0151g\u00e9p \u2013 kapacit\u00e1s: 500l"},"content":{"rendered":"\n\t<section class=\"section\" id=\"section_1715162011\">\n\t\t<div class=\"bg section-bg fill bg-fill  bg-loaded\" >\n\n\t\t\t\n\t\t\t\n\t\t\t\n\n\t\t<\/div>\n\n\t\t<div class=\"section-content relative\">\n\t\t\t\n\n\t<div id=\"text-2612361684\" class=\"text\">\n\t\t\n\n<header class=\"page-header\">\n<h1 class=\"entry-title\">Ellen\u00e1ram\u00fa kever\u0151g\u00e9p \u2013 kapacit\u00e1s: 500l<\/h1>\n<\/header>\n\t\t\n<style>\n#text-2612361684 {\n  text-align: center;\n}\n<\/style>\n\t<\/div>\n\t\n<div class=\"row\"  id=\"row-1832237026\">\n\n\n\t<div id=\"col-2101082282\" class=\"col medium-6 small-12 large-6\"  >\n\t\t\t\t<div class=\"col-inner\"  >\n\t\t\t\n\t\t\t\n\n\t<div class=\"img has-hover x md-x lg-x y md-y lg-y\" id=\"image_1016470261\">\n\t\t\t\t\t\t\t\t<div class=\"img-inner dark\" >\n\t\t\t<img loading=\"lazy\" decoding=\"async\" width=\"482\" height=\"626\" src=\"https:\/\/sintegroup.hu\/wp-content\/uploads\/2023\/08\/Kepernyofoto-2023-08-08-10.32.37.png\" class=\"attachment-large size-large\" alt=\"\" srcset=\"https:\/\/sintegroup.hu\/wp-content\/uploads\/2023\/08\/Kepernyofoto-2023-08-08-10.32.37.png 482w, https:\/\/sintegroup.hu\/wp-content\/uploads\/2023\/08\/Kepernyofoto-2023-08-08-10.32.37-231x300.png 231w\" sizes=\"auto, (max-width: 482px) 100vw, 482px\" \/>\t\t\t\t\t\t\n\t\t\t\t\t<\/div>\n\t\t\t\t\t\t\t\t\n<style>\n#image_1016470261 {\n  width: 100%;\n}\n<\/style>\n\t<\/div>\n\t\n\n\n\t\t<\/div>\n\t\t\t\t\t<\/div>\n\n\t\n\n\t<div id=\"col-1548695608\" class=\"col medium-6 small-12 large-6\"  >\n\t\t\t\t<div class=\"col-inner\"  >\n\t\t\t\n\t\t\t\n\n<div class=\"elementor-element elementor-element-4e2d627 elementor-widget elementor-widget-heading\" data-id=\"4e2d627\" data-element_type=\"widget\" data-widget_type=\"heading.default\">\n<div class=\"elementor-widget-container\">\n<h3 class=\"elementor-heading-title elementor-size-default\">Ellen\u00e1ram\u00fa kever\u0151g\u00e9p<\/h3>\n<\/div>\n<\/div>\n<div class=\"elementor-element elementor-element-4efe534 elementor-widget elementor-widget-text-editor\" data-id=\"4efe534\" data-element_type=\"widget\" data-widget_type=\"text-editor.default\">\n<div class=\"elementor-widget-container\">Szalagos kever\u0151g\u00e9p, pneumatikus leereszt\u0151 tol\u00f3z\u00e1rral sz\u00e9nac\u00e9l kivitelben.<br \/>Kapacit\u00e1s: 500 l,<br \/>motor: 5.5 kW,<br \/>Telep\u00edt\u00e9s \u00e9s \u00e1llv\u00e1ny n\u00e9lk\u00fcl<\/div>\n<\/div>\n\n\t\t<\/div>\n\t\t\t\t\t<\/div>\n\n\t\n\n<\/div>\n\n\t\t<\/div>\n\n\t\t\n<style>\n#section_1715162011 {\n  padding-top: 30px;\n  padding-bottom: 30px;\n}\n<\/style>\n\t<\/section>\n\t\n\n","protected":false},"excerpt":{"rendered":"","protected":false},"author":2,"featured_media":0,"parent":0,"menu_order":0,"comment_status":"closed","ping_status":"closed","template":"","meta":{"footnotes":""},"class_list":["post-2049","page","type-page","status-publish","hentry"],"translation":{"provider":"WPGlobus","version":"3.0.2","language":"gb","enabled_languages":["hu","gb","ro"],"languages":{"hu":{"title":true,"content":true,"excerpt":false},"gb":{"title":false,"content":false,"excerpt":false},"ro":{"title":false,"content":false,"excerpt":false}}},"_links":{"self":[{"href":"https:\/\/sintegroup.hu\/gb\/wp-json\/wp\/v2\/pages\/2049","targetHints":{"allow":["GET"]}}],"collection":[{"href":"https:\/\/sintegroup.hu\/gb\/wp-json\/wp\/v2\/pages"}],"about":[{"href":"https:\/\/sintegroup.hu\/gb\/wp-json\/wp\/v2\/types\/page"}],"author":[{"embeddable":true,"href":"https:\/\/sintegroup.hu\/gb\/wp-json\/wp\/v2\/users\/2"}],"replies":[{"embeddable":true,"href":"https:\/\/sintegroup.hu\/gb\/wp-json\/wp\/v2\/comments?post=2049"}],"version-history":[{"count":4,"href":"https:\/\/sintegroup.hu\/gb\/wp-json\/wp\/v2\/pages\/2049\/revisions"}],"predecessor-version":[{"id":2054,"href":"https:\/\/sintegroup.hu\/gb\/wp-json\/wp\/v2\/pages\/2049\/revisions\/2054"}],"wp:attachment":[{"href":"https:\/\/sintegroup.hu\/gb\/wp-json\/wp\/v2\/media?parent=2049"}],"curies":[{"name":"wp","href":"https:\/\/api.w.org\/{rel}","templated":true}]}}