{"id":2779,"date":"2025-03-04T07:56:08","date_gmt":"2025-03-04T07:56:08","guid":{"rendered":"https:\/\/sintegroup.hu\/?page_id=2779"},"modified":"2025-03-04T08:06:48","modified_gmt":"2025-03-04T08:06:48","slug":"solutii-moderne-pentru-cresterea-animalelor-si-gestionarea-deseurilor","status":"publish","type":"page","link":"https:\/\/sintegroup.hu\/gb\/solutii-moderne-pentru-cresterea-animalelor-si-gestionarea-deseurilor\/","title":{"rendered":"Solu\u021bii moderne pentru cre\u0219terea animalelor \u0219i gestionarea de\u0219eurilor"},"content":{"rendered":"\n<p><\/p>\n\n\n\n<div class=\"row\"  id=\"row-140256557\">\n\n\n\t<div id=\"col-1281847213\" class=\"col small-12 large-12\"  >\n\t\t\t\t<div class=\"col-inner\"  >\n\t\t\t\n\t\t\t\n\n<h3 style=\"text-align: center;\"><strong>Solu\u021bii moderne pentru cre\u0219terea animalelor \u0219i gestionarea de\u0219eurilor<\/strong><\/h3>\n<p><strong>Avantajele \u0219i domeniile de utilizare ale sistemelor Agribox \u0219i Agricool<\/strong><\/p>\n<p>Cre\u0219terea animalelor a suferit transform\u0103ri semnificative \u00een ultimii ani, unde sustenabilitatea, bun\u0103starea animalelor \u0219i respectarea normelor de igien\u0103 devin din ce \u00een ce mai importante. Pentru fermierii moderni, sunt esen\u021biale solu\u021biile inovatoare care \u00eembun\u0103t\u0103\u021besc simultan calitatea vie\u021bii animalelor, s\u0103n\u0103tatea acestora \u0219i eficien\u021ba proceselor agricole.<\/p>\n<p>\u00cen acest articol, v\u0103 prezent\u0103m sistemele Agribox \u0219i Agricool, care ofer\u0103 solu\u021bii revolu\u021bionare \u00een domeniul cre\u0219terii animalelor \u0219i gestion\u0103rii de\u0219eurilor.<\/p>\n<p><strong>Sistemele Agribox: cre\u0219terea animalelor \u00een aer liber \u00eentr-un mod s\u0103n\u0103tos \u0219i eficient<\/strong><\/p>\n<p>Modelele Agribox \u0219i Spheribox reprezint\u0103 o nou\u0103 genera\u021bie de ad\u0103posturi, special concepute pentru vi\u021bei, purcei \u0219i alte animale, utilizate pentru cre\u0219terea animalelor \u00een aer liber. Metodele moderne de cre\u0219tere a animalelor pun din ce \u00een ce mai mult accent pe cre\u0219terea \u00een aer liber, deoarece s-a dovedit c\u0103 animalele crescute \u00een mediu deschis sunt mai s\u0103n\u0103toase \u0219i c\u00e2\u0219tig\u0103 \u00een greutate mai rapid.<\/p>\n<p><strong>Caracteristici \u0219i beneficii principale:<\/strong><\/p>\n<p><strong>Materiale de \u00eenalt\u0103 calitate:<\/strong> Ad\u0103posturile sunt realizate din compozit ranforsat din fibr\u0103 de sticl\u0103, un material u\u0219or \u0219i extrem de rezistent la impact mecanic.<\/p>\n<p><strong>Izola\u021bie termic\u0103 optim\u0103:<\/strong> Datorit\u0103 inertiei termice ridicate, temperatura intern\u0103 a ad\u0103posturilor este stabil\u0103 pe tot parcursul anului, protej\u00e2nd animalele at\u00e2t vara, c\u00e2t \u0219i iarna.<\/p>\n<p><strong>Rezisten\u021b\u0103 la ap\u0103 \u0219i raze UV:<\/strong> Ad\u0103posturile Agribox sunt complet rezistente la intemperii, oferind o solu\u021bie durabil\u0103 pentru fermieri.<\/p>\n<p><strong>Design modular:<\/strong> Unit\u0103\u021bile sunt u\u0219or de transportat \u0219i instalat, f\u0103r\u0103 a necesita autoriza\u021bii de construc\u021bie complicate.<\/p>\n<p><strong>Igien\u0103 \u0219i cur\u0103\u021bare simpl\u0103:<\/strong> Datorit\u0103 suprafe\u021bei interioare netede, ad\u0103posturile pot fi cur\u0103\u021bate rapid cu ap\u0103 sub presiune, reduc\u00e2nd riscul de infec\u021bii.<\/p>\n<p><strong>Ventila\u021bie eficient\u0103:<\/strong> Orificiile de ventila\u021bie optimizate asigur\u0103 un flux constant de aer, fiind esen\u021biale \u00een special \u00een lunile calde de var\u0103.<\/p>\n<p><strong>Accesorii variate:<\/strong> Sistemele pot fi echipate cu hr\u0103nitori, ad\u0103p\u0103tori \u0219i sisteme de separare, pentru a \u00eembun\u0103t\u0103\u021bi confortul \u0219i siguran\u021ba animalelor.<\/p>\n<p>Modelele Agribox sunt disponibile pentru ad\u0103postirea individual\u0103 sau colectiv\u0103 a animalelor, incluz\u00e2nd variante precum Agribox 1, 2, 3, 5, 10 \u0219i 12, precum \u0219i Spheribox, ideal pentru turme mai mari.<\/p>\n<div class=\"row\"  id=\"row-544180375\">\n\n\n\t<div id=\"col-1800011989\" class=\"col medium-4 small-12 large-4\"  >\n\t\t\t\t<div class=\"col-inner\"  >\n\t\t\t\n\t\t\t\n\n\t<div class=\"img has-hover x md-x lg-x y md-y lg-y\" id=\"image_1855211711\">\n\t\t\t\t\t\t\t\t<div class=\"img-inner dark\" >\n\t\t\t<img loading=\"lazy\" decoding=\"async\" width=\"1020\" height=\"826\" src=\"https:\/\/sintegroup.hu\/wp-content\/uploads\/2025\/02\/agribox3-1-1024x829.jpg\" class=\"attachment-large size-large\" alt=\"\" srcset=\"https:\/\/sintegroup.hu\/wp-content\/uploads\/2025\/02\/agribox3-1-1024x829.jpg 1024w, https:\/\/sintegroup.hu\/wp-content\/uploads\/2025\/02\/agribox3-1-300x243.jpg 300w, https:\/\/sintegroup.hu\/wp-content\/uploads\/2025\/02\/agribox3-1-768x622.jpg 768w, https:\/\/sintegroup.hu\/wp-content\/uploads\/2025\/02\/agribox3-1.jpg 1417w\" sizes=\"auto, (max-width: 1020px) 100vw, 1020px\" \/>\t\t\t\t\t\t\n\t\t\t\t\t<\/div>\n\t\t\t\t\t\t\t\t\n<style>\n#image_1855211711 {\n  width: 94%;\n}\n<\/style>\n\t<\/div>\n\t\n\n\n\t\t<\/div>\n\t\t\t\t\t<\/div>\n\n\t\n\n\t<div id=\"col-2086102060\" class=\"col medium-4 small-12 large-4\"  >\n\t\t\t\t<div class=\"col-inner\"  >\n\t\t\t\n\t\t\t\n\n\t<div class=\"img has-hover x md-x lg-x y md-y lg-y\" id=\"image_681345941\">\n\t\t\t\t\t\t\t\t<div class=\"img-inner dark\" >\n\t\t\t<img loading=\"lazy\" decoding=\"async\" width=\"1020\" height=\"765\" src=\"https:\/\/sintegroup.hu\/wp-content\/uploads\/2025\/02\/RIGODANZO-010-1024x768.jpg\" class=\"attachment-large size-large\" alt=\"\" srcset=\"https:\/\/sintegroup.hu\/wp-content\/uploads\/2025\/02\/RIGODANZO-010-1024x768.jpg 1024w, https:\/\/sintegroup.hu\/wp-content\/uploads\/2025\/02\/RIGODANZO-010-300x225.jpg 300w, https:\/\/sintegroup.hu\/wp-content\/uploads\/2025\/02\/RIGODANZO-010-768x576.jpg 768w, https:\/\/sintegroup.hu\/wp-content\/uploads\/2025\/02\/RIGODANZO-010-1536x1152.jpg 1536w, https:\/\/sintegroup.hu\/wp-content\/uploads\/2025\/02\/RIGODANZO-010-2048x1536.jpg 2048w\" sizes=\"auto, (max-width: 1020px) 100vw, 1020px\" \/>\t\t\t\t\t\t\n\t\t\t\t\t<\/div>\n\t\t\t\t\t\t\t\t\n<style>\n#image_681345941 {\n  width: 100%;\n}\n<\/style>\n\t<\/div>\n\t\n\n\n\t\t<\/div>\n\t\t\t\t\t<\/div>\n\n\t\n\n\t<div id=\"col-65947722\" class=\"col medium-4 small-12 large-4\"  >\n\t\t\t\t<div class=\"col-inner\"  >\n\t\t\t\n\t\t\t\n\n\t<div class=\"img has-hover x md-x lg-x y md-y lg-y\" id=\"image_808920684\">\n\t\t\t\t\t\t\t\t<div class=\"img-inner dark\" >\n\t\t\t<img loading=\"lazy\" decoding=\"async\" width=\"1020\" height=\"760\" src=\"https:\/\/sintegroup.hu\/wp-content\/uploads\/2025\/02\/Immagine-517-1024x763.jpg\" class=\"attachment-large size-large\" alt=\"\" srcset=\"https:\/\/sintegroup.hu\/wp-content\/uploads\/2025\/02\/Immagine-517-1024x763.jpg 1024w, https:\/\/sintegroup.hu\/wp-content\/uploads\/2025\/02\/Immagine-517-300x224.jpg 300w, https:\/\/sintegroup.hu\/wp-content\/uploads\/2025\/02\/Immagine-517-768x572.jpg 768w, https:\/\/sintegroup.hu\/wp-content\/uploads\/2025\/02\/Immagine-517-1536x1145.jpg 1536w, https:\/\/sintegroup.hu\/wp-content\/uploads\/2025\/02\/Immagine-517-2048x1526.jpg 2048w\" sizes=\"auto, (max-width: 1020px) 100vw, 1020px\" \/>\t\t\t\t\t\t\n\t\t\t\t\t<\/div>\n\t\t\t\t\t\t\t\t\n<style>\n#image_808920684 {\n  width: 100%;\n}\n<\/style>\n\t<\/div>\n\t\n\n\n\t\t<\/div>\n\t\t\t\t\t<\/div>\n\n\t\n\n<\/div>\n<p><strong>Agricool: Inova\u021bie \u00een gestionarea de\u0219eurilor<\/strong><\/p>\n<p>\u00cen cre\u0219terea modern\u0103 a animalelor, manipularea cadavrelor de animale \u00eentr-un mod sigur \u0219i igienic este esen\u021bial\u0103 at\u00e2t pentru prevenirea bolilor, c\u00e2t \u0219i pentru respectarea normelor sanitare. Sistemele Agricool ofer\u0103 o solu\u021bie profesional\u0103 pentru aceast\u0103 problem\u0103.<\/p>\n<p><strong>Agricool caracteristici \u0219i beneficii principale:<\/strong><\/p>\n<p><strong>Depozitare f\u0103r\u0103 miros \u0219i igienic\u0103:<\/strong> Containerele frigorifice etan\u0219e reduc mirosurile nepl\u0103cute \u0219i \u00eempiedic\u0103 proliferarea bacteriilor.<\/p>\n<p><strong>P\u0103strarea animalelor p\u00e2n\u0103 la 15 zile:<\/strong> Animalele moarte pot fi p\u0103strate \u00eentr-un mediu r\u0103cit, reduc\u00e2nd riscurile sanitare \u0219i necesitatea transportului frecvent.<\/p>\n<p><strong>Construc\u021bie robust\u0103 \u0219i u\u0219or de cur\u0103\u021bat<\/strong>: Structura din fibr\u0103 de sticl\u0103 cu izola\u021bie din poliuretan asigur\u0103 o izolare termic\u0103 excelent\u0103 \u0219i poate fi cur\u0103\u021bat\u0103 cu ap\u0103 sub presiune.<\/p>\n<p><strong>Consum redus de energie:<\/strong> Func\u021bioneaz\u0103 la 220V, av\u00e2nd costuri reduse de operare.<\/p>\n<p><strong>Golire rapid\u0103 \u0219i u\u0219oar\u0103:<\/strong> Sistemul cu cadru metalic permite ridicarea containerului cu motostivuitor sau macara \u0219i desc\u0103rcarea automat\u0103 prin activarea unui mecanism special cu bra\u021b.<\/p>\n<p><strong>Transport \u0219i instalare simplificat\u0103:<\/strong> Construc\u021bia modular\u0103 permite transportarea \u0219i relocarea u\u0219oar\u0103 a unit\u0103\u021bilor.<\/p>\n<p>Modelul Agricool 120 este unul dintre cele mai utilizate, oferind condi\u021bii optime de igien\u0103 pentru fermele de dimensiuni mici \u0219i medii.<\/p>\n<div class=\"row\"  id=\"row-497474859\">\n\n\n\t<div id=\"col-151796716\" class=\"col medium-4 small-12 large-4\"  >\n\t\t\t\t<div class=\"col-inner text-center\"  >\n\t\t\t\n\t\t\t\n\n\t<div class=\"img has-hover x md-x lg-x y md-y lg-y\" id=\"image_1656228429\">\n\t\t\t\t\t\t\t\t<div class=\"img-inner dark\" >\n\t\t\t<img loading=\"lazy\" decoding=\"async\" width=\"522\" height=\"700\" src=\"https:\/\/sintegroup.hu\/wp-content\/uploads\/2025\/02\/AGRICOOL120-3.jpg\" class=\"attachment-large size-large\" alt=\"\" srcset=\"https:\/\/sintegroup.hu\/wp-content\/uploads\/2025\/02\/AGRICOOL120-3.jpg 522w, https:\/\/sintegroup.hu\/wp-content\/uploads\/2025\/02\/AGRICOOL120-3-224x300.jpg 224w\" sizes=\"auto, (max-width: 522px) 100vw, 522px\" \/>\t\t\t\t\t\t\n\t\t\t\t\t<\/div>\n\t\t\t\t\t\t\t\t\n<style>\n#image_1656228429 {\n  width: 57%;\n}\n<\/style>\n\t<\/div>\n\t\n\n\n\t\t<\/div>\n\t\t\t\t\t<\/div>\n\n\t\n\n\t<div id=\"col-898078480\" class=\"col medium-4 small-12 large-4\"  >\n\t\t\t\t<div class=\"col-inner\"  >\n\t\t\t\n\t\t\t\n\n\t<div class=\"img has-hover x md-x lg-x y md-y lg-y\" id=\"image_937122911\">\n\t\t\t\t\t\t\t\t<div class=\"img-inner dark\" >\n\t\t\t<img loading=\"lazy\" decoding=\"async\" width=\"1020\" height=\"760\" src=\"https:\/\/sintegroup.hu\/wp-content\/uploads\/2025\/02\/AGRICOOL120-1-1024x763.jpg\" class=\"attachment-large size-large\" alt=\"\" srcset=\"https:\/\/sintegroup.hu\/wp-content\/uploads\/2025\/02\/AGRICOOL120-1-1024x763.jpg 1024w, https:\/\/sintegroup.hu\/wp-content\/uploads\/2025\/02\/AGRICOOL120-1-300x224.jpg 300w, https:\/\/sintegroup.hu\/wp-content\/uploads\/2025\/02\/AGRICOOL120-1-768x572.jpg 768w, https:\/\/sintegroup.hu\/wp-content\/uploads\/2025\/02\/AGRICOOL120-1.jpg 1500w\" sizes=\"auto, (max-width: 1020px) 100vw, 1020px\" \/>\t\t\t\t\t\t\n\t\t\t\t\t<\/div>\n\t\t\t\t\t\t\t\t\n<style>\n#image_937122911 {\n  width: 100%;\n}\n<\/style>\n\t<\/div>\n\t\n\n\n\t\t<\/div>\n\t\t\t\t\t<\/div>\n\n\t\n\n\t<div id=\"col-1873984567\" class=\"col medium-4 small-12 large-4\"  >\n\t\t\t\t<div class=\"col-inner\"  >\n\t\t\t\n\t\t\t\n\n\t<div class=\"img has-hover x md-x lg-x y md-y lg-y\" id=\"image_176692567\">\n\t\t\t\t\t\t\t\t<div class=\"img-inner dark\" >\n\t\t\t<img loading=\"lazy\" decoding=\"async\" width=\"1020\" height=\"760\" src=\"https:\/\/sintegroup.hu\/wp-content\/uploads\/2025\/02\/AGRICOOL120-1024x763.jpg\" class=\"attachment-large size-large\" alt=\"\" srcset=\"https:\/\/sintegroup.hu\/wp-content\/uploads\/2025\/02\/AGRICOOL120-1024x763.jpg 1024w, https:\/\/sintegroup.hu\/wp-content\/uploads\/2025\/02\/AGRICOOL120-300x224.jpg 300w, https:\/\/sintegroup.hu\/wp-content\/uploads\/2025\/02\/AGRICOOL120-768x572.jpg 768w, https:\/\/sintegroup.hu\/wp-content\/uploads\/2025\/02\/AGRICOOL120.jpg 1500w\" sizes=\"auto, (max-width: 1020px) 100vw, 1020px\" \/>\t\t\t\t\t\t\n\t\t\t\t\t<\/div>\n\t\t\t\t\t\t\t\t\n<style>\n#image_176692567 {\n  width: 100%;\n}\n<\/style>\n\t<\/div>\n\t\n\n\n\t\t<\/div>\n\t\t\t\t\t<\/div>\n\n\t\n\n<\/div>\n<p><strong>Concluzie<\/strong><\/p>\n<p>Sistemele Agribox \u0219i Agricool sunt solu\u021bii esen\u021biale pentru fermele moderne, oferind condi\u021bii optime pentru bun\u0103starea animalelor, respectarea normelor sanitare \u0219i eficientizarea costurilor.<\/p>\n<p>Agribox permite cre\u0219terea animalelor \u00een mediu deschis, oferindu-le un habitat mai s\u0103n\u0103tos \u0219i mai sigur.<\/p>\n<p>Agricool asigur\u0103 manipularea profesional\u0103 \u0219i igienic\u0103 a animalelor moarte, reduc\u00e2nd riscurile sanitare.<\/p>\n<p>Aceste solu\u021bii inovatoare contribuie la o agricultur\u0103 mai sustenabil\u0103 \u0219i mai eficient\u0103, benefic\u0103 at\u00e2t pentru ferme, c\u00e2t \u0219i pentru animale.<\/p>\n\n\t\t<\/div>\n\t\t\t\t\t<\/div>\n\n\t\n\n<\/div>\n\n","protected":false},"excerpt":{"rendered":"","protected":false},"author":2,"featured_media":0,"parent":0,"menu_order":0,"comment_status":"closed","ping_status":"closed","template":"","meta":{"footnotes":""},"class_list":["post-2779","page","type-page","status-publish","hentry"],"translation":{"provider":"WPGlobus","version":"3.0.2","language":"gb","enabled_languages":["hu","gb","ro"],"languages":{"hu":{"title":true,"content":true,"excerpt":false},"gb":{"title":false,"content":false,"excerpt":false},"ro":{"title":false,"content":false,"excerpt":false}}},"_links":{"self":[{"href":"https:\/\/sintegroup.hu\/gb\/wp-json\/wp\/v2\/pages\/2779","targetHints":{"allow":["GET"]}}],"collection":[{"href":"https:\/\/sintegroup.hu\/gb\/wp-json\/wp\/v2\/pages"}],"about":[{"href":"https:\/\/sintegroup.hu\/gb\/wp-json\/wp\/v2\/types\/page"}],"author":[{"embeddable":true,"href":"https:\/\/sintegroup.hu\/gb\/wp-json\/wp\/v2\/users\/2"}],"replies":[{"embeddable":true,"href":"https:\/\/sintegroup.hu\/gb\/wp-json\/wp\/v2\/comments?post=2779"}],"version-history":[{"count":14,"href":"https:\/\/sintegroup.hu\/gb\/wp-json\/wp\/v2\/pages\/2779\/revisions"}],"predecessor-version":[{"id":2793,"href":"https:\/\/sintegroup.hu\/gb\/wp-json\/wp\/v2\/pages\/2779\/revisions\/2793"}],"wp:attachment":[{"href":"https:\/\/sintegroup.hu\/gb\/wp-json\/wp\/v2\/media?parent=2779"}],"curies":[{"name":"wp","href":"https:\/\/api.w.org\/{rel}","templated":true}]}}