{"id":2875,"date":"2025-06-18T11:36:55","date_gmt":"2025-06-18T11:36:55","guid":{"rendered":"https:\/\/sintegroup.hu\/?page_id=2875"},"modified":"2025-06-19T07:47:53","modified_gmt":"2025-06-19T07:47:53","slug":"a-gabonahutes-jelentosege-es-a-klimagem-rendszerek-elonyei-a-modern-mezogazdasagban","status":"publish","type":"page","link":"https:\/\/sintegroup.hu\/gb\/a-gabonahutes-jelentosege-es-a-klimagem-rendszerek-elonyei-a-modern-mezogazdasagban\/","title":{"rendered":"A gabonah\u0171t\u00e9s jelent\u0151s\u00e9ge \u00e9s a Klimagem rendszerek el\u0151nyei a modern mez\u0151gazdas\u00e1gban"},"content":{"rendered":"\n<div class=\"row\"  id=\"row-1463450483\">\n\n\n\t<div id=\"col-1044321242\" class=\"col small-12 large-12\"  >\n\t\t\t\t<div class=\"col-inner\"  >\n\t\t\t\n\t\t\t\n\n<h1>\u00a0<\/h1>\n<h1 style=\"text-align: center;\"><b>A gabonah\u0171t\u00e9s jelent\u0151s\u00e9ge \u00e9s a Klimagem rendszerek el\u0151nyei a modern mez\u0151gazdas\u00e1gban<\/b><\/h1>\n<p><span style=\"font-weight: 400;\">A mez\u0151gazdas\u00e1gban az arat\u00e1st k\u00f6vet\u0151 t\u00e1rol\u00e1s kritikus szakasza a term\u00e9ny \u00e9letciklus\u00e1nak. A megfelel\u0151 t\u00e1rol\u00e1si k\u00f6r\u00fclm\u00e9nyek biztos\u00edt\u00e1sa elengedhetetlen a gabona min\u0151s\u00e9g\u00e9nek meg\u0151rz\u00e9s\u00e9hez, a vesztes\u00e9gek minimaliz\u00e1l\u00e1s\u00e1hoz \u00e9s a profitabilit\u00e1s fenntart\u00e1s\u00e1hoz. Ebben a kontextusban a gabonah\u0171t\u00e9s kulcsfontoss\u00e1g\u00fa technol\u00f3giai megold\u00e1st k\u00edn\u00e1l, amely f\u00fcggetlen\u00edti a termel\u0151ket az id\u0151j\u00e1r\u00e1si viszonyokt\u00f3l \u00e9s sz\u00e1mos el\u0151nnyel j\u00e1r a hagyom\u00e1nyos t\u00e1rol\u00e1si m\u00f3dszerekkel szemben. A Klimagem gabonah\u0171t\u0151 rendszerek innovat\u00edv megk\u00f6zel\u00edt\u00e9st biztos\u00edtanak a gabona tart\u00f3s\u00edt\u00e1s\u00e1ban, garant\u00e1lva a term\u00e9ny eg\u00e9szs\u00e9ges, organikus, k\u00f6rnyezetbar\u00e1t \u00e9s gazdas\u00e1gos t\u00e1rol\u00e1s\u00e1t hossz\u00fa t\u00e1von.<\/span><\/p>\n<p><b>Mi\u00e9rt alapvet\u0151 a gabonah\u0171t\u00e9s?<\/b><\/p>\n<p><span style=\"font-weight: 400;\">A frissen betakar\u00edtott gabona \u201el\u00e9legzik\u201d, ami h\u0151termel\u00e9ssel j\u00e1r, \u00e9s\u00a0 kedvez a k\u00e1rtev\u0151k, gomb\u00e1k \u00e9s mikotoxinok elszaporod\u00e1s\u00e1nak. A gabonah\u0171t\u00e9s c\u00e9lja, hogy a term\u00e9nyt gyorsan stabil, alacsony h\u0151m\u00e9rs\u00e9klet\u0171 t\u00e1rol\u00e1si k\u00f6r\u00fclm\u00e9nyek k\u00f6z\u00e9 hozza, ide\u00e1lisan 15\u00b0C al\u00e1, ami meg\u00e1ll\u00edtja a k\u00e1ros biol\u00f3giai folyamatokat.<\/span><\/p>\n<p><span style=\"font-weight: 400;\">A h\u0171tve t\u00e1rol\u00e1s sz\u00e1mos jelent\u0151s el\u0151nnyel j\u00e1r:<\/span><\/p>\n<ul>\n<li style=\"font-weight: 400;\" aria-level=\"1\"><b>Rovark\u00e1rtev\u0151k \u00e9s gomb\u00e1k elleni v\u00e9delem:<\/b><span style=\"font-weight: 400;\"> Az alacsony h\u0151m\u00e9rs\u00e9klet g\u00e1tolja a rovarok szaporod\u00e1s\u00e1t \u00e9s a pen\u00e9szgomb\u00e1k, valamint az \u00e1ltaluk termelt mikotoxinok kialakul\u00e1s\u00e1t, vegyszeres kezel\u00e9s n\u00e9lk\u00fcl. Ez k\u00fcl\u00f6n\u00f6sen fontos az \u00f6kol\u00f3giai gazd\u00e1lkod\u00e1sban.<\/span><\/li>\n<li style=\"font-weight: 400;\" aria-level=\"1\"><b>Min\u0151s\u00e9gmeg\u0151rz\u00e9s \u00e9s t\u00e1rol\u00e1si id\u0151 n\u00f6vel\u00e9se:<\/b><span style=\"font-weight: 400;\"> Minimaliz\u00e1lja a l\u00e9gz\u00e9sb\u0151l ered\u0151 sz\u00e1razanyag-vesztes\u00e9get, meg\u0151rzi a gabona friss \u00e9rt\u00e9k\u00e9t, sz\u00edn\u00e9t, t\u00e1p\u00e9rt\u00e9k\u00e9t \u00e9s cs\u00edr\u00e1z\u00f3k\u00e9pess\u00e9g\u00e9t. A h\u0171t\u00e9ssel a t\u00e1rol\u00e1si id\u0151 jelent\u0151sen meghosszabb\u00edthat\u00f3.<\/span><\/li>\n<li style=\"font-weight: 400;\" aria-level=\"1\"><b>K\u00f6rnyezetbar\u00e1t megold\u00e1s:<\/b><span style=\"font-weight: 400;\"> A vegyszermentes tart\u00f3s\u00edt\u00e1s hozz\u00e1j\u00e1rul a fenntarthat\u00f3 mez\u0151gazdas\u00e1ghoz \u00e9s cs\u00f6kkenti a k\u00f6rnyezeti terhel\u00e9st.<\/span><\/li>\n<\/ul>\n<p><b>A Klimagem gabonah\u0171t\u0151k: Innov\u00e1ci\u00f3 \u00e9s megb\u00edzhat\u00f3s\u00e1g<\/b><\/p>\n<p><span style=\"font-weight: 400;\">A Klimagem gabonah\u0171t\u0151 berendez\u00e9seket, mint a <\/span><b>Klimagrain<\/b><span style=\"font-weight: 400;\"> sorozatot, \u00fagy tervezt\u00e9k, hogy a gabonaf\u00e9l\u00e9k \u00e9s magvak hossz\u00fa t\u00e1v\u00fa t\u00e1rol\u00e1s\u00e1t eg\u00e9szs\u00e9gesen, organikus m\u00f3don, k\u00f6rnyezetbar\u00e1tan, biztons\u00e1gosan \u00e9s gazdas\u00e1gosan oldj\u00e1k meg. Ezek a rendszerek magas hat\u00e9konys\u00e1g\u00faak \u00e9s alacsony \u00fczemeltet\u00e9si k\u00f6lts\u00e9ggel m\u0171k\u00f6dnek, definit\u00edven megoldva a gabonat\u00e1rol\u00e1ssal kapcsolatos kih\u00edv\u00e1sokat.<\/span><\/p>\n<p><b>F\u0151bb jellemz\u0151k \u00e9s el\u0151ny\u00f6k:<\/b><\/p>\n<ul>\n<li style=\"font-weight: 400;\" aria-level=\"1\"><b>Fejlett technol\u00f3gia \u00e9s dedik\u00e1lt szoftver:<\/b><span style=\"font-weight: 400;\"> A Klimagem g\u00e9pek innovat\u00edvak, minden gabonat\u00edpushoz megfelel\u0151ek.<\/span><\/li>\n<li style=\"font-weight: 400;\" aria-level=\"1\"><b>Id\u0151j\u00e1r\u00e1st\u00f3l f\u00fcggetlen m\u0171k\u00f6d\u00e9s:<\/b><span style=\"font-weight: 400;\"> A be\u00e1raml\u00f3 leveg\u0151t sz\u0171rik \u00e9s leh\u0171tik, mik\u00f6zben a p\u00e1ratartalmat is szab\u00e1lyozz\u00e1k. Az intelligens Hygrotherm technol\u00f3gia felhaszn\u00e1lja a h\u0171t\u00e9s sor\u00e1n keletkez\u0151 energi\u00e1t a leveg\u0151 sz\u00e1r\u00edt\u00e1s\u00e1ra, \u00edgy f\u00fcggetlen\u00fcl a k\u00fcls\u0151 \u00e9ghajlati viszonyokt\u00f3l, optim\u00e1lis t\u00e1rol\u00e1si param\u00e9tereket biztos\u00edtanak.<\/span><\/li>\n<li style=\"font-weight: 400;\" aria-level=\"1\"><b>Energiatakar\u00e9koss\u00e1g:<\/b><span style=\"font-weight: 400;\"> A Klimagem rendszereket \u00fagy tervezt\u00e9k, hogy optimaliz\u00e1lj\u00e1k a fogyaszt\u00e1st \u00e9s jelent\u0151s energiamegtakar\u00edt\u00e1st \u00e9rjenek el.\u00a0<\/span><\/li>\n<\/ul>\n<ul>\n<li style=\"font-weight: 400;\" aria-level=\"1\"><b>Konkr\u00e9t eredm\u00e9nyek:<\/b><span style=\"font-weight: 400;\">\u00a0<\/span>\n<ul>\n<li style=\"font-weight: 400;\" aria-level=\"2\"><span style=\"font-weight: 400;\">Hossz\u00fa t\u00e1von meg\u0151rz\u00f6tt, kiv\u00e1l\u00f3 min\u0151s\u00e9g\u0171 term\u00e9ny.<\/span><\/li>\n<li style=\"font-weight: 400;\" aria-level=\"2\"><span style=\"font-weight: 400;\">R\u00e9szleges sz\u00e1r\u00edt\u00f3 hat\u00e1s a gabon\u00e1n.<\/span><\/li>\n<li style=\"font-weight: 400;\" aria-level=\"2\"><span style=\"font-weight: 400;\">Rovark\u00e1rtev\u0151k (pl. rovarok) tev\u00e9kenys\u00e9g\u00e9nek \u00e9s a gomb\u00e1k, mikotoxinok elszaporod\u00e1s\u00e1nak meg\u00e1ll\u00edt\u00e1sa.<\/span><\/li>\n<\/ul>\n<\/li>\n<\/ul>\n<p><b>Alkalmaz\u00e1si ter\u00fcletek:<\/b><\/p>\n<p><span style=\"font-weight: 400;\">A Klimagem gabonah\u0171t\u0151k sz\u00e9les k\u00f6rben alkalmazhat\u00f3k k\u00fcl\u00f6nb\u00f6z\u0151 gabonaf\u00e9l\u00e9k \u00e9s magvak t\u00e1rol\u00e1s\u00e1ra, mint p\u00e9ld\u00e1ul:<\/span><\/p>\n<ul>\n<li style=\"list-style-type: none;\">\n<ul>\n<li><span style=\"font-weight: 400;\">Sz\u00f3ja<\/span><\/li>\n<li style=\"font-weight: 400;\" aria-level=\"1\"><span style=\"font-weight: 400;\">Kukorica<\/span><\/li>\n<li style=\"font-weight: 400;\" aria-level=\"1\"><span style=\"font-weight: 400;\">B\u00faza<\/span><\/li>\n<li style=\"font-weight: 400;\" aria-level=\"1\"><span style=\"font-weight: 400;\">Rizs<\/span><\/li>\n<li style=\"font-weight: 400;\" aria-level=\"1\"><span style=\"font-weight: 400;\">\u00c1rpa<\/span><\/li>\n<\/ul>\n<\/li>\n<\/ul>\n<p><span style=\"font-weight: 400;\">A Klimagem Standard \u00e9s Custom made modellek lehet\u0151v\u00e9 teszik, hogy a gazd\u00e1lkod\u00f3k megtal\u00e1lj\u00e1k az ig\u00e9nyeiknek legmegfelel\u0151bb megold\u00e1st, legyen sz\u00f3 ak\u00e1r kisebb, ak\u00e1r nagyl\u00e9pt\u00e9k\u0171 t\u00e1rol\u00f3kr\u00f3l.<\/span><\/p>\n<p><b>\u00d6sszegz\u00e9s<\/b><\/p>\n<p><span style=\"font-weight: 400;\">A gabonah\u0171t\u00e9s a modern mez\u0151gazdas\u00e1g elengedhetetlen r\u00e9sze a min\u0151s\u00e9gi term\u00e9nyt\u00e1rol\u00e1s \u00e9s a gazdas\u00e1gi stabilit\u00e1s szempontj\u00e1b\u00f3l. A Klimagem gabonah\u0171t\u0151 berendez\u00e9sek, mint a Klimagrain sorozat, innovat\u00edv technol\u00f3gi\u00e1jukkal, energiatakar\u00e9kos m\u0171k\u00f6d\u00e9s\u00fckkel \u00e9s a term\u00e9ny min\u0151s\u00e9g\u00e9t hossz\u00fa t\u00e1von meg\u0151rz\u0151 k\u00e9pess\u00e9g\u00fckkel kiemelked\u0151 megold\u00e1st k\u00edn\u00e1lnak. A vegyszermentes tart\u00f3s\u00edt\u00e1s, a k\u00e1rtev\u0151k elleni v\u00e9delem \u00e9s a megn\u00f6velt t\u00e1rol\u00e1si id\u0151 mind hozz\u00e1j\u00e1rulnak egy fenntarthat\u00f3bb \u00e9s j\u00f6vedelmez\u0151bb mez\u0151gazdas\u00e1gi termel\u00e9shez.<\/span><\/p>\n\n\t\t<\/div>\n\t\t\t\t\t<\/div>\n\n\t\n\n<\/div>\n\n","protected":false},"excerpt":{"rendered":"","protected":false},"author":2,"featured_media":0,"parent":0,"menu_order":0,"comment_status":"closed","ping_status":"closed","template":"","meta":{"footnotes":""},"class_list":["post-2875","page","type-page","status-publish","hentry"],"translation":{"provider":"WPGlobus","version":"3.0.2","language":"gb","enabled_languages":["hu","gb","ro"],"languages":{"hu":{"title":true,"content":true,"excerpt":false},"gb":{"title":false,"content":false,"excerpt":false},"ro":{"title":false,"content":false,"excerpt":false}}},"_links":{"self":[{"href":"https:\/\/sintegroup.hu\/gb\/wp-json\/wp\/v2\/pages\/2875","targetHints":{"allow":["GET"]}}],"collection":[{"href":"https:\/\/sintegroup.hu\/gb\/wp-json\/wp\/v2\/pages"}],"about":[{"href":"https:\/\/sintegroup.hu\/gb\/wp-json\/wp\/v2\/types\/page"}],"author":[{"embeddable":true,"href":"https:\/\/sintegroup.hu\/gb\/wp-json\/wp\/v2\/users\/2"}],"replies":[{"embeddable":true,"href":"https:\/\/sintegroup.hu\/gb\/wp-json\/wp\/v2\/comments?post=2875"}],"version-history":[{"count":7,"href":"https:\/\/sintegroup.hu\/gb\/wp-json\/wp\/v2\/pages\/2875\/revisions"}],"predecessor-version":[{"id":2887,"href":"https:\/\/sintegroup.hu\/gb\/wp-json\/wp\/v2\/pages\/2875\/revisions\/2887"}],"wp:attachment":[{"href":"https:\/\/sintegroup.hu\/gb\/wp-json\/wp\/v2\/media?parent=2875"}],"curies":[{"name":"wp","href":"https:\/\/api.w.org\/{rel}","templated":true}]}}