{"id":3027,"date":"2026-02-26T11:29:59","date_gmt":"2026-02-26T11:29:59","guid":{"rendered":"https:\/\/sintegroup.hu\/?page_id=3027"},"modified":"2026-02-27T07:30:29","modified_gmt":"2026-02-27T07:30:29","slug":"megbizhatoserlegesfelhordok","status":"publish","type":"page","link":"https:\/\/sintegroup.hu\/gb\/megbizhatoserlegesfelhordok\/","title":{"rendered":"Megb\u00edzhat\u00f3 serleges felhord\u00f3k"},"content":{"rendered":"\n<div class=\"row\"  id=\"row-1433225702\">\n\n\n\t<div id=\"col-1655796813\" class=\"col small-12 large-12\"  >\n\t\t\t\t<div class=\"col-inner\"  >\n\t\t\t\n\t\t\t\n\n<div class=\"row\"  id=\"row-991224962\">\n\n\n\t<div id=\"col-105076720\" class=\"col small-12 large-12\"  >\n\t\t\t\t<div class=\"col-inner\"  >\n\t\t\t\n\t\t\t\n\n<h1>\u00a0<\/h1>\n<h1 style=\"text-align: center;\"><strong>Kevesebb karbantart\u00e1s, hosszabb \u00e9lettartam \u2013<\/strong> <strong>a serleges felhord\u00f3 megb\u00edzhat\u00f3s\u00e1ga a hevedern\u00e9l kezd\u0151dik<\/strong><\/h1>\n<p>Egy el\u0151z\u0151 h\u00edrlevel\u00fcnkben m\u00e1r felh\u00edvtuk a figyelm\u00e9t arra, hogy versenyk\u00e9pes \u00e1ron k\u00edn\u00e1lunk l\u00e1ncos sz\u00e1ll\u00edt\u00f3kat (r\u00e9dlereket), serleges felvon\u00f3kat \u00e9s sz\u00e1ll\u00edt\u00f3szalagokat.<br \/>Most tov\u00e1bb megy\u00fcnk egy l\u00e9p\u00e9ssel \u2013 <strong>Tud\u00e1st\u00e1runkban<\/strong> megmutatjuk, hogyan v\u00e1lasszon j\u00f3l, \u00e9s mire \u00e9rdemes figyelni a hossz\u00fa t\u00e1v\u00fa, megb\u00edzhat\u00f3 m\u0171k\u00f6d\u00e9s \u00e9rdek\u00e9ben.<\/p>\n<p><strong>\u00a0<\/strong><\/p>\n<p>A serleges felvon\u00f3k a term\u00e9nyt\u00e1rol\u00f3 \u00e9s feldolgoz\u00f3 \u00fczemek \u201ecsendes munk\u00e1sai\u201d. Sokszor csak akkor ker\u00fclnek a figyelem k\u00f6z\u00e9ppontj\u00e1ba, amikor valami probl\u00e9ma ad\u00f3dik \u2013 pedig a megb\u00edzhat\u00f3 m\u0171k\u00f6d\u00e9s\u00fck alapja egy j\u00f3l megv\u00e1lasztott \u00e9s szakszer\u0171en be\u00e9p\u00edtett gumiheveder. \u00c9ppen ez\u00e9rt \u00e9rdemes tudatosan d\u00f6nteni a kiv\u00e1laszt\u00e1skor, mert <strong>a megfelel\u0151 heveder hossz\u00fa \u00e9vekre biztos\u00edthatja a stabil \u00fczemel\u00e9st<\/strong>.<\/p>\n<p>Az els\u0151 k\u00e9rd\u00e9s, amit \u00e9rdemes \u00e1tgondolni: <strong>milyen term\u00e9nyt fog sz\u00e1ll\u00edtani a felhord\u00f3?<\/strong> Ha <strong>olajos magvakkal<\/strong> \u2013 p\u00e9ld\u00e1ul napraforg\u00f3val, repc\u00e9vel vagy sz\u00f3j\u00e1val \u2013 dolgozunk, akkor elengedhetetlen az <strong>olaj\u00e1ll\u00f3 kivitel\u0171<\/strong> gumiheveder. Az olaj ugyanis id\u0151vel megt\u00e1madhatja a nem megfelel\u0151 gumikever\u00e9ket: a heveder megduzzadhat, megl\u00e1gyulhat, elvesz\u00edtheti tart\u00e1s\u00e1t. Ez nem egyik napr\u00f3l a m\u00e1sikra t\u00f6rt\u00e9nik, de jelent\u0151sen ler\u00f6vid\u00edtheti az \u00e9lettartamot. Az olaj\u00e1ll\u00f3 v\u00e1ltozat viszont ellen\u00e1ll ezeknek a hat\u00e1soknak, \u00e9s hossz\u00fa t\u00e1von biztons\u00e1gosabb megold\u00e1st jelent.<\/p>\n\n\t\t<\/div>\n\t\t\t\t\t<\/div>\n\n\t\n\n<\/div>\n<div class=\"row align-middle align-center\"  id=\"row-1423564739\">\n\n\n\t<div id=\"col-305150564\" class=\"col medium-6 small-12 large-6\"  >\n\t\t\t\t<div class=\"col-inner\"  >\n\t\t\t\n\t\t\t\n\n\t<div class=\"img has-hover x md-x lg-x y md-y lg-y\" id=\"image_1199201139\">\n\t\t\t\t\t\t\t\t<div class=\"img-inner dark\" >\n\t\t\t<img loading=\"lazy\" decoding=\"async\" width=\"668\" height=\"501\" src=\"https:\/\/sintegroup.hu\/wp-content\/uploads\/2026\/02\/Kep3.jpg\" class=\"attachment-large size-large\" alt=\"\" srcset=\"https:\/\/sintegroup.hu\/wp-content\/uploads\/2026\/02\/Kep3.jpg 668w, https:\/\/sintegroup.hu\/wp-content\/uploads\/2026\/02\/Kep3-300x225.jpg 300w\" sizes=\"auto, (max-width: 668px) 100vw, 668px\" \/>\t\t\t\t\t\t\n\t\t\t\t\t<\/div>\n\t\t\t\t\t\t\t\t\n<style>\n#image_1199201139 {\n  width: 57%;\n}\n<\/style>\n\t<\/div>\n\t\n\n\n\t\t<\/div>\n\t\t\t\t\t<\/div>\n\n\t\n\n\t<div id=\"col-1685278488\" class=\"col medium-6 small-12 large-6\"  >\n\t\t\t\t<div class=\"col-inner\"  >\n\t\t\t\n\t\t\t\n\n\t<div class=\"img has-hover x md-x lg-x y md-y lg-y\" id=\"image_415112617\">\n\t\t\t\t\t\t\t\t<div class=\"img-inner dark\" >\n\t\t\t<img loading=\"lazy\" decoding=\"async\" width=\"969\" height=\"728\" src=\"https:\/\/sintegroup.hu\/wp-content\/uploads\/2026\/02\/serlegkanal-1.jpg\" class=\"attachment-large size-large\" alt=\"\" srcset=\"https:\/\/sintegroup.hu\/wp-content\/uploads\/2026\/02\/serlegkanal-1.jpg 969w, https:\/\/sintegroup.hu\/wp-content\/uploads\/2026\/02\/serlegkanal-1-300x225.jpg 300w, https:\/\/sintegroup.hu\/wp-content\/uploads\/2026\/02\/serlegkanal-1-768x577.jpg 768w\" sizes=\"auto, (max-width: 969px) 100vw, 969px\" \/>\t\t\t\t\t\t\n\t\t\t\t\t<\/div>\n\t\t\t\t\t\t\t\t\n<style>\n#image_415112617 {\n  width: 57%;\n}\n<\/style>\n\t<\/div>\n\t\n\n\n\t\t<\/div>\n\t\t\t\t\t<\/div>\n\n\t\n\n<\/div>\n<div class=\"row\"  id=\"row-203236741\">\n\n\n\t<div id=\"col-1017231774\" class=\"col small-12 large-12\"  >\n\t\t\t\t<div class=\"col-inner\"  >\n\t\t\t\n\t\t\t\n\n<p>Legal\u00e1bb ilyen fontos szempont az <strong>alacsony ny\u00fal\u00e1si<\/strong> t\u00e9nyez\u0151. A heveder folyamatos terhel\u00e9s alatt dolgozik, \u00e9s ha az anyaga t\u00falzottan megny\u00falik, az \u00e1lland\u00f3 ut\u00e1n fesz\u00edt\u00e9st ig\u00e9nyel. Ez nemcsak plusz munka, hanem pontatlan fut\u00e1st \u00e9s gyorsabb kop\u00e1st is eredm\u00e9nyezhet. Egy stabil szerkezet\u0171, alacsony ny\u00fal\u00e1s\u00fa heveder egyenletesebb m\u0171k\u00f6d\u00e9st biztos\u00edt \u00e9s kevesebb karbantart\u00e1st ig\u00e9nyel. Ez k\u00fcl\u00f6n\u00f6sen nagy teljes\u00edtm\u00e9ny\u0171 rendszerekn\u00e9l jelent komoly el\u0151nyt, mivel a hagyom\u00e1nyos heveder h\u00e1rom l\u00e9pcs\u0151s fesz\u00edt\u00e9si munkaf\u00e1zisa egyetlen megfelel\u0151 beal\u00edt\u00e1ssal elv\u00e9gezhet\u0151v\u00e9 v\u00e1lik.<\/p>\n<p>Sokan nem gondolnak r\u00e1, de a heveder bels\u0151 fel\u00e9p\u00edt\u00e9se \u2013 vagyis a <strong>sz\u00f6vetr\u00e9tegek sz\u00e1ma<\/strong> \u00e9s <strong>min\u0151s\u00e9ge<\/strong> \u2013 szint\u00e9n meghat\u00e1roz\u00f3. Ezek a r\u00e9tegek adj\u00e1k a heveder szak\u00edt\u00f3szil\u00e1rds\u00e1g\u00e1t hosszanti stabilit\u00e1s\u00e1t \u00e9s a terhel\u00e9s egyenletes eloszt\u00e1s\u00e1t. Ha t\u00fal kev\u00e9s vagy nem megfelel\u0151 sz\u00e1lsz\u00f6v\u00f6tt a r\u00e9teg, a szalag nem lesz kell\u0151en stabil. Ha indokolatlanul sok, az f\u00f6l\u00f6sleges t\u00f6bbletk\u00f6lts\u00e9get jelenthet. A megfelel\u0151 r\u00e9tegrend kiv\u00e1laszt\u00e1sa mindig az adott \u00fczem teljes\u00edtm\u00e9ny\u00e9hez, az emel\u00e9si magass\u00e1ghoz \u00e9s a sz\u00e1ll\u00edtott term\u00e9ny s\u00faly\u00e1hoz igazodik.<\/p>\n<p>A serlegkanalak r\u00f6gz\u00edt\u00e9s\u00e9hez sz\u00fcks\u00e9ges <strong>furatok kialak\u00edt\u00e1sa<\/strong> is befoly\u00e1solja a v\u00e9geredm\u00e9nyt. A gy\u00e1ri lyukaszt\u00e1s pontos, egyenletes oszt\u00e1st\u00e1vols\u00e1got biztos\u00edt, \u00e9s jelent\u0151sen ler\u00f6vid\u00edti a szerel\u00e9si id\u0151t. Nem kell a helysz\u00ednen m\u00e9rni, jel\u00f6lni, hib\u00e1zni \u2013 minden furat a megfelel\u0151 helyen van \u00e9s a megfelel\u0151 csavar\u00e1tm\u00e9r\u0151h\u00f6z igazodik. Ez nemcsak k\u00e9nyelmesebb, hanem hossz\u00fa t\u00e1von gazdas\u00e1gosabb megold\u00e1s is.<\/p>\n<p>A be\u00e9p\u00edt\u00e9sn\u00e9l gyakran el\u0151fordul\u00f3 hiba a <strong>heveder helytelen bef\u0171z\u00e9se<\/strong>. Az \u00faj gener\u00e1ci\u00f3s hevederek egyik oldal\u00e1n egy vastagabb gumi <strong>koptat\u00f3r\u00e9teg<\/strong> tal\u00e1lhat\u00f3. Ennek a r\u00e9tegnek kell a meghajt\u00f3- \u00e9s fesz\u00edt\u0151dobok fel\u00e9 ker\u00fclnie, mivel a meghib\u00e1sod\u00e1sok \u00e9s id\u0151 el\u0151tti kop\u00e1sok d\u00f6nt\u0151 t\u00f6bbs\u00e9ge a szalag h\u00e1toldal\u00e1n jelentkeznek, ahol nagyobb a terhel\u00e9s. Ha ford\u00edtva ker\u00fcl be\u00e9p\u00edt\u00e9sre, a heveder gyorsabban kopik, romlik a tapad\u00e1s, \u00e9s cs\u00f6kken az \u00e9lettartam. Egy apr\u00f3 figyelmetlens\u00e9g komoly k\u00f6vetkezm\u00e9nyekkel j\u00e1rhat, ez\u00e9rt erre k\u00fcl\u00f6n\u00f6sen \u00e9rdemes odafigyelni.<\/p>\n<p>A <strong>heveder illeszt\u00e9se<\/strong> szint\u00e9n kulcsk\u00e9rd\u00e9s. A gy\u00e1ri v\u00e9gtelen\u00edt\u0151kkel ell\u00e1tott hevederek egyenletesebben futnak, kevesebb vibr\u00e1ci\u00f3t okoznak, \u00e9s tart\u00f3sabbak. A pontos fut\u00e1s nemcsak a heveder, hanem az eg\u00e9sz berendez\u00e9s \u00e9lettartam\u00e1t n\u00f6veli. Ez k\u00fcl\u00f6n\u00f6sen fontos folyamatos \u00fczemben dolgoz\u00f3 rendszerekn\u00e9l.<\/p>\n<p>Term\u00e9szetesen a heveder \u00f6nmag\u00e1ban nem m\u0171k\u00f6dik \u2013 a hozz\u00e1 tartoz\u00f3 <strong>serlegkanalak kiv\u00e1laszt\u00e1sa<\/strong> ugyanilyen jelent\u0151s. A kan\u00e1l m\u00e9rete, form\u00e1ja \u00e9s anyaga mindig a sz\u00e1ll\u00edtott term\u00e9nyhez \u00e9s az elv\u00e1rt teljes\u00edtm\u00e9nyhez igazodjon. M\u00e1s kialak\u00edt\u00e1s sz\u00fcks\u00e9ges p\u00e9ld\u00e1ul k\u00f6nny\u0171 gabon\u00e1khoz, \u00e9s m\u00e1s nagyobb szemcs\u00e9j\u0171 vagy nedvesebb anyagokhoz. A j\u00f3l megv\u00e1lasztott serlegkan\u00e1l hozz\u00e1j\u00e1rul a hat\u00e9kony anyagfelv\u00e9telhez \u00e9s a biztons\u00e1gos \u00fcr\u00edt\u00e9shez.<\/p>\n<p>A biztons\u00e1got tov\u00e1bb n\u00f6veli az <strong>oldalfut\u00e1s-\u00e9rz\u00e9kel\u0151 be\u00e9p\u00edt\u00e9se<\/strong>. Ha a heveder oldalir\u00e1nyban elmozdul, az komoly k\u00e1rokat okozhat: s\u00e9r\u00fclhet a szalag, leszakadhatnak a serlegek, s\u0151t ak\u00e1r t\u0171zvesz\u00e9lyes helyzet is kialakulhat. Az \u00e9rz\u00e9kel\u0151 id\u0151ben jelzi a probl\u00e9m\u00e1t, \u00edgy megel\u0151zhet\u0151k a nagyobb meghib\u00e1sod\u00e1sok \u00e9s az \u00fczemkies\u00e9s.<\/p>\n<p>\u00d6sszess\u00e9g\u00e9ben elmondhat\u00f3, hogy a serleges felhord\u00f3 heveder\u00e9nek kiv\u00e1laszt\u00e1sa nem puszt\u00e1n egy alkatr\u00e9sz beszerz\u00e9se. Ez egy tudatos d\u00f6nt\u00e9s, amely hossz\u00fa t\u00e1von meghat\u00e1rozza a berendez\u00e9s \u00fczembiztons\u00e1g\u00e1t \u00e9s gazdas\u00e1gos m\u0171k\u00f6d\u00e9s\u00e9t. A megfelel\u0151 olaj\u00e1ll\u00f3s\u00e1g, a stabil szerkezet, a gy\u00e1ri lyukaszt\u00e1s \u00e9s v\u00e9gtelen\u00edt\u00e9s, a helyes bef\u0171z\u00e9s, valamint a gondosan kiv\u00e1lasztott serlegkanalak \u00e9s biztons\u00e1gi elemek mind hozz\u00e1j\u00e1rulnak a megb\u00edzhat\u00f3 m\u0171k\u00f6d\u00e9shez.<\/p>\n<p>K\u00e9rd\u00e9sek, m\u0171szaki egyeztet\u00e9s vagy beszerz\u00e9si ig\u00e9ny eset\u00e9n forduljanak bizalommal a\u00a0<strong>Sinte Group Zrt. szakembereihez<\/strong>, akik k\u00e9szs\u00e9ggel seg\u00edtenek az adott \u00fczem sz\u00e1m\u00e1ra legmegfelel\u0151bb megold\u00e1s kiv\u00e1laszt\u00e1s\u00e1ban.<\/p>\n<p>\u00a0<\/p>\n<p>\u00a0<\/p>\n<p>.<\/p>\n<div class=\"row\"  id=\"row-2102667124\">\n\n\n\t<div id=\"col-1572178211\" class=\"col medium-4 small-12 large-4\"  >\n\t\t\t\t<div class=\"col-inner\"  >\n\t\t\t\n\t\t\t\n\n\t<div class=\"img has-hover x md-x lg-x y md-y lg-y\" id=\"image_1168416187\">\n\t\t\t\t\t\t\t\t<div class=\"img-inner dark\" >\n\t\t\t<img loading=\"lazy\" decoding=\"async\" width=\"768\" height=\"1024\" src=\"https:\/\/sintegroup.hu\/wp-content\/uploads\/2026\/02\/637258995_901475059193564_2676821423193908591_n-768x1024.jpg\" class=\"attachment-large size-large\" alt=\"\" srcset=\"https:\/\/sintegroup.hu\/wp-content\/uploads\/2026\/02\/637258995_901475059193564_2676821423193908591_n-768x1024.jpg 768w, https:\/\/sintegroup.hu\/wp-content\/uploads\/2026\/02\/637258995_901475059193564_2676821423193908591_n-225x300.jpg 225w, https:\/\/sintegroup.hu\/wp-content\/uploads\/2026\/02\/637258995_901475059193564_2676821423193908591_n-1152x1536.jpg 1152w, https:\/\/sintegroup.hu\/wp-content\/uploads\/2026\/02\/637258995_901475059193564_2676821423193908591_n.jpg 1536w\" sizes=\"auto, (max-width: 768px) 100vw, 768px\" \/>\t\t\t\t\t\t\n\t\t\t\t\t<\/div>\n\t\t\t\t\t\t\t\t\n<style>\n#image_1168416187 {\n  width: 68%;\n}\n<\/style>\n\t<\/div>\n\t\n\n\n\t\t<\/div>\n\t\t\t\t\t<\/div>\n\n\t\n\n\t<div id=\"col-196812979\" class=\"col medium-4 small-12 large-4\"  >\n\t\t\t\t<div class=\"col-inner\"  >\n\t\t\t\n\t\t\t\n\n\t<div class=\"img has-hover x md-x lg-x y md-y lg-y\" id=\"image_1753880475\">\n\t\t\t\t\t\t\t\t<div class=\"img-inner dark\" >\n\t\t\t<img loading=\"lazy\" decoding=\"async\" width=\"1020\" height=\"765\" src=\"https:\/\/sintegroup.hu\/wp-content\/uploads\/2026\/02\/642359173_942882491485856_7501718752799596894_n-1024x768.jpg\" class=\"attachment-large size-large\" alt=\"\" srcset=\"https:\/\/sintegroup.hu\/wp-content\/uploads\/2026\/02\/642359173_942882491485856_7501718752799596894_n-1024x768.jpg 1024w, https:\/\/sintegroup.hu\/wp-content\/uploads\/2026\/02\/642359173_942882491485856_7501718752799596894_n-300x225.jpg 300w, https:\/\/sintegroup.hu\/wp-content\/uploads\/2026\/02\/642359173_942882491485856_7501718752799596894_n-768x576.jpg 768w, https:\/\/sintegroup.hu\/wp-content\/uploads\/2026\/02\/642359173_942882491485856_7501718752799596894_n-1536x1152.jpg 1536w, https:\/\/sintegroup.hu\/wp-content\/uploads\/2026\/02\/642359173_942882491485856_7501718752799596894_n.jpg 2048w\" sizes=\"auto, (max-width: 1020px) 100vw, 1020px\" \/>\t\t\t\t\t\t\n\t\t\t\t\t<\/div>\n\t\t\t\t\t\t\t\t\n<style>\n#image_1753880475 {\n  width: 100%;\n}\n<\/style>\n\t<\/div>\n\t\n\n\n\t\t<\/div>\n\t\t\t\t\t<\/div>\n\n\t\n\n\t<div id=\"col-119308600\" class=\"col medium-4 small-12 large-4\"  >\n\t\t\t\t<div class=\"col-inner\"  >\n\t\t\t\n\t\t\t\n\n\t<div class=\"img has-hover x md-x lg-x y md-y lg-y\" id=\"image_1057131712\">\n\t\t\t\t\t\t\t\t<div class=\"img-inner dark\" >\n\t\t\t<img loading=\"lazy\" decoding=\"async\" width=\"768\" height=\"1024\" src=\"https:\/\/sintegroup.hu\/wp-content\/uploads\/2026\/02\/639841824_708909098883769_7619234857023829166_n-768x1024.jpg\" class=\"attachment-large size-large\" alt=\"\" srcset=\"https:\/\/sintegroup.hu\/wp-content\/uploads\/2026\/02\/639841824_708909098883769_7619234857023829166_n-768x1024.jpg 768w, https:\/\/sintegroup.hu\/wp-content\/uploads\/2026\/02\/639841824_708909098883769_7619234857023829166_n-225x300.jpg 225w, https:\/\/sintegroup.hu\/wp-content\/uploads\/2026\/02\/639841824_708909098883769_7619234857023829166_n-1152x1536.jpg 1152w, https:\/\/sintegroup.hu\/wp-content\/uploads\/2026\/02\/639841824_708909098883769_7619234857023829166_n.jpg 1536w\" sizes=\"auto, (max-width: 768px) 100vw, 768px\" \/>\t\t\t\t\t\t\n\t\t\t\t\t<\/div>\n\t\t\t\t\t\t\t\t\n<style>\n#image_1057131712 {\n  width: 72%;\n}\n<\/style>\n\t<\/div>\n\t\n\n\n\t\t<\/div>\n\t\t\t\t\t<\/div>\n\n\t\n\n<\/div>\n\n\t\t<\/div>\n\t\t\t\t\t<\/div>\n\n\t\n\n<\/div>\n\n\t\t<\/div>\n\t\t\t\t\t<\/div>\n\n\t\n\n<\/div>\n\n","protected":false},"excerpt":{"rendered":"","protected":false},"author":5,"featured_media":0,"parent":0,"menu_order":0,"comment_status":"closed","ping_status":"closed","template":"","meta":{"footnotes":""},"class_list":["post-3027","page","type-page","status-publish","hentry"],"translation":{"provider":"WPGlobus","version":"3.0.2","language":"gb","enabled_languages":["hu","gb","ro"],"languages":{"hu":{"title":true,"content":true,"excerpt":false},"gb":{"title":false,"content":false,"excerpt":false},"ro":{"title":false,"content":false,"excerpt":false}}},"_links":{"self":[{"href":"https:\/\/sintegroup.hu\/gb\/wp-json\/wp\/v2\/pages\/3027","targetHints":{"allow":["GET"]}}],"collection":[{"href":"https:\/\/sintegroup.hu\/gb\/wp-json\/wp\/v2\/pages"}],"about":[{"href":"https:\/\/sintegroup.hu\/gb\/wp-json\/wp\/v2\/types\/page"}],"author":[{"embeddable":true,"href":"https:\/\/sintegroup.hu\/gb\/wp-json\/wp\/v2\/users\/5"}],"replies":[{"embeddable":true,"href":"https:\/\/sintegroup.hu\/gb\/wp-json\/wp\/v2\/comments?post=3027"}],"version-history":[{"count":6,"href":"https:\/\/sintegroup.hu\/gb\/wp-json\/wp\/v2\/pages\/3027\/revisions"}],"predecessor-version":[{"id":3045,"href":"https:\/\/sintegroup.hu\/gb\/wp-json\/wp\/v2\/pages\/3027\/revisions\/3045"}],"wp:attachment":[{"href":"https:\/\/sintegroup.hu\/gb\/wp-json\/wp\/v2\/media?parent=3027"}],"curies":[{"name":"wp","href":"https:\/\/api.w.org\/{rel}","templated":true}]}}