{"id":3064,"date":"2026-03-18T12:59:01","date_gmt":"2026-03-18T12:59:01","guid":{"rendered":"https:\/\/sintegroup.hu\/?page_id=3064"},"modified":"2026-03-18T13:07:38","modified_gmt":"2026-03-18T13:07:38","slug":"surrantocsovek","status":"publish","type":"page","link":"https:\/\/sintegroup.hu\/gb\/surrantocsovek\/","title":{"rendered":"Energia n\u00e9lk\u00fcl, maxim\u00e1lis hat\u00e9konys\u00e1ggal \u2013 a gravit\u00e1ci\u00f3s anyagmozgat\u00e1s ereje a gabonaiparban"},"content":{"rendered":"\n<div class=\"row\"  id=\"row-1739626207\">\n\n\n\t<div id=\"col-1145591689\" class=\"col small-12 large-12\"  >\n\t\t\t\t<div class=\"col-inner\"  >\n\t\t\t\n\t\t\t\n\n<div class=\"row\"  id=\"row-291844443\">\n\n\n\t<div id=\"col-1468785302\" class=\"col small-12 large-12\"  >\n\t\t\t\t<div class=\"col-inner\"  >\n\t\t\t\n\t\t\t\n\n<h1 style=\"text-align: center;\">\u00a0<\/h1>\n<h1 style=\"text-align: center;\"><strong>Energia n\u00e9lk\u00fcl, maxim\u00e1lis hat\u00e9konys\u00e1ggal \u2013 a gravit\u00e1ci\u00f3s anyagmozgat\u00e1s ereje a gabonaiparban<\/strong><\/h1>\n<p>A gabonaiparban a gyors, megb\u00edzhat\u00f3 \u00e9s k\u00f6lts\u00e9ghat\u00e9kony m\u0171k\u00f6d\u00e9s egyik alapfelt\u00e9tele az anyagmozgat\u00e1s megfelel\u0151 kialak\u00edt\u00e1sa. Ebben egyre nagyobb szerepet kapnak a gravit\u00e1ci\u00f3s elven m\u0171k\u00f6d\u0151 surrant\u00f3cs\u00f6ves rendszerek, amelyek egyszer\u0171 fel\u00e9p\u00edt\u00e9s\u00fck mellett k\u00e9pesek folyamatos \u00e9s \u00fczembiztos anyag\u00e1raml\u00e1st biztos\u00edtani \u2013 k\u00fcls\u0151 energiafelhaszn\u00e1l\u00e1s n\u00e9lk\u00fcl.<\/p>\n<p>A sz\u00e1ll\u00edt\u00f3cs\u00f6vek m\u0171k\u00f6d\u00e9s\u00e9nek alapja a gravit\u00e1ci\u00f3, amely megfelel\u0151 tervez\u00e9s eset\u00e9n egyenletes \u00e9s akad\u00e1lymentes anyagmozg\u00e1st tesz lehet\u0151v\u00e9 a technol\u00f3giai pontok k\u00f6z\u00f6tt. A rendszer azonban nem csup\u00e1n cs\u00f6vekb\u0151l \u00e1ll: a k\u00fcl\u00f6nb\u00f6z\u0151 kieg\u00e9sz\u00edt\u0151 elemek egy\u00fcttese biztos\u00edtja az ir\u00e1ny\u00edtott \u00e9s szab\u00e1lyozott m\u0171k\u00f6d\u00e9st. A surrant\u00f3 cs\u00f6vek a term\u00e9ny tov\u00e1bb\u00edt\u00e1s\u00e1t v\u00e9gzik, m\u00edg a sz\u00f6gidomok az ir\u00e1nyv\u00e1lt\u00e1st teszik lehet\u0151v\u00e9. Ezeken a pontokon jelentkezik a legnagyobb mechanikai ig\u00e9nybev\u00e9tel, ez\u00e9rt a kop\u00e1s \u00e9s a szemk\u00e1rosod\u00e1s kock\u00e1zata is itt a legjelent\u0151sebb. Nagyobb es\u00e9si magass\u00e1gok eset\u00e9n magzs\u00e1kok \u00e9s magf\u00e9kek alkalmaz\u00e1s\u00e1val cs\u00f6kkenthet\u0151 az anyag mozg\u00e1si energi\u00e1ja, ami hozz\u00e1j\u00e1rul a term\u00e9ny min\u0151s\u00e9g\u00e9nek meg\u0151rz\u00e9s\u00e9hez. Az \u00fatv\u00e1lt\u00f3k az anyag t\u00f6bb ir\u00e1nyba t\u00f6rt\u00e9n\u0151 eloszt\u00e1s\u00e1t teszik lehet\u0151v\u00e9, \u00e9s a korszer\u0171 rendszerekben m\u00e1r automatiz\u00e1lt vez\u00e9rl\u00e9s al\u00e1 is vonhat\u00f3k.<\/p>\n<p>A cs\u0151p\u00e1lya megtervez\u00e9se sor\u00e1n az egyik legfontosabb szempont a megfelel\u0151 lejt\u00e9ssz\u00f6g megv\u00e1laszt\u00e1sa. A tapasztalatok szerint gabonaf\u00e9l\u00e9k eset\u00e9ben a 38\u201345\u00b0 k\u00f6z\u00f6tti tartom\u00e1ny biztos\u00edtja az egyenletes anyag\u00e1raml\u00e1st, m\u00edg finomabb szemcs\u00e9j\u0171 vagy porosabb anyagokn\u00e1l enn\u00e9l meredekebb kialak\u00edt\u00e1s is indokolt lehet. A t\u00fal lapos sz\u00f6g torl\u00f3d\u00e1shoz vezethet, m\u00edg a t\u00fal meredek p\u00e1lya n\u00f6veli a szemk\u00e1rosod\u00e1s \u00e9s a kop\u00e1s m\u00e9rt\u00e9k\u00e9t. <br \/>A rendszer m\u00e9retez\u00e9se mindig az elv\u00e1rt teljes\u00edtm\u00e9nyhez igazodik. A megfelel\u0151 cs\u0151\u00e1tm\u00e9r\u0151 \u00e9s az elemek helyes kiv\u00e1laszt\u00e1sa biztos\u00edtja, hogy az anyag\u00e1ram egyenletes maradjon, \u00e9s ne alakuljanak ki sz\u0171k keresztmetszetek. A nem megfelel\u0151en m\u00e9retezett rendszer hossz\u00fa t\u00e1von nemcsak hat\u00e9konys\u00e1gveszt\u00e9st, hanem fokozott kop\u00e1st is eredm\u00e9nyezhet.<\/p>\n<p><br \/>A cs\u0151vezet\u00e9kek kialak\u00edt\u00e1sa \u00e9s anyaghaszn\u00e1lata meghat\u00e1roz\u00f3 a rendszer \u00e9lettartama szempontj\u00e1b\u00f3l. A k\u00f6r keresztmetszet\u0171 cs\u00f6vek kedvez\u0151 \u00e1raml\u00e1si viszonyokat biztos\u00edtanak, ez\u00e9rt \u00e1ltal\u00e1nosan elterjedtek, m\u00edg a sz\u00f6gletes kialak\u00edt\u00e1s bizonyos esetekben \u2013 p\u00e9ld\u00e1ul cser\u00e9lhet\u0151 kop\u00f3elemek alkalmaz\u00e1sakor \u2013 jelenthet el\u0151nyt.<\/p>\n\n\t\t<\/div>\n\t\t\t\t\t<\/div>\n\n\t\n\n<\/div>\n<div class=\"row align-middle align-center\"  id=\"row-861514292\">\n\n\n\t<div id=\"col-504828595\" class=\"col medium-6 small-12 large-6\"  >\n\t\t\t\t<div class=\"col-inner\"  >\n\t\t\t\n\t\t\t\n\n\t<div class=\"img has-hover x md-x lg-x y md-y lg-y\" id=\"image_1924746889\">\n\t\t\t\t\t\t\t\t<div class=\"img-inner dark\" >\n\t\t\t<img loading=\"lazy\" decoding=\"async\" width=\"1020\" height=\"469\" src=\"https:\/\/sintegroup.hu\/wp-content\/uploads\/2026\/03\/IMG_20260304_085600-1024x471.jpg\" class=\"attachment-large size-large\" alt=\"\" srcset=\"https:\/\/sintegroup.hu\/wp-content\/uploads\/2026\/03\/IMG_20260304_085600-1024x471.jpg 1024w, https:\/\/sintegroup.hu\/wp-content\/uploads\/2026\/03\/IMG_20260304_085600-300x138.jpg 300w, https:\/\/sintegroup.hu\/wp-content\/uploads\/2026\/03\/IMG_20260304_085600-768x353.jpg 768w, https:\/\/sintegroup.hu\/wp-content\/uploads\/2026\/03\/IMG_20260304_085600-1536x707.jpg 1536w, https:\/\/sintegroup.hu\/wp-content\/uploads\/2026\/03\/IMG_20260304_085600-2048x942.jpg 2048w\" sizes=\"auto, (max-width: 1020px) 100vw, 1020px\" \/>\t\t\t\t\t\t\n\t\t\t\t\t<\/div>\n\t\t\t\t\t\t\t\t\n<style>\n#image_1924746889 {\n  width: 82%;\n}\n<\/style>\n\t<\/div>\n\t\n\n\n\t\t<\/div>\n\t\t\t\t\t<\/div>\n\n\t\n\n\t<div id=\"col-305143519\" class=\"col medium-6 small-12 large-6\"  >\n\t\t\t\t<div class=\"col-inner\"  >\n\t\t\t\n\t\t\t\n\n\t<div class=\"img has-hover x md-x lg-x y md-y lg-y\" id=\"image_2024145326\">\n\t\t\t\t\t\t\t\t<div class=\"img-inner dark\" >\n\t\t\t<img loading=\"lazy\" decoding=\"async\" width=\"1020\" height=\"469\" src=\"https:\/\/sintegroup.hu\/wp-content\/uploads\/2026\/03\/IMG_20260304_085504-1024x471.jpg\" class=\"attachment-large size-large\" alt=\"\" srcset=\"https:\/\/sintegroup.hu\/wp-content\/uploads\/2026\/03\/IMG_20260304_085504-1024x471.jpg 1024w, https:\/\/sintegroup.hu\/wp-content\/uploads\/2026\/03\/IMG_20260304_085504-300x138.jpg 300w, https:\/\/sintegroup.hu\/wp-content\/uploads\/2026\/03\/IMG_20260304_085504-768x353.jpg 768w, https:\/\/sintegroup.hu\/wp-content\/uploads\/2026\/03\/IMG_20260304_085504-1536x707.jpg 1536w, https:\/\/sintegroup.hu\/wp-content\/uploads\/2026\/03\/IMG_20260304_085504-2048x942.jpg 2048w\" sizes=\"auto, (max-width: 1020px) 100vw, 1020px\" \/>\t\t\t\t\t\t\n\t\t\t\t\t<\/div>\n\t\t\t\t\t\t\t\t\n<style>\n#image_2024145326 {\n  width: 82%;\n}\n<\/style>\n\t<\/div>\n\t\n\n\n\t\t<\/div>\n\t\t\t\t\t<\/div>\n\n\t\n\n<\/div>\n<div class=\"row\"  id=\"row-77476786\">\n\n\n\t<div id=\"col-602850993\" class=\"col small-12 large-12\"  >\n\t\t\t\t<div class=\"col-inner\"  >\n\t\t\t\n\t\t\t\n\n<p>A kop\u00e1s elleni v\u00e9delem t\u00f6bb szinten val\u00f3sul meg. Az alapot a megfelel\u0151 ac\u00e9lmin\u0151s\u00e9g adja: az S350GD min\u0151s\u00e9g\u0171 szerkezeti ac\u00e9l nagy szil\u00e1rds\u00e1g\u00e1nak \u00e9s t\u0171zihorganyz\u00e1sra val\u00f3 alkalmass\u00e1g\u00e1nak k\u00f6sz\u00f6nhet\u0151en j\u00f3l ellen\u00e1ll a mechanikai ig\u00e9nybev\u00e9telnek \u00e9s a korr\u00f3zi\u00f3nak. Ez a stabil alap teszi lehet\u0151v\u00e9, hogy a rendszer hossz\u00fa t\u00e1von is megb\u00edzhat\u00f3an m\u0171k\u00f6dj\u00f6n.<\/p>\n<p>Erre \u00e9p\u00fclnek r\u00e1 a korszer\u0171 kop\u00e1sv\u00e9delmi megold\u00e1sok, amelyek a teljes rendszerben alkalmazhat\u00f3k. A poliuret\u00e1n b\u00e9l\u00e9sek kiemelked\u0151 kop\u00e1s\u00e1ll\u00f3s\u00e1got biztos\u00edtanak, emellett \u00fct\u00e9scsillap\u00edt\u00f3 hat\u00e1suk r\u00e9v\u00e9n cs\u00f6kkentik a zajt \u00e9s a szerkezeti ig\u00e9nybev\u00e9telt. A polietil\u00e9n b\u00e9l\u00e9sek els\u0151sorban kiv\u00e1l\u00f3 cs\u00fasz\u00e1si tulajdons\u00e1gaik miatt el\u0151ny\u00f6sek: seg\u00edtik az anyag folyamatos \u00e1raml\u00e1s\u00e1t, m\u00e9rs\u00e9klik a letapad\u00e1st, \u00e9s cs\u00f6kkentik az elt\u00f6m\u0151d\u00e9s kock\u00e1zat\u00e1t. A k\u00fcl\u00f6nb\u00f6z\u0151 anyagok kombin\u00e1ci\u00f3ja lehet\u0151v\u00e9 teszi, hogy a rendszer az adott technol\u00f3giai ig\u00e9nyekhez igazodjon, ez\u00e1ltal n\u00f6velve az \u00fczembiztons\u00e1got \u00e9s az \u00e9lettartamot.<\/p>\n<p>A kivitelez\u00e9s sor\u00e1n a r\u00e9szletek kiemelt jelent\u0151s\u00e9ggel b\u00edrnak. A cs\u0151kapcsolatok kialak\u00edt\u00e1sa k\u00fcl\u00f6n\u00f6s figyelmet ig\u00e9nyel, mivel a legkisebb bels\u0151 egyenetlens\u00e9g is megakaszthatja az anyag\u00e1raml\u00e1st. Ezeken a pontokon a szemek megt\u00f6rnek, \u00e9s a kop\u00e1s is gyorsabban jelentkezik. A pontos illeszt\u00e9s \u00e9s a sima bels\u0151 fel\u00fcletek kialak\u00edt\u00e1sa ez\u00e9rt alapvet\u0151 k\u00f6vetelm\u00e9ny.<\/p>\n<p>A csatlakoz\u00e1sok sz\u00e1m\u00e1nak cs\u00f6kkent\u00e9se gyakorlati el\u0151nyt jelent. A hosszabb, p\u00e9ld\u00e1ul 6 m\u00e9teres cs\u0151sz\u00e1lak alkalmaz\u00e1sa kevesebb illeszt\u00e9si pontot eredm\u00e9nyez, ami kedvez\u0151en hat a rendszer \u00fczembiztons\u00e1g\u00e1ra \u00e9s \u00e9lettartam\u00e1ra. Hosszabb, 8\u201310 m\u00e9tert meghalad\u00f3 cs\u0151szakaszok eset\u00e9ben a megfelel\u0151 merev\u00edt\u00e9s \u2013 p\u00e9ld\u00e1ul dr\u00f3tk\u00f6teles kik\u00f6t\u00e9s \u2013 biztos\u00edtja a stabil m\u0171k\u00f6d\u00e9st \u00e9s megel\u0151zi a szerkezeti elmozdul\u00e1sokat.<\/p>\n<p>A modern gabonaipari sz\u00e1ll\u00edt\u00f3cs\u0151 rendszerek modul\u00e1ris fel\u00e9p\u00edt\u00e9s\u00fcknek k\u00f6sz\u00f6nhet\u0151en j\u00f3l illeszthet\u0151k k\u00fcl\u00f6nb\u00f6z\u0151 technol\u00f3giai k\u00f6rnyezetekbe. Az anyag\u00e1raml\u00e1s szab\u00e1lyoz\u00e1sa tol\u00f3z\u00e1rakkal \u00e9s \u00fatv\u00e1lt\u00f3kkal t\u00f6rt\u00e9nik, amelyek automatiz\u00e1lt rendszerekbe is integr\u00e1lhat\u00f3k, \u00edgy a teljes folyamat \u00e1tl\u00e1that\u00f3bb\u00e1 \u00e9s szab\u00e1lyozhat\u00f3bb\u00e1 v\u00e1lik.<\/p>\n<p>A gravit\u00e1ci\u00f3s anyagmozgat\u00e1s megfelel\u0151 tervez\u00e9s \u00e9s kivitelez\u00e9s mellett hossz\u00fa t\u00e1von megb\u00edzhat\u00f3 \u00e9s gazdas\u00e1gos megold\u00e1st jelent.<\/p>\n<p>A Sinte Group Zrt. szakemberei gyakorlati tapasztalatokra \u00e9p\u00edtve t\u00e1mogatj\u00e1k partnereiket a megfelel\u0151 rendszerek kiv\u00e1laszt\u00e1s\u00e1ban, az eszk\u00f6z\u00f6k biztos\u00edt\u00e1s\u00e1ban, valamint ig\u00e9ny eset\u00e9n a teljes kivitelez\u00e9sben is.<\/p>\n<div class=\"row\"  id=\"row-1551620576\">\n\n\n\t<div id=\"col-439916100\" class=\"col medium-4 small-12 large-4\"  >\n\t\t\t\t<div class=\"col-inner\"  >\n\t\t\t\n\t\t\t\n\n\t<div class=\"img has-hover x md-x lg-x y md-y lg-y\" id=\"image_1130995555\">\n\t\t\t\t\t\t\t\t<div class=\"img-inner dark\" >\n\t\t\t<img loading=\"lazy\" decoding=\"async\" width=\"1020\" height=\"469\" src=\"https:\/\/sintegroup.hu\/wp-content\/uploads\/2026\/03\/IMG_20260304_085623-1024x471.jpg\" class=\"attachment-large size-large\" alt=\"\" srcset=\"https:\/\/sintegroup.hu\/wp-content\/uploads\/2026\/03\/IMG_20260304_085623-1024x471.jpg 1024w, https:\/\/sintegroup.hu\/wp-content\/uploads\/2026\/03\/IMG_20260304_085623-300x138.jpg 300w, https:\/\/sintegroup.hu\/wp-content\/uploads\/2026\/03\/IMG_20260304_085623-768x353.jpg 768w, https:\/\/sintegroup.hu\/wp-content\/uploads\/2026\/03\/IMG_20260304_085623-1536x707.jpg 1536w, https:\/\/sintegroup.hu\/wp-content\/uploads\/2026\/03\/IMG_20260304_085623-2048x942.jpg 2048w\" sizes=\"auto, (max-width: 1020px) 100vw, 1020px\" \/>\t\t\t\t\t\t\n\t\t\t\t\t<\/div>\n\t\t\t\t\t\t\t\t\n<style>\n#image_1130995555 {\n  width: 98%;\n}\n<\/style>\n\t<\/div>\n\t\n\n\n\t\t<\/div>\n\t\t\t\t\t<\/div>\n\n\t\n\n\t<div id=\"col-1148147569\" class=\"col medium-4 small-12 large-4\"  >\n\t\t\t\t<div class=\"col-inner\"  >\n\t\t\t\n\t\t\t\n\n\t<div class=\"img has-hover x md-x lg-x y md-y lg-y\" id=\"image_50974969\">\n\t\t\t\t\t\t\t\t<div class=\"img-inner dark\" >\n\t\t\t<img loading=\"lazy\" decoding=\"async\" width=\"900\" height=\"507\" src=\"https:\/\/sintegroup.hu\/wp-content\/uploads\/2026\/03\/540938353_1361732882568256_5752334812727518149_n.jpg\" class=\"attachment-large size-large\" alt=\"\" srcset=\"https:\/\/sintegroup.hu\/wp-content\/uploads\/2026\/03\/540938353_1361732882568256_5752334812727518149_n.jpg 900w, https:\/\/sintegroup.hu\/wp-content\/uploads\/2026\/03\/540938353_1361732882568256_5752334812727518149_n-300x169.jpg 300w, https:\/\/sintegroup.hu\/wp-content\/uploads\/2026\/03\/540938353_1361732882568256_5752334812727518149_n-768x433.jpg 768w\" sizes=\"auto, (max-width: 900px) 100vw, 900px\" \/>\t\t\t\t\t\t\n\t\t\t\t\t<\/div>\n\t\t\t\t\t\t\t\t\n<style>\n#image_50974969 {\n  width: 100%;\n}\n<\/style>\n\t<\/div>\n\t\n\n\n\t\t<\/div>\n\t\t\t\t\t<\/div>\n\n\t\n\n\t<div id=\"col-1020654625\" class=\"col medium-4 small-12 large-4\"  >\n\t\t\t\t<div class=\"col-inner\"  >\n\t\t\t\n\t\t\t\n\n\t<div class=\"img has-hover x md-x lg-x y md-y lg-y\" id=\"image_1997425717\">\n\t\t\t\t\t\t\t\t<div class=\"img-inner dark\" >\n\t\t\t<img loading=\"lazy\" decoding=\"async\" width=\"1020\" height=\"469\" src=\"https:\/\/sintegroup.hu\/wp-content\/uploads\/2026\/03\/IMG_20260304_085647-1024x471.jpg\" class=\"attachment-large size-large\" alt=\"\" srcset=\"https:\/\/sintegroup.hu\/wp-content\/uploads\/2026\/03\/IMG_20260304_085647-1024x471.jpg 1024w, https:\/\/sintegroup.hu\/wp-content\/uploads\/2026\/03\/IMG_20260304_085647-300x138.jpg 300w, https:\/\/sintegroup.hu\/wp-content\/uploads\/2026\/03\/IMG_20260304_085647-768x353.jpg 768w, https:\/\/sintegroup.hu\/wp-content\/uploads\/2026\/03\/IMG_20260304_085647-1536x707.jpg 1536w, https:\/\/sintegroup.hu\/wp-content\/uploads\/2026\/03\/IMG_20260304_085647-2048x942.jpg 2048w\" sizes=\"auto, (max-width: 1020px) 100vw, 1020px\" \/>\t\t\t\t\t\t\n\t\t\t\t\t<\/div>\n\t\t\t\t\t\t\t\t\n<style>\n#image_1997425717 {\n  width: 100%;\n}\n<\/style>\n\t<\/div>\n\t\n\n\n\t\t<\/div>\n\t\t\t\t\t<\/div>\n\n\t\n\n<\/div>\n\n\t\t<\/div>\n\t\t\t\t\t<\/div>\n\n\t\n\n<\/div>\n\n\t\t<\/div>\n\t\t\t\t\t<\/div>\n\n\t\n\n<\/div>\n\n","protected":false},"excerpt":{"rendered":"","protected":false},"author":5,"featured_media":0,"parent":0,"menu_order":0,"comment_status":"closed","ping_status":"closed","template":"","meta":{"footnotes":""},"class_list":["post-3064","page","type-page","status-publish","hentry"],"translation":{"provider":"WPGlobus","version":"3.0.2","language":"gb","enabled_languages":["hu","gb","ro"],"languages":{"hu":{"title":true,"content":true,"excerpt":false},"gb":{"title":false,"content":false,"excerpt":false},"ro":{"title":false,"content":false,"excerpt":false}}},"_links":{"self":[{"href":"https:\/\/sintegroup.hu\/gb\/wp-json\/wp\/v2\/pages\/3064","targetHints":{"allow":["GET"]}}],"collection":[{"href":"https:\/\/sintegroup.hu\/gb\/wp-json\/wp\/v2\/pages"}],"about":[{"href":"https:\/\/sintegroup.hu\/gb\/wp-json\/wp\/v2\/types\/page"}],"author":[{"embeddable":true,"href":"https:\/\/sintegroup.hu\/gb\/wp-json\/wp\/v2\/users\/5"}],"replies":[{"embeddable":true,"href":"https:\/\/sintegroup.hu\/gb\/wp-json\/wp\/v2\/comments?post=3064"}],"version-history":[{"count":2,"href":"https:\/\/sintegroup.hu\/gb\/wp-json\/wp\/v2\/pages\/3064\/revisions"}],"predecessor-version":[{"id":3072,"href":"https:\/\/sintegroup.hu\/gb\/wp-json\/wp\/v2\/pages\/3064\/revisions\/3072"}],"wp:attachment":[{"href":"https:\/\/sintegroup.hu\/gb\/wp-json\/wp\/v2\/media?parent=3064"}],"curies":[{"name":"wp","href":"https:\/\/api.w.org\/{rel}","templated":true}]}}