{"id":3092,"date":"2026-04-22T07:33:09","date_gmt":"2026-04-22T07:33:09","guid":{"rendered":"https:\/\/sintegroup.hu\/?page_id=3092"},"modified":"2026-04-22T07:44:57","modified_gmt":"2026-04-22T07:44:57","slug":"gabonatarolas-a-gyakorlatban","status":"publish","type":"page","link":"https:\/\/sintegroup.hu\/gb\/gabonatarolas-a-gyakorlatban\/","title":{"rendered":"Gabonat\u00e1rol\u00e1s a gyakorlatban"},"content":{"rendered":"\n<div class=\"row\"  id=\"row-241142970\">\n\n\n\t<div id=\"col-603265468\" class=\"col small-12 large-12\"  >\n\t\t\t\t<div class=\"col-inner\"  >\n\t\t\t\n\t\t\t\n\n<div class=\"row\"  id=\"row-2065658805\">\n\n\n\t<div id=\"col-1041181350\" class=\"col small-12 large-12\"  >\n\t\t\t\t<div class=\"col-inner\"  >\n\t\t\t\n\t\t\t\n\n<h1>\u00a0<\/h1>\n<h1 style=\"text-align: center;\"><strong>Gabonat\u00e1rol\u00e1s a gyakorlatban \u2013 hogyan v\u00e1lik a sil\u00f3 val\u00f3di strat\u00e9giai eszk\u00f6zz\u00e9 a gazdas\u00e1gban<\/strong><\/h1>\n<p>A mez\u0151gazdas\u00e1gi termel\u00e9s felt\u00e9telei az elm\u00falt \u00e9vekben jelent\u0151sen megv\u00e1ltoztak. Az \u00e1rak ingadoz\u00e1sa, a kisz\u00e1m\u00edthatatlan id\u0151j\u00e1r\u00e1s \u00e9s a n\u00f6vekv\u0151 k\u00f6lts\u00e9gek mind arra k\u00e9sztetik a termel\u0151ket, hogy tudatosabban kezelj\u00e9k er\u0151forr\u00e1saikat. Ebben a k\u00f6rnyezetben a gabonat\u00e1rol\u00e1s szerepe fel\u00e9rt\u00e9kel\u0151dik, mivel k\u00f6zvetlen\u00fcl befoly\u00e1solja a j\u00f6vedelmez\u0151s\u00e9get \u00e9s a m\u0171k\u00f6d\u00e9s biztons\u00e1g\u00e1t. A saj\u00e1t t\u00e1rol\u00f3kapacit\u00e1s lehet\u0151s\u00e9get ad arra, hogy a gazd\u00e1lkod\u00f3 ne k\u00e9nyszerhelyzetben, a betakar\u00edt\u00e1s idej\u00e9n \u00e9rt\u00e9kes\u00edtse term\u00e9ny\u00e9t, amikor a piaci \u00e1rak jellemz\u0151en alacsonyabbak, legyen lehet\u0151s\u00e9ge kiv\u00e1rni az \u00e9rt\u00e9kes\u00edt\u00e9s szempontj\u00e1b\u00f3l kedvez\u0151bb id\u0151szakokat. Ezzel p\u00e1rhuzamosan cs\u00f6kkenthet\u0151k a sz\u00e1r\u00edt\u00e1ssal, t\u00e1rol\u00e1ssal \u00e9s sz\u00e1ll\u00edt\u00e1ssal kapcsolatos k\u00f6lts\u00e9gek is, ami tov\u00e1bb jav\u00edtja a gazdas\u00e1g eredm\u00e9nyess\u00e9g\u00e9t.<\/p>\n<p>A korszer\u0171 gabonat\u00e1rol\u00e1s egyik meghat\u00e1roz\u00f3 eleme a min\u0151s\u00e9gmeg\u0151rz\u00e9s. A betakar\u00edtott term\u00e9ny \u00e1llapota nem statikus, hanem folyamatosan v\u00e1ltozik, ez\u00e9rt a t\u00e1rol\u00e1s sor\u00e1n kiemelt figyelmet kell ford\u00edtani a k\u00f6rnyezeti felt\u00e9telek szab\u00e1lyoz\u00e1s\u00e1ra. A h\u0171t\u00f6tt t\u00e1rol\u00e1s ebben kulcsszerepet j\u00e1tszik, mivel a gabona h\u0151m\u00e9rs\u00e9klet\u00e9nek cs\u00f6kkent\u00e9s\u00e9vel lass\u00edthat\u00f3k azok a biol\u00f3giai folyamatok, amelyek roml\u00e1shoz vezetnek. Ez a megold\u00e1s m\u00e9rs\u00e9kli a k\u00e1rtev\u0151k megjelen\u00e9s\u00e9nek kock\u00e1zat\u00e1t, cs\u00f6kkenti a pen\u00e9szed\u00e9s es\u00e9ly\u00e9t, \u00e9s hosszabb ideig biztos\u00edtja a term\u00e9ny piack\u00e9pes min\u0151s\u00e9g\u00e9t. A megfelel\u0151 h\u0151m\u00e9rs\u00e9kleti viszonyok fenntart\u00e1sa k\u00fcl\u00f6n\u00f6sen fontos akkor, ha a gabona hosszabb ideig ker\u00fcl t\u00e1rol\u00e1sra, vagy ha a c\u00e9l magasabb min\u0151s\u00e9gi kateg\u00f3ri\u00e1j\u00fa \u00e9rt\u00e9kes\u00edt\u00e9s.<\/p>\n\n\t\t<\/div>\n\t\t\t\t\t<\/div>\n\n\t\n\n<\/div>\n<div class=\"row align-middle align-center\"  id=\"row-2073136944\">\n\n\n\t<div id=\"col-1437664162\" class=\"col medium-6 small-12 large-6\"  >\n\t\t\t\t<div class=\"col-inner\"  >\n\t\t\t\n\t\t\t\n\n\t<div class=\"img has-hover x md-x lg-x y md-y lg-y\" id=\"image_874457405\">\n\t\t\t\t\t\t\t\t<div class=\"img-inner dark\" >\n\t\t\t<img loading=\"lazy\" decoding=\"async\" width=\"765\" height=\"1024\" src=\"https:\/\/sintegroup.hu\/wp-content\/uploads\/2026\/04\/1gabonasilo-1-765x1024.png\" class=\"attachment-large size-large\" alt=\"\" srcset=\"https:\/\/sintegroup.hu\/wp-content\/uploads\/2026\/04\/1gabonasilo-1-765x1024.png 765w, https:\/\/sintegroup.hu\/wp-content\/uploads\/2026\/04\/1gabonasilo-1-224x300.png 224w, https:\/\/sintegroup.hu\/wp-content\/uploads\/2026\/04\/1gabonasilo-1-768x1029.png 768w, https:\/\/sintegroup.hu\/wp-content\/uploads\/2026\/04\/1gabonasilo-1.png 896w\" sizes=\"auto, (max-width: 765px) 100vw, 765px\" \/>\t\t\t\t\t\t\n\t\t\t\t\t<\/div>\n\t\t\t\t\t\t\t\t\n<style>\n#image_874457405 {\n  width: 41%;\n}\n<\/style>\n\t<\/div>\n\t\n\n\n\t\t<\/div>\n\t\t\t\t\t<\/div>\n\n\t\n\n\t<div id=\"col-507060243\" class=\"col medium-6 small-12 large-6\"  >\n\t\t\t\t<div class=\"col-inner\"  >\n\t\t\t\n\t\t\t\n\n\t<div class=\"img has-hover x md-x lg-x y md-y lg-y\" id=\"image_1667143483\">\n\t\t\t\t\t\t\t\t<div class=\"img-inner dark\" >\n\t\t\t<img loading=\"lazy\" decoding=\"async\" width=\"1020\" height=\"797\" src=\"https:\/\/sintegroup.hu\/wp-content\/uploads\/2026\/04\/silo1.jpg\" class=\"attachment-large size-large\" alt=\"\" srcset=\"https:\/\/sintegroup.hu\/wp-content\/uploads\/2026\/04\/silo1.jpg 1024w, https:\/\/sintegroup.hu\/wp-content\/uploads\/2026\/04\/silo1-300x234.jpg 300w, https:\/\/sintegroup.hu\/wp-content\/uploads\/2026\/04\/silo1-768x600.jpg 768w\" sizes=\"auto, (max-width: 1020px) 100vw, 1020px\" \/>\t\t\t\t\t\t\n\t\t\t\t\t<\/div>\n\t\t\t\t\t\t\t\t\n<style>\n#image_1667143483 {\n  width: 72%;\n}\n<\/style>\n\t<\/div>\n\t\n\n\n\t\t<\/div>\n\t\t\t\t\t<\/div>\n\n\t\n\n<\/div>\n<div class=\"row\"  id=\"row-755946201\">\n\n\n\t<div id=\"col-1570460451\" class=\"col small-12 large-12\"  >\n\t\t\t\t<div class=\"col-inner\"  >\n\t\t\t\n\t\t\t\n\n<p>A t\u00e1rol\u00e1si rendszer hat\u00e9konys\u00e1g\u00e1t alapvet\u0151en meghat\u00e1rozza a sil\u00f3 kialak\u00edt\u00e1sa is. A k\u00fcl\u00f6nb\u00f6z\u0151 sil\u00f3t\u00edpusok elt\u00e9r\u0151 m\u0171k\u00f6d\u00e9si saj\u00e1toss\u00e1gokkal rendelkeznek, ez\u00e9rt kiv\u00e1laszt\u00e1suk mindig a gazdas\u00e1g ig\u00e9nyeihez kell igazodjon. A nagyobb mennyis\u00e9get hosszabb ideig t\u00e1rol\u00f3 gazdas\u00e1gok eset\u00e9ben a stabil, nagy kapacit\u00e1s\u00fa megold\u00e1sok ker\u00fclnek el\u0151t\u00e9rbe, m\u00edg az intenz\u00edv \u00e1rumozg\u00e1st ig\u00e9nyl\u0151 \u00fczemekn\u00e9l a gyors \u00fcr\u00edt\u00e9st \u00e9s rugalmas kezel\u00e9st biztos\u00edt\u00f3 kialak\u00edt\u00e1sok jelentenek el\u0151nyt. A sil\u00f3 form\u00e1ja, az \u00fcr\u00edt\u00e9s m\u00f3dja, valamint a hozz\u00e1 kapcsol\u00f3d\u00f3 szell\u0151ztet\u00e9si \u00e9s h\u0171t\u00e9si technol\u00f3gia egy\u00fctt hat\u00e1rozz\u00e1k meg a rendszer m\u0171k\u00f6d\u00e9s\u00e9nek hat\u00e9konys\u00e1g\u00e1t. Egy j\u00f3l megv\u00e1lasztott kialak\u00edt\u00e1s egyszer\u0171bb \u00fczemeltet\u00e9st tesz lehet\u0151v\u00e9 \u00e9s cs\u00f6kkenti a vesztes\u00e9geket, jav\u00edtja a munkafolyamatok szervezetts\u00e9g\u00e9t is.<\/p>\n<p>A saj\u00e1t t\u00e1rol\u00f3rendszer tov\u00e1bbi el\u0151nye, hogy n\u00f6veli a gazd\u00e1lkod\u00f3 mozg\u00e1ster\u00e9t a piacon. A k\u00e9szletek \u00fctemezett \u00e9rt\u00e9kes\u00edt\u00e9se lehet\u0151v\u00e9 teszi a jobb \u00e1rak el\u00e9r\u00e9s\u00e9t, mik\u00f6zben a logisztikai folyamatok is rugalmasabban szervezhet\u0151k. Emellett az \u00e1llatteny\u00e9szt\u00e9ssel foglalkoz\u00f3 gazdas\u00e1gok sz\u00e1m\u00e1ra a t\u00e1rolt gabona folyamatos, j\u00f3 min\u0151s\u00e9g\u0171 takarm\u00e1nyalapot biztos\u00edt, amely k\u00f6zvetlen hat\u00e1ssal van a termel\u00e9si eredm\u00e9nyekre.<\/p>\n<p>Mindezek alapj\u00e1n j\u00f3l l\u00e1that\u00f3, hogy a gabonat\u00e1rol\u00e1s nem csup\u00e1n egy sz\u00fcks\u00e9ges infrastrukt\u00fara, hanem a gazdas\u00e1g m\u0171k\u00f6d\u00e9s\u00e9nek egyik meghat\u00e1roz\u00f3 eleme. Egy sil\u00f3rendszer kialak\u00edt\u00e1sa \u00f6sszetett feladat, ahol a technol\u00f3giai elemek \u00f6sszehangol\u00e1sa kulcsfontoss\u00e1g\u00fa. A nem megfelel\u0151en megtervezett megold\u00e1sok hossz\u00fa t\u00e1von t\u00f6bbletk\u00f6lts\u00e9geket \u00e9s m\u0171k\u00f6d\u00e9si probl\u00e9m\u00e1kat okozhatnak, m\u00edg egy \u00e1tgondolt rendszer stabilit\u00e1st \u00e9s kisz\u00e1m\u00edthat\u00f3s\u00e1got biztos\u00edt.<br \/>\u00c9ppen ez\u00e9rt a beruh\u00e1z\u00e1s megval\u00f3s\u00edt\u00e1sa sor\u00e1n kiemelt jelent\u0151s\u00e9ge van a szakmai h\u00e1tt\u00e9rnek. A tapasztalat azt mutatja, hogy a legjobb eredm\u00e9ny akkor \u00e9rhet\u0151 el, ha a tervez\u00e9s \u00e9s a kivitelez\u00e9s egy k\u00e9zben, megfelel\u0151 m\u00e9rn\u00f6ki t\u00e1mogat\u00e1ssal t\u00f6rt\u00e9nik. Egy olyan partner, amely komplex m\u00f3don kezeli a teljes folyamatot, k\u00e9pes a gazdas\u00e1g adotts\u00e1gaihoz illeszked\u0151, hossz\u00fa t\u00e1von is hat\u00e9kony megold\u00e1st kialak\u00edtani. Ilyen szeml\u00e9letet k\u00e9pvisel\u0151 v\u00e1llalat a Sinte Group Zrt. mely nemcsak technol\u00f3gi\u00e1t biztos\u00edtanak, de hozz\u00e1j\u00e1rulnak ahhoz is, hogy a gabonat\u00e1rol\u00e1s val\u00f3di strat\u00e9giai el\u0151nny\u00e9 v\u00e1ljon a gazd\u00e1lkod\u00e1sban.<\/p>\n<p>\u00a0<\/p>\n<div class=\"row\"  id=\"row-1950214838\">\n\n\n\t<div id=\"col-1788854621\" class=\"col medium-4 small-12 large-4\"  >\n\t\t\t\t<div class=\"col-inner\"  >\n\t\t\t\n\t\t\t\n\n\t<div class=\"img has-hover x md-x lg-x y md-y lg-y\" id=\"image_641846802\">\n\t\t\t\t\t\t\t\t<div class=\"img-inner dark\" >\n\t\t\t<img loading=\"lazy\" decoding=\"async\" width=\"1020\" height=\"680\" src=\"https:\/\/sintegroup.hu\/wp-content\/uploads\/2026\/04\/16bd14e8-8a81-4a35-b106-0b3efc4102e7-1024x683.png\" class=\"attachment-large size-large\" alt=\"\" srcset=\"https:\/\/sintegroup.hu\/wp-content\/uploads\/2026\/04\/16bd14e8-8a81-4a35-b106-0b3efc4102e7-1024x683.png 1024w, https:\/\/sintegroup.hu\/wp-content\/uploads\/2026\/04\/16bd14e8-8a81-4a35-b106-0b3efc4102e7-300x200.png 300w, https:\/\/sintegroup.hu\/wp-content\/uploads\/2026\/04\/16bd14e8-8a81-4a35-b106-0b3efc4102e7-768x512.png 768w, https:\/\/sintegroup.hu\/wp-content\/uploads\/2026\/04\/16bd14e8-8a81-4a35-b106-0b3efc4102e7.png 1536w\" sizes=\"auto, (max-width: 1020px) 100vw, 1020px\" \/>\t\t\t\t\t\t\n\t\t\t\t\t<\/div>\n\t\t\t\t\t\t\t\t\n<style>\n#image_641846802 {\n  width: 82%;\n}\n<\/style>\n\t<\/div>\n\t\n\n\n\t\t<\/div>\n\t\t\t\t\t<\/div>\n\n\t\n\n\t<div id=\"col-1541180861\" class=\"col medium-4 small-12 large-4\"  >\n\t\t\t\t<div class=\"col-inner\"  >\n\t\t\t\n\t\t\t\n\n\t<div class=\"img has-hover x md-x lg-x y md-y lg-y\" id=\"image_771011042\">\n\t\t\t\t\t\t\t\t<div class=\"img-inner dark\" >\n\t\t\t<img loading=\"lazy\" decoding=\"async\" width=\"1020\" height=\"671\" src=\"https:\/\/sintegroup.hu\/wp-content\/uploads\/2026\/04\/Gabonasilo-2.jpg\" class=\"attachment-large size-large\" alt=\"\" srcset=\"https:\/\/sintegroup.hu\/wp-content\/uploads\/2026\/04\/Gabonasilo-2.jpg 1024w, https:\/\/sintegroup.hu\/wp-content\/uploads\/2026\/04\/Gabonasilo-2-300x197.jpg 300w, https:\/\/sintegroup.hu\/wp-content\/uploads\/2026\/04\/Gabonasilo-2-768x506.jpg 768w\" sizes=\"auto, (max-width: 1020px) 100vw, 1020px\" \/>\t\t\t\t\t\t\n\t\t\t\t\t<\/div>\n\t\t\t\t\t\t\t\t\n<style>\n#image_771011042 {\n  width: 86%;\n}\n<\/style>\n\t<\/div>\n\t\n\n\n\t\t<\/div>\n\t\t\t\t\t<\/div>\n\n\t\n\n\t<div id=\"col-1363272546\" class=\"col medium-4 small-12 large-4\"  >\n\t\t\t\t<div class=\"col-inner\"  >\n\t\t\t\n\t\t\t\n\n\t<div class=\"img has-hover x md-x lg-x y md-y lg-y\" id=\"image_327923269\">\n\t\t\t\t\t\t\t\t<div class=\"img-inner dark\" >\n\t\t\t<img loading=\"lazy\" decoding=\"async\" width=\"977\" height=\"1024\" src=\"https:\/\/sintegroup.hu\/wp-content\/uploads\/2026\/04\/Gabonatarolo-silo.jpg\" class=\"attachment-large size-large\" alt=\"\" srcset=\"https:\/\/sintegroup.hu\/wp-content\/uploads\/2026\/04\/Gabonatarolo-silo.jpg 977w, https:\/\/sintegroup.hu\/wp-content\/uploads\/2026\/04\/Gabonatarolo-silo-286x300.jpg 286w, https:\/\/sintegroup.hu\/wp-content\/uploads\/2026\/04\/Gabonatarolo-silo-768x805.jpg 768w\" sizes=\"auto, (max-width: 977px) 100vw, 977px\" \/>\t\t\t\t\t\t\n\t\t\t\t\t<\/div>\n\t\t\t\t\t\t\t\t\n<style>\n#image_327923269 {\n  width: 73%;\n}\n<\/style>\n\t<\/div>\n\t\n\n\n\t\t<\/div>\n\t\t\t\t\t<\/div>\n\n\t\n\n<\/div>\n\n\t\t<\/div>\n\t\t\t\t\t<\/div>\n\n\t\n\n<\/div>\n\n\t\t<\/div>\n\t\t\t\t\t<\/div>\n\n\t\n\n<\/div>\n\n","protected":false},"excerpt":{"rendered":"","protected":false},"author":5,"featured_media":0,"parent":0,"menu_order":0,"comment_status":"closed","ping_status":"closed","template":"","meta":{"footnotes":""},"class_list":["post-3092","page","type-page","status-publish","hentry"],"translation":{"provider":"WPGlobus","version":"3.0.2","language":"gb","enabled_languages":["hu","gb","ro"],"languages":{"hu":{"title":true,"content":true,"excerpt":false},"gb":{"title":false,"content":false,"excerpt":false},"ro":{"title":false,"content":false,"excerpt":false}}},"_links":{"self":[{"href":"https:\/\/sintegroup.hu\/gb\/wp-json\/wp\/v2\/pages\/3092","targetHints":{"allow":["GET"]}}],"collection":[{"href":"https:\/\/sintegroup.hu\/gb\/wp-json\/wp\/v2\/pages"}],"about":[{"href":"https:\/\/sintegroup.hu\/gb\/wp-json\/wp\/v2\/types\/page"}],"author":[{"embeddable":true,"href":"https:\/\/sintegroup.hu\/gb\/wp-json\/wp\/v2\/users\/5"}],"replies":[{"embeddable":true,"href":"https:\/\/sintegroup.hu\/gb\/wp-json\/wp\/v2\/comments?post=3092"}],"version-history":[{"count":4,"href":"https:\/\/sintegroup.hu\/gb\/wp-json\/wp\/v2\/pages\/3092\/revisions"}],"predecessor-version":[{"id":3102,"href":"https:\/\/sintegroup.hu\/gb\/wp-json\/wp\/v2\/pages\/3092\/revisions\/3102"}],"wp:attachment":[{"href":"https:\/\/sintegroup.hu\/gb\/wp-json\/wp\/v2\/media?parent=3092"}],"curies":[{"name":"wp","href":"https:\/\/api.w.org\/{rel}","templated":true}]}}