{"id":71,"date":"2021-07-15T11:06:15","date_gmt":"2021-07-15T11:06:15","guid":{"rendered":"https:\/\/sintegroup.hu\/?page_id=71"},"modified":"2021-08-29T20:26:38","modified_gmt":"2021-08-29T20:26:38","slug":"termenyszallito-kocsi","status":"publish","type":"page","link":"https:\/\/sintegroup.hu\/gb\/termenyszallito-kocsi\/","title":{"rendered":"Term\u00e9nysz\u00e1ll\u00edt\u00f3 kocsi"},"content":{"rendered":"  <div id=\"page-header-1406020546\" class=\"page-header-wrapper\">\n  <div class=\"page-title dark featured-title\">\n\n    \n    <div class=\"page-title-inner container align-center flex-row medium-flex-wrap\" >\n              <div class=\"title-wrapper flex-col text-left medium-text-center\">\n          <h1 class=\"entry-title mb-0\">\n            Term\u00e9nysz\u00e1ll\u00edt\u00f3 kocsi          <\/h1>\n        <\/div>\n                    <div class=\"title-content flex-col flex-right text-right medium-text-center\">\n        <div class=\"title-breadcrumbs pb-half pt-half\"><\/div>      <\/div>\n    <\/div>\n\n       <\/div>\n    <\/div>\n  \n\t<section class=\"section\" id=\"section_1498240397\">\n\t\t<div class=\"bg section-bg fill bg-fill  bg-loaded\" >\n\n\t\t\t\n\t\t\t\n\t\t\t\n\n\t\t<\/div>\n\n\t\t<div class=\"section-content relative\">\n\t\t\t\n<div class=\"row\"  id=\"row-2027506407\">\n\n\t<div id=\"col-1471338008\" class=\"col small-12 large-12\"  >\n\t\t\t\t<div class=\"col-inner\"  >\n\t\t\t\n\t\t\t\n<h2 style=\"text-align: center;\"><a class=\"ng-binding\">Egyik leg\u00fajabb fejleszt\u00e9s\u00fcnkre szeretn\u00e9nk a figyelm\u00e9be aj\u00e1nlani<\/a><\/h2>\n\t<div class=\"img has-hover x md-x lg-x y md-y lg-y\" id=\"image_1440597272\">\n\t\t\t\t\t\t\t\t<div class=\"img-inner dark\" >\n\t\t\t<img loading=\"lazy\" decoding=\"async\" width=\"2560\" height=\"1440\" src=\"https:\/\/sintegroup.hu\/wp-content\/uploads\/2021\/07\/Puttony.00_02_57_03.Still023-scaled.jpg\" class=\"attachment-original size-original\" alt=\"\" srcset=\"https:\/\/sintegroup.hu\/wp-content\/uploads\/2021\/07\/Puttony.00_02_57_03.Still023-scaled.jpg 2560w, https:\/\/sintegroup.hu\/wp-content\/uploads\/2021\/07\/Puttony.00_02_57_03.Still023-scaled-600x338.jpg 600w, https:\/\/sintegroup.hu\/wp-content\/uploads\/2021\/07\/Puttony.00_02_57_03.Still023-300x169.jpg 300w, https:\/\/sintegroup.hu\/wp-content\/uploads\/2021\/07\/Puttony.00_02_57_03.Still023-1024x576.jpg 1024w, https:\/\/sintegroup.hu\/wp-content\/uploads\/2021\/07\/Puttony.00_02_57_03.Still023-768x432.jpg 768w, https:\/\/sintegroup.hu\/wp-content\/uploads\/2021\/07\/Puttony.00_02_57_03.Still023-1536x864.jpg 1536w, https:\/\/sintegroup.hu\/wp-content\/uploads\/2021\/07\/Puttony.00_02_57_03.Still023-2048x1152.jpg 2048w\" sizes=\"auto, (max-width: 2560px) 100vw, 2560px\" \/>\t\t\t\t\t\t\n\t\t\t\t\t<\/div>\n\t\t\t\t\t\t\t\t\n<style>\n#image_1440597272 {\n  width: 100%;\n}\n<\/style>\n\t<\/div>\n\t\n<h3 style=\"text-align: center;\">Term\u00e9nysz\u00e1ll\u00edt\u00f3 kocsi a SINTE GROUP-t\u00f3l<\/h3>\n<p>\u00a0<\/p>\n<p>Bors\u00f3hoz, hibrid \u00e9s csemegekukoric\u00e1hoz.<\/p>\n<p>El\u0151ny\u00f6k:<\/p>\n<ul>\n<li>sokkal gyorsabb betakar\u00edt\u00e1s,<\/li>\n<li>sokkal kisebb v\u00e1rakoz\u00e1si id\u0151,<\/li>\n<li>felesleges talajt\u00f6m\u00f6r\u00edt\u00e9s n\u00e9lk\u00fcl<\/li>\n<li>15 k\u00f6bm\u00e9ter sz\u00e1ll\u00edt\u00f3kapacit\u00e1s.<\/li>\n<li>neh\u00e9z terepen is k\u00f6nnyed\u00e9n k\u00f6zlekedik a ker\u00e9kmotoroknak k\u00f6sz\u00f6nhet\u0151en<\/li>\n<li>er\u0151s, megb\u00edzhat\u00f3 kialak\u00edt\u00e1s<\/li>\n<li>tapasztalatok alapj\u00e1n optimaliz\u00e1lt \u00f6ssze\u00e1ll\u00edt\u00e1s<\/li>\n<\/ul>\n\t\t<\/div>\n\t\t\t\t\t<\/div>\n\n\t\n\n\t<div id=\"col-1142864532\" class=\"col medium-7 small-12 large-7\"  >\n\t\t\t\t<div class=\"col-inner\"  >\n\t\t\t\n\t\t\t\n<div class=\"video video-fit mb\" style=\"padding-top:56.25%;\"><div style=\"width: 640px;\" class=\"wp-video\"><video class=\"wp-video-shortcode\" id=\"video-71-1\" width=\"640\" height=\"360\" preload=\"metadata\" controls=\"controls\"><source type=\"video\/mp4\" src=\"https:\/\/sintegroup.hu\/wp-content\/uploads\/2021\/07\/termenyszallito-kocsi.mp4?_=1\" \/><a href=\"https:\/\/sintegroup.hu\/wp-content\/uploads\/2021\/07\/termenyszallito-kocsi.mp4\">https:\/\/sintegroup.hu\/wp-content\/uploads\/2021\/07\/termenyszallito-kocsi.mp4<\/a><\/video><\/div>\n<\/div>\n\t\t<\/div>\n\t\t\t\t\t<\/div>\n\n\t\n\n\t<div id=\"col-149308723\" class=\"col medium-6 small-12 large-6\"  >\n\t\t\t\t<div class=\"col-inner\"  >\n\t\t\t\n\t\t\t\n[ninja_form id=1]\n\t\t<\/div>\n\t\t\t\t\t<\/div>\n\n\t\n<\/div>\n\t\t<\/div>\n\n\t\t\n<style>\n#section_1498240397 {\n  padding-top: 30px;\n  padding-bottom: 30px;\n}\n<\/style>\n\t<\/section>\n\t\n","protected":false},"excerpt":{"rendered":"","protected":false},"author":1,"featured_media":0,"parent":0,"menu_order":0,"comment_status":"closed","ping_status":"closed","template":"page-blank.php","meta":{"footnotes":""},"class_list":["post-71","page","type-page","status-publish","hentry"],"translation":{"provider":"WPGlobus","version":"3.0.2","language":"gb","enabled_languages":["hu","gb","ro"],"languages":{"hu":{"title":true,"content":true,"excerpt":false},"gb":{"title":false,"content":false,"excerpt":false},"ro":{"title":false,"content":false,"excerpt":false}}},"_links":{"self":[{"href":"https:\/\/sintegroup.hu\/gb\/wp-json\/wp\/v2\/pages\/71","targetHints":{"allow":["GET"]}}],"collection":[{"href":"https:\/\/sintegroup.hu\/gb\/wp-json\/wp\/v2\/pages"}],"about":[{"href":"https:\/\/sintegroup.hu\/gb\/wp-json\/wp\/v2\/types\/page"}],"author":[{"embeddable":true,"href":"https:\/\/sintegroup.hu\/gb\/wp-json\/wp\/v2\/users\/1"}],"replies":[{"embeddable":true,"href":"https:\/\/sintegroup.hu\/gb\/wp-json\/wp\/v2\/comments?post=71"}],"version-history":[{"count":7,"href":"https:\/\/sintegroup.hu\/gb\/wp-json\/wp\/v2\/pages\/71\/revisions"}],"predecessor-version":[{"id":125,"href":"https:\/\/sintegroup.hu\/gb\/wp-json\/wp\/v2\/pages\/71\/revisions\/125"}],"wp:attachment":[{"href":"https:\/\/sintegroup.hu\/gb\/wp-json\/wp\/v2\/media?parent=71"}],"curies":[{"name":"wp","href":"https:\/\/api.w.org\/{rel}","templated":true}]}}