{"id":1720,"date":"2023-04-14T06:54:28","date_gmt":"2023-04-14T06:54:28","guid":{"rendered":"https:\/\/sintegroup.hu\/?page_id=1720"},"modified":"2023-04-14T07:38:09","modified_gmt":"2023-04-14T07:38:09","slug":"agrarkozosseg-udvozlo-oldal","status":"publish","type":"page","link":"https:\/\/sintegroup.hu\/ro\/agrarkozosseg-udvozlo-oldal\/","title":{"rendered":"\u00dcdv\u00f6zl\u0151 oldal"},"content":{"rendered":"\n<!-- Google tag (gtag.js) -->\n<script async=\"\" src=\"https:\/\/www.googletagmanager.com\/gtag\/js?id=G-1305473NJP\"><\/script>\n<script>\n  window.dataLayer = window.dataLayer || [];\n  function gtag(){dataLayer.push(arguments);}\n  gtag('js', new Date());\n\n  gtag('config', 'G-1305473NJP');\n<\/script>\n\t<section class=\"section\" id=\"section_1232074374\">\n\t\t<div class=\"bg section-bg fill bg-fill  bg-loaded\" >\n\n\t\t\t\n\t\t\t\n\t\t\t\n\n\t\t<\/div>\n\n\t\t<div class=\"section-content relative\">\n\t\t\t\n\n<div class=\"row\"  id=\"row-308515743\">\n\n\n\t<div id=\"col-2119918120\" class=\"col small-12 large-12\"  >\n\t\t\t\t<div class=\"col-inner\"  >\n\t\t\t\n\t\t\t\n\n\t<div id=\"text-2431404778\" class=\"text\">\n\t\t\n\n<h4 style=\"text-align: center;\">\u00dcdv\u00f6z\u00f6lj\u00fck a Sinte Group oldal\u00e1n!<\/h4>\n<h4>&nbsp;<\/h4>\n<h4 style=\"text-align: justify;\">Az elm\u00falt 25 \u00e9vben sz\u00e1mos projektet val\u00f3s\u00edtottunk meg. Technol\u00f3giai korszer\u0171s\u00edt\u00e9seket \u00e9s \u00faj \u00fczem \u00e9p\u00edt\u00e9s\u00e9t egyar\u00e1nt, nemegyszer orsz\u00e1gosan is j\u00f3l ismert c\u00e9gek felk\u00e9r\u00e9s\u00e9nek eleget t\u00e9ve.<\/h4>\n<h4 style=\"text-align: justify;\">A c\u00e9g, majd c\u00e9gcsoport fejleszt\u00e9se sor\u00e1n minden esetben a teljesk\u00f6r\u0171s\u00e9g volt a legfontosabb szempont, valamint az \u00fcgyfeleink \u00e9rdekeinek szem el\u0151tt tart\u00e1sa.<\/h4>\n<h4 style=\"text-align: justify;\">\u00cdgy hoztunk l\u00e9tre a tervez\u00e9s, gy\u00e1rt\u00e1s, kivitelez\u00e9s mellett g\u00e9p \u00e9s alkatr\u00e9sz forgalmaz\u00f3i tev\u00e9kenys\u00e9get.<\/h4>\n<h4 style=\"text-align: justify;\">Szinte egyed\u00fclik\u00e9nt a szakm\u00e1ban, k\u00f6zel sz\u00e1z besz\u00e1ll\u00edt\u00f3val tartjuk a kapcsolatot, ezzel megfelel\u0151 mozg\u00e1steret biztos\u00edtva ahhoz, hogy \u00fcgyfeleinknek a rendelkez\u00e9s\u00fcnkre \u00e1ll\u00f3 palett\u00e1r\u00f3l, a lehet\u0151 legoptim\u00e1lisabb technol\u00f3giai sort v\u00e1logassuk \u00f6ssze. Ily m\u00f3don lehet\u0151s\u00e9g\u00fcnk van arra, hogy az elv\u00e1r\u00e1soknak, legyen az technikai vagy anyagi term\u00e9szet\u0171, a legink\u00e1bb megfelel\u0151 berendez\u00e9seket aj\u00e1nlhassuk.<\/h4>\n<h4 style=\"text-align: justify;\">Az elm\u00falt \u00e9vekben t\u00f6bb p\u00e1ly\u00e1zatos finansz\u00edroz\u00e1s\u00fa projekt megval\u00f3s\u00edt\u00e1s\u00e1ban is r\u00e9szt v\u00e1llaltunk.<\/h4>\n<h4 style=\"text-align: justify;\">Tervez\u0151, gy\u00e1rt\u00f3, kivitelez\u0151, valamint kereskedelmi csapatainkon t\u00fal, munkat\u00e1rsaink elk\u00e9sz\u00edtik a p\u00e1ly\u00e1zat bead\u00e1s\u00e1hoz sz\u00fcks\u00e9ges terveket \u00e9s \u00e1raj\u00e1nlatokat, valamint az elsz\u00e1mol\u00e1shoz sz\u00fcks\u00e9ges napl\u00f3kat, igazol\u00e1sokat, nyilatkozatokat stb., szorosan egy\u00fcttm\u0171k\u00f6dve a p\u00e1ly\u00e1zat\u00edr\u00f3 c\u00e9ggel is.<\/h4>\n<h4 style=\"text-align: justify;\">Legyen szerencs\u00e9nk egym\u00e1shoz, teremts\u00fcnk \u00e9rt\u00e9ket k\u00f6z\u00f6sen!<\/h4>\n<h4>&nbsp;<\/h4>\n<h4>SINTE GROUP, az \u00fczembiztos megold\u00e1s&nbsp;&nbsp;&nbsp;&nbsp;&nbsp;&nbsp;&nbsp;&nbsp;&nbsp;&nbsp;&nbsp;&nbsp;&nbsp;&nbsp;&nbsp;&nbsp;<\/h4>\n\t\t\n<style>\n#text-2431404778 {\n  text-align: left;\n}\n<\/style>\n\t<\/div>\n\t\n\n\t\t<\/div>\n\t\t\t\t\t<\/div>\n\n\t\n\n<\/div>\n\n\t\t<\/div>\n\n\t\t\n<style>\n#section_1232074374 {\n  padding-top: 30px;\n  padding-bottom: 30px;\n}\n<\/style>\n\t<\/section>\n\t\n","protected":false},"excerpt":{"rendered":"","protected":false},"author":2,"featured_media":0,"parent":0,"menu_order":0,"comment_status":"closed","ping_status":"closed","template":"","meta":{"footnotes":""},"class_list":["post-1720","page","type-page","status-publish","hentry"],"translation":{"provider":"WPGlobus","version":"3.0.2","language":"ro","enabled_languages":["hu","gb","ro"],"languages":{"hu":{"title":true,"content":true,"excerpt":false},"gb":{"title":false,"content":false,"excerpt":false},"ro":{"title":false,"content":false,"excerpt":false}}},"_links":{"self":[{"href":"https:\/\/sintegroup.hu\/ro\/wp-json\/wp\/v2\/pages\/1720","targetHints":{"allow":["GET"]}}],"collection":[{"href":"https:\/\/sintegroup.hu\/ro\/wp-json\/wp\/v2\/pages"}],"about":[{"href":"https:\/\/sintegroup.hu\/ro\/wp-json\/wp\/v2\/types\/page"}],"author":[{"embeddable":true,"href":"https:\/\/sintegroup.hu\/ro\/wp-json\/wp\/v2\/users\/2"}],"replies":[{"embeddable":true,"href":"https:\/\/sintegroup.hu\/ro\/wp-json\/wp\/v2\/comments?post=1720"}],"version-history":[{"count":13,"href":"https:\/\/sintegroup.hu\/ro\/wp-json\/wp\/v2\/pages\/1720\/revisions"}],"predecessor-version":[{"id":1734,"href":"https:\/\/sintegroup.hu\/ro\/wp-json\/wp\/v2\/pages\/1720\/revisions\/1734"}],"wp:attachment":[{"href":"https:\/\/sintegroup.hu\/ro\/wp-json\/wp\/v2\/media?parent=1720"}],"curies":[{"name":"wp","href":"https:\/\/api.w.org\/{rel}","templated":true}]}}