{"id":1978,"date":"2023-08-08T07:52:06","date_gmt":"2023-08-08T07:52:06","guid":{"rendered":"https:\/\/sintegroup.hu\/?page_id=1978"},"modified":"2023-08-08T07:54:56","modified_gmt":"2023-08-08T07:54:56","slug":"silok-siv-08","status":"publish","type":"page","link":"https:\/\/sintegroup.hu\/ro\/silok-siv-08\/","title":{"rendered":"silok-SIV.08"},"content":{"rendered":"\n\t<section class=\"section\" id=\"section_264463928\">\n\t\t<div class=\"bg section-bg fill bg-fill  bg-loaded\" >\n\n\t\t\t\n\t\t\t\n\t\t\t\n\n\t\t<\/div>\n\n\t\t<div class=\"section-content relative\">\n\t\t\t\n\n<div class=\"elementor-element elementor-element-a67b0e6 elementor-widget elementor-widget-heading\" data-id=\"a67b0e6\" data-element_type=\"widget\" data-widget_type=\"heading.default\">\n<div class=\"elementor-widget-container\">\n<h2 class=\"elementor-heading-title elementor-size-default\" style=\"text-align: center;\">SIV.08<\/h2>\n<\/div>\n<\/div>\n<div class=\"row\"  id=\"row-926022600\">\n\n\n\t<div id=\"col-1966360269\" class=\"col medium-6 small-12 large-6\"  >\n\t\t\t\t<div class=\"col-inner text-center\"  >\n\t\t\t\n\t\t\t\n\n\t<div class=\"img has-hover x md-x lg-x y md-y lg-y\" id=\"image_1711471976\">\n\t\t\t\t\t\t\t\t<div class=\"img-inner dark\" >\n\t\t\t<img loading=\"lazy\" decoding=\"async\" width=\"902\" height=\"669\" src=\"https:\/\/sintegroup.hu\/wp-content\/uploads\/2023\/08\/Kepernyofoto-2023-08-08-9.37.04.png\" class=\"attachment-large size-large\" alt=\"\" srcset=\"https:\/\/sintegroup.hu\/wp-content\/uploads\/2023\/08\/Kepernyofoto-2023-08-08-9.37.04.png 902w, https:\/\/sintegroup.hu\/wp-content\/uploads\/2023\/08\/Kepernyofoto-2023-08-08-9.37.04-300x223.png 300w, https:\/\/sintegroup.hu\/wp-content\/uploads\/2023\/08\/Kepernyofoto-2023-08-08-9.37.04-768x570.png 768w, https:\/\/sintegroup.hu\/wp-content\/uploads\/2023\/08\/Kepernyofoto-2023-08-08-9.37.04-600x445.png 600w\" sizes=\"auto, (max-width: 902px) 100vw, 902px\" \/>\t\t\t\t\t\t\n\t\t\t\t\t<\/div>\n\t\t\t\t\t\t\t\t\n<style>\n#image_1711471976 {\n  width: 100%;\n}\n<\/style>\n\t<\/div>\n\t\n\n\t<div class=\"img has-hover x md-x lg-x y md-y lg-y\" id=\"image_1020248649\">\n\t\t<a class=\"image-lightbox lightbox-gallery\" title=\"\" href=\"https:\/\/sintegroup.hu\/wp-content\/uploads\/2023\/08\/Kepernyofoto-2023-08-08-9.41.28.png\">\t\t\t\t\t\t<div class=\"img-inner dark\" >\n\t\t\t<img loading=\"lazy\" decoding=\"async\" width=\"229\" height=\"415\" src=\"https:\/\/sintegroup.hu\/wp-content\/uploads\/2023\/08\/Kepernyofoto-2023-08-08-9.41.28.png\" class=\"attachment-large size-large\" alt=\"\" srcset=\"https:\/\/sintegroup.hu\/wp-content\/uploads\/2023\/08\/Kepernyofoto-2023-08-08-9.41.28.png 229w, https:\/\/sintegroup.hu\/wp-content\/uploads\/2023\/08\/Kepernyofoto-2023-08-08-9.41.28-166x300.png 166w\" sizes=\"auto, (max-width: 229px) 100vw, 229px\" \/>\t\t\t\t\t\t\n\t\t\t\t\t<\/div>\n\t\t\t\t\t\t<\/a>\t\t\n<style>\n#image_1020248649 {\n  width: 48%;\n}\n<\/style>\n\t<\/div>\n\t\n\n<div class=\"row\"  id=\"row-385296092\">\n\n\n\t<div id=\"col-1037892929\" class=\"col medium-6 small-12 large-6\"  >\n\t\t\t\t<div class=\"col-inner\"  >\n\t\t\t\n\t\t\t\n\n\t<div class=\"img has-hover x md-x lg-x y md-y lg-y\" id=\"image_556635067\">\n\t\t<a class=\"image-lightbox lightbox-gallery\" title=\"\" href=\"https:\/\/sintegroup.hu\/wp-content\/uploads\/2023\/08\/Kepernyofoto-2023-08-08-9.40.59.png\">\t\t\t\t\t\t<div class=\"img-inner dark\" >\n\t\t\t<img loading=\"lazy\" decoding=\"async\" width=\"626\" height=\"139\" src=\"https:\/\/sintegroup.hu\/wp-content\/uploads\/2023\/08\/Kepernyofoto-2023-08-08-9.40.59.png\" class=\"attachment-large size-large\" alt=\"\" srcset=\"https:\/\/sintegroup.hu\/wp-content\/uploads\/2023\/08\/Kepernyofoto-2023-08-08-9.40.59.png 626w, https:\/\/sintegroup.hu\/wp-content\/uploads\/2023\/08\/Kepernyofoto-2023-08-08-9.40.59-300x67.png 300w, https:\/\/sintegroup.hu\/wp-content\/uploads\/2023\/08\/Kepernyofoto-2023-08-08-9.40.59-600x133.png 600w\" sizes=\"auto, (max-width: 626px) 100vw, 626px\" \/>\t\t\t\t\t\t\n\t\t\t\t\t<\/div>\n\t\t\t\t\t\t<\/a>\t\t\n<style>\n#image_556635067 {\n  width: 100%;\n}\n<\/style>\n\t<\/div>\n\t\n\n\n\t\t<\/div>\n\t\t\t\t\t<\/div>\n\n\t\n\n\t<div id=\"col-83758675\" class=\"col medium-6 small-12 large-6\"  >\n\t\t\t\t<div class=\"col-inner\"  >\n\t\t\t\n\t\t\t\n\n\t<div class=\"img has-hover x md-x lg-x y md-y lg-y\" id=\"image_891883004\">\n\t\t<a class=\"image-lightbox lightbox-gallery\" title=\"\" href=\"https:\/\/sintegroup.hu\/wp-content\/uploads\/2023\/08\/Kepernyofoto-2023-08-08-9.42.06.png\">\t\t\t\t\t\t<div class=\"img-inner dark\" >\n\t\t\t<img loading=\"lazy\" decoding=\"async\" width=\"1003\" height=\"403\" src=\"https:\/\/sintegroup.hu\/wp-content\/uploads\/2023\/08\/Kepernyofoto-2023-08-08-9.42.06.png\" class=\"attachment-large size-large\" alt=\"\" srcset=\"https:\/\/sintegroup.hu\/wp-content\/uploads\/2023\/08\/Kepernyofoto-2023-08-08-9.42.06.png 1003w, https:\/\/sintegroup.hu\/wp-content\/uploads\/2023\/08\/Kepernyofoto-2023-08-08-9.42.06-300x121.png 300w, https:\/\/sintegroup.hu\/wp-content\/uploads\/2023\/08\/Kepernyofoto-2023-08-08-9.42.06-768x309.png 768w, https:\/\/sintegroup.hu\/wp-content\/uploads\/2023\/08\/Kepernyofoto-2023-08-08-9.42.06-600x241.png 600w\" sizes=\"auto, (max-width: 1003px) 100vw, 1003px\" \/>\t\t\t\t\t\t\n\t\t\t\t\t<\/div>\n\t\t\t\t\t\t<\/a>\t\t\n<style>\n#image_891883004 {\n  width: 100%;\n}\n<\/style>\n\t<\/div>\n\t\n\n\n\t\t<\/div>\n\t\t\t\t\t<\/div>\n\n\t\n\n<\/div>\n\n\t\t<\/div>\n\t\t\t\t\t<\/div>\n\n\t\n\n\t<div id=\"col-218959629\" class=\"col medium-6 small-12 large-6\"  >\n\t\t\t\t<div class=\"col-inner\"  >\n\t\t\t\n\t\t\t\n\n<div class=\"elementor-element elementor-element-4e2d627 elementor-widget elementor-widget-heading\" data-id=\"4e2d627\" data-element_type=\"widget\" data-widget_type=\"heading.default\">\n<div class=\"elementor-widget-container\">\n<h3 class=\"elementor-heading-title elementor-size-default\">U\u0308vegsza\u0301las Silo\u0301k<\/h3>\n<\/div>\n<\/div>\n<div class=\"elementor-element elementor-element-4efe534 elementor-widget elementor-widget-text-editor\" data-id=\"4efe534\" data-element_type=\"widget\" data-widget_type=\"text-editor.default\">\n<div class=\"elementor-widget-container\">Kapacit\u00e1s: 8 m3, 4.8 t,<br \/>L\u00e1bak: 3,<br \/>R\u00e9szek: 2,<br \/>Magass\u00e1g: 4780+300 mm,<br \/>Sz\u00e9less\u00e9g: 2500 mm,<br \/>M\u00e9lys\u00e9g: 2500 mm,<br \/>Sil\u00f3henger \u00e1tm\u00e9r\u0151je: 2000 mm,<br \/>Bet\u00f6lt\u0151 garat \u00e1tm\u00e9r\u0151: 830 mm,<br \/>Suber ny\u00edl\u00e1s \u00e1tm\u00e9r\u0151: 780 mm,<br \/>A mu\u030banyagbo\u0301l ke\u0301szu\u0308lt tarta\u0301lyokkal ellente\u0301tben az u\u0308vegsza\u0301las silo\u0301k minden ido\u030bja\u0301ra\u0301si ko\u0308ru\u0308lme\u0301nyhez alkalmazkodnak, -50\u00b0C e\u0301s +60\u00b0C ko\u0308zo\u0308tti ho\u030bme\u0301rse\u0301klet-tartoma\u0301nyban. A nagyon me\u0301ly ese\u0301si szo\u0308gek (63\u00b0 e\u0301s 70\u00b0 ko\u0308zo\u0308tt) e\u0301s a sze\u0301les kile\u0301po\u030bnyi\u0301la\u0301sok mindenfajta o\u0308mlesztett terme\u0301k ko\u0308nnyu\u030b kicsu\u0301sztata\u0301sa\u0301t e\u0301s kiemele\u0301se\u0301t garanta\u0301lja\u0301k. Nem alakul ki rajta pene\u0301sz e\u0301s toxinok, e\u0301s ta\u0301pe\u0301rte\u0301ke va\u0301ltozatlan marad az elso\u030b napto\u0301l az utolso\u0301ig. Az eredme\u0301ny: ege\u0301szse\u0301gesebb a\u0301llatok e\u0301s nincs takarma\u0301nyvesztese\u0301g (= jelento\u030bs megtakari\u0301ta\u0301s). A silo\u0301k e\u0301ppu\u0301gy alkalmasak lisztes terme\u0301kek ta\u0301rola\u0301sa\u0301ra, mint szemcse\u0301s e\u0301s pelleta\u0301lt terme\u0301kek ta\u0301rola\u0301sa\u0301ra, valamint nehe\u0301z e\u0301s maro\u0301 hata\u0301su\u0301 terme\u0301kek, pe\u0301lda\u0301ul a\u0301sva\u0301nyi so\u0301k e\u0301s vegyi mu\u030btra\u0301gya\u0301k ta\u0301rola\u0301sa\u0301ra is.<\/div>\n<\/div>\n<div class=\"elementor-element elementor-element-83a0910 elementor-widget elementor-widget-button\" data-id=\"83a0910\" data-element_type=\"widget\" data-widget_type=\"button.default\">\u00a0<\/div>\n\n\t\t<\/div>\n\t\t\t\t\t<\/div>\n\n\t\n\n<\/div>\n\n\t\t<\/div>\n\n\t\t\n<style>\n#section_264463928 {\n  padding-top: 30px;\n  padding-bottom: 30px;\n}\n<\/style>\n\t<\/section>\n\t\n\n","protected":false},"excerpt":{"rendered":"","protected":false},"author":2,"featured_media":0,"parent":0,"menu_order":0,"comment_status":"closed","ping_status":"closed","template":"","meta":{"footnotes":""},"class_list":["post-1978","page","type-page","status-publish","hentry"],"translation":{"provider":"WPGlobus","version":"3.0.2","language":"ro","enabled_languages":["hu","gb","ro"],"languages":{"hu":{"title":true,"content":true,"excerpt":false},"gb":{"title":false,"content":false,"excerpt":false},"ro":{"title":false,"content":false,"excerpt":false}}},"_links":{"self":[{"href":"https:\/\/sintegroup.hu\/ro\/wp-json\/wp\/v2\/pages\/1978","targetHints":{"allow":["GET"]}}],"collection":[{"href":"https:\/\/sintegroup.hu\/ro\/wp-json\/wp\/v2\/pages"}],"about":[{"href":"https:\/\/sintegroup.hu\/ro\/wp-json\/wp\/v2\/types\/page"}],"author":[{"embeddable":true,"href":"https:\/\/sintegroup.hu\/ro\/wp-json\/wp\/v2\/users\/2"}],"replies":[{"embeddable":true,"href":"https:\/\/sintegroup.hu\/ro\/wp-json\/wp\/v2\/comments?post=1978"}],"version-history":[{"count":4,"href":"https:\/\/sintegroup.hu\/ro\/wp-json\/wp\/v2\/pages\/1978\/revisions"}],"predecessor-version":[{"id":1983,"href":"https:\/\/sintegroup.hu\/ro\/wp-json\/wp\/v2\/pages\/1978\/revisions\/1983"}],"wp:attachment":[{"href":"https:\/\/sintegroup.hu\/ro\/wp-json\/wp\/v2\/media?parent=1978"}],"curies":[{"name":"wp","href":"https:\/\/api.w.org\/{rel}","templated":true}]}}