{"id":2007,"date":"2023-08-08T08:15:07","date_gmt":"2023-08-08T08:15:07","guid":{"rendered":"https:\/\/sintegroup.hu\/?page_id=2007"},"modified":"2023-08-08T08:22:48","modified_gmt":"2023-08-08T08:22:48","slug":"kcs-150-09-merev-kosaras-csocsiga","status":"publish","type":"page","link":"https:\/\/sintegroup.hu\/ro\/kcs-150-09-merev-kosaras-csocsiga\/","title":{"rendered":"KCS 150\/09 Merev kosaras cs\u0151csiga"},"content":{"rendered":"\n\t<section class=\"section\" id=\"section_608487884\">\n\t\t<div class=\"bg section-bg fill bg-fill  bg-loaded\" >\n\n\t\t\t\n\t\t\t\n\t\t\t\n\n\t\t<\/div>\n\n\t\t<div class=\"section-content relative\">\n\t\t\t\n\n<header class=\"page-header\">\n<h1 class=\"entry-title\" style=\"text-align: center;\">KCS 150\/09 Merev kosaras cs\u0151csiga<\/h1>\n<\/header>\n<div class=\"page-content\">\n<section class=\"elementor-section elementor-top-section elementor-element elementor-element-b3cf633 elementor-section-boxed elementor-section-height-default elementor-section-height-default\" data-id=\"b3cf633\" data-element_type=\"section\">\n<div class=\"elementor-container elementor-column-gap-default\">\n<div class=\"elementor-column elementor-col-100 elementor-top-column elementor-element elementor-element-8357aab\" data-id=\"8357aab\" data-element_type=\"column\">\n<div class=\"elementor-widget-wrap elementor-element-populated\">\n<section class=\"elementor-section elementor-inner-section elementor-element elementor-element-78f001e elementor-section-boxed elementor-section-height-default elementor-section-height-default\" data-id=\"78f001e\" data-element_type=\"section\">\n<div class=\"elementor-container elementor-column-gap-default\">\n<div class=\"elementor-column elementor-col-50 elementor-inner-column elementor-element elementor-element-f993428\" data-id=\"f993428\" data-element_type=\"column\">\n<div class=\"elementor-widget-wrap elementor-element-populated\">\n<div class=\"elementor-element elementor-element-7b10d75c elementor-widget elementor-widget-image\" style=\"text-align: center;\" data-id=\"7b10d75c\" data-element_type=\"widget\" data-widget_type=\"image.default\">\u00a0<\/div>\n<\/div>\n<\/div>\n<\/div>\n<\/section>\n<\/div>\n<\/div>\n<\/div>\n<\/section>\n<\/div>\n<div class=\"row\"  id=\"row-1363780235\">\n\n\n\t<div id=\"col-1460877903\" class=\"col medium-6 small-12 large-6\"  >\n\t\t\t\t<div class=\"col-inner\"  >\n\t\t\t\n\t\t\t\n\n\t<div class=\"img has-hover x md-x lg-x y md-y lg-y\" id=\"image_157350867\">\n\t\t\t\t\t\t\t\t<div class=\"img-inner dark\" >\n\t\t\t<img loading=\"lazy\" decoding=\"async\" width=\"879\" height=\"654\" src=\"https:\/\/sintegroup.hu\/wp-content\/uploads\/2023\/08\/Kepernyofoto-2023-08-08-10.12.57.png\" class=\"attachment-large size-large\" alt=\"\" srcset=\"https:\/\/sintegroup.hu\/wp-content\/uploads\/2023\/08\/Kepernyofoto-2023-08-08-10.12.57.png 879w, https:\/\/sintegroup.hu\/wp-content\/uploads\/2023\/08\/Kepernyofoto-2023-08-08-10.12.57-300x223.png 300w, https:\/\/sintegroup.hu\/wp-content\/uploads\/2023\/08\/Kepernyofoto-2023-08-08-10.12.57-768x571.png 768w, https:\/\/sintegroup.hu\/wp-content\/uploads\/2023\/08\/Kepernyofoto-2023-08-08-10.12.57-600x446.png 600w\" sizes=\"auto, (max-width: 879px) 100vw, 879px\" \/>\t\t\t\t\t\t\n\t\t\t\t\t<\/div>\n\t\t\t\t\t\t\t\t\n<style>\n#image_157350867 {\n  width: 100%;\n}\n<\/style>\n\t<\/div>\n\t\n\n\n\t\t<\/div>\n\t\t\t\t\t<\/div>\n\n\t\n\n\t<div id=\"col-1224361429\" class=\"col medium-6 small-12 large-6\"  >\n\t\t\t\t<div class=\"col-inner\"  >\n\t\t\t\n\t\t\t\n\n<div class=\"elementor-element elementor-element-4e2d627 elementor-widget elementor-widget-heading\" data-id=\"4e2d627\" data-element_type=\"widget\" data-widget_type=\"heading.default\">\n<div class=\"elementor-widget-container\">\n<h3 class=\"elementor-heading-title elementor-size-default\">Sinte Group garatos cs\u0151csiga<\/h3>\n<p class=\"elementor-heading-title elementor-size-default\">cs\u0151\u00e1tm\u00e9r\u0151: 150 mm,<br \/><span style=\"color: #333333; font-size: 14.4px;\">falvastags\u00e1g: 1.5mm,<br \/><\/span><span style=\"color: #333333; font-size: 14.4px;\">Hossz: 9 m,<br \/><\/span><span style=\"color: #333333; font-size: 14.4px;\">Hajt\u00f3m\u0171ves motor teljes\u00edtm\u00e9ny: 3 kW,<br \/><\/span><span style=\"color: #333333; font-size: 14.4px;\">Fut\u00f3sz\u00e1ll\u00edt\u00f3 kocsival, cs\u00f6rl\u0151vel \u00e1ll\u00edthat\u00f3<\/span><\/p>\n<\/div>\n<\/div>\n\n\t\t<\/div>\n\t\t\t\t\t<\/div>\n\n\t\n\n<\/div>\n\n\t\t<\/div>\n\n\t\t\n<style>\n#section_608487884 {\n  padding-top: 30px;\n  padding-bottom: 30px;\n}\n<\/style>\n\t<\/section>\n\t\n\n","protected":false},"excerpt":{"rendered":"","protected":false},"author":2,"featured_media":0,"parent":0,"menu_order":0,"comment_status":"closed","ping_status":"closed","template":"","meta":{"footnotes":""},"class_list":["post-2007","page","type-page","status-publish","hentry"],"translation":{"provider":"WPGlobus","version":"3.0.2","language":"ro","enabled_languages":["hu","gb","ro"],"languages":{"hu":{"title":true,"content":true,"excerpt":false},"gb":{"title":false,"content":false,"excerpt":false},"ro":{"title":false,"content":false,"excerpt":false}}},"_links":{"self":[{"href":"https:\/\/sintegroup.hu\/ro\/wp-json\/wp\/v2\/pages\/2007","targetHints":{"allow":["GET"]}}],"collection":[{"href":"https:\/\/sintegroup.hu\/ro\/wp-json\/wp\/v2\/pages"}],"about":[{"href":"https:\/\/sintegroup.hu\/ro\/wp-json\/wp\/v2\/types\/page"}],"author":[{"embeddable":true,"href":"https:\/\/sintegroup.hu\/ro\/wp-json\/wp\/v2\/users\/2"}],"replies":[{"embeddable":true,"href":"https:\/\/sintegroup.hu\/ro\/wp-json\/wp\/v2\/comments?post=2007"}],"version-history":[{"count":4,"href":"https:\/\/sintegroup.hu\/ro\/wp-json\/wp\/v2\/pages\/2007\/revisions"}],"predecessor-version":[{"id":2019,"href":"https:\/\/sintegroup.hu\/ro\/wp-json\/wp\/v2\/pages\/2007\/revisions\/2019"}],"wp:attachment":[{"href":"https:\/\/sintegroup.hu\/ro\/wp-json\/wp\/v2\/media?parent=2007"}],"curies":[{"name":"wp","href":"https:\/\/api.w.org\/{rel}","templated":true}]}}