{"id":2025,"date":"2023-08-08T08:27:25","date_gmt":"2023-08-08T08:27:25","guid":{"rendered":"https:\/\/sintegroup.hu\/?page_id=2025"},"modified":"2023-08-08T08:30:02","modified_gmt":"2023-08-08T08:30:02","slug":"amgcs1509-merev-garatos-csocsiga","status":"publish","type":"page","link":"https:\/\/sintegroup.hu\/ro\/amgcs1509-merev-garatos-csocsiga\/","title":{"rendered":"AMGCS1509 Merev garatos cs\u0151csiga,"},"content":{"rendered":"\n\t<section class=\"section\" id=\"section_797698303\">\n\t\t<div class=\"bg section-bg fill bg-fill  bg-loaded\" >\n\n\t\t\t\n\t\t\t\n\t\t\t\n\n\t\t<\/div>\n\n\t\t<div class=\"section-content relative\">\n\t\t\t\n\n\t<div id=\"text-4063313135\" class=\"text\">\n\t\t\n\n<header class=\"page-header\">\n<h1 class=\"entry-title\">AMGCS1509 Merev garatos cs\u0151csiga,<\/h1>\n<\/header>\n\t\t\n<style>\n#text-4063313135 {\n  text-align: center;\n}\n<\/style>\n\t<\/div>\n\t\n<div class=\"row\"  id=\"row-2019405615\">\n\n\n\t<div id=\"col-1322521970\" class=\"col medium-6 small-12 large-6\"  >\n\t\t\t\t<div class=\"col-inner\"  >\n\t\t\t\n\t\t\t\n\n\t<div class=\"img has-hover x md-x lg-x y md-y lg-y\" id=\"image_1534616978\">\n\t\t\t\t\t\t\t\t<div class=\"img-inner dark\" >\n\t\t\t<img loading=\"lazy\" decoding=\"async\" width=\"879\" height=\"654\" src=\"https:\/\/sintegroup.hu\/wp-content\/uploads\/2023\/08\/Kepernyofoto-2023-08-08-10.12.57.png\" class=\"attachment-large size-large\" alt=\"\" srcset=\"https:\/\/sintegroup.hu\/wp-content\/uploads\/2023\/08\/Kepernyofoto-2023-08-08-10.12.57.png 879w, https:\/\/sintegroup.hu\/wp-content\/uploads\/2023\/08\/Kepernyofoto-2023-08-08-10.12.57-300x223.png 300w, https:\/\/sintegroup.hu\/wp-content\/uploads\/2023\/08\/Kepernyofoto-2023-08-08-10.12.57-768x571.png 768w, https:\/\/sintegroup.hu\/wp-content\/uploads\/2023\/08\/Kepernyofoto-2023-08-08-10.12.57-600x446.png 600w\" sizes=\"auto, (max-width: 879px) 100vw, 879px\" \/>\t\t\t\t\t\t\n\t\t\t\t\t<\/div>\n\t\t\t\t\t\t\t\t\n<style>\n#image_1534616978 {\n  width: 100%;\n}\n<\/style>\n\t<\/div>\n\t\n\n\n\t\t<\/div>\n\t\t\t\t\t<\/div>\n\n\t\n\n\t<div id=\"col-597417709\" class=\"col medium-6 small-12 large-6\"  >\n\t\t\t\t<div class=\"col-inner\"  >\n\t\t\t\n\t\t\t\n\n<div class=\"elementor-element elementor-element-4e2d627 elementor-widget elementor-widget-heading\" data-id=\"4e2d627\" data-element_type=\"widget\" data-widget_type=\"heading.default\">\n<div class=\"elementor-widget-container\">\n<h3 class=\"elementor-heading-title elementor-size-default\">Sinte Group garatos cs\u0151csiga<\/h3>\n<\/div>\n<\/div>\n<div class=\"elementor-element elementor-element-4efe534 elementor-widget elementor-widget-text-editor\" data-id=\"4efe534\" data-element_type=\"widget\" data-widget_type=\"text-editor.default\">\n<div class=\"elementor-widget-container\">cs\u0151\u00e1tm\u00e9r\u0151: 150 mm,<br \/>falvastags\u00e1g: 1.5mm,<br \/>Hossz: 9 m,<br \/>Hajt\u00f3m\u0171ves motor teljes\u00edtm\u00e9ny: 3 kW,<br \/>1000 x 1000 mm-es f\u00e9mtart\u00e1llyal \u00e9s cs\u00f6rl\u0151vel \u00e1ll\u00edthat\u00f3, fut\u00f3sz\u00e1ll\u00edt\u00f3 kocsival.<\/div>\n<\/div>\n\n\t\t<\/div>\n\t\t\t\t\t<\/div>\n\n\t\n\n<\/div>\n\n\t\t<\/div>\n\n\t\t\n<style>\n#section_797698303 {\n  padding-top: 30px;\n  padding-bottom: 30px;\n}\n<\/style>\n\t<\/section>\n\t\n\n","protected":false},"excerpt":{"rendered":"","protected":false},"author":2,"featured_media":0,"parent":0,"menu_order":0,"comment_status":"closed","ping_status":"closed","template":"","meta":{"footnotes":""},"class_list":["post-2025","page","type-page","status-publish","hentry"],"translation":{"provider":"WPGlobus","version":"3.0.2","language":"ro","enabled_languages":["hu","gb","ro"],"languages":{"hu":{"title":true,"content":true,"excerpt":false},"gb":{"title":false,"content":false,"excerpt":false},"ro":{"title":false,"content":false,"excerpt":false}}},"_links":{"self":[{"href":"https:\/\/sintegroup.hu\/ro\/wp-json\/wp\/v2\/pages\/2025","targetHints":{"allow":["GET"]}}],"collection":[{"href":"https:\/\/sintegroup.hu\/ro\/wp-json\/wp\/v2\/pages"}],"about":[{"href":"https:\/\/sintegroup.hu\/ro\/wp-json\/wp\/v2\/types\/page"}],"author":[{"embeddable":true,"href":"https:\/\/sintegroup.hu\/ro\/wp-json\/wp\/v2\/users\/2"}],"replies":[{"embeddable":true,"href":"https:\/\/sintegroup.hu\/ro\/wp-json\/wp\/v2\/comments?post=2025"}],"version-history":[{"count":7,"href":"https:\/\/sintegroup.hu\/ro\/wp-json\/wp\/v2\/pages\/2025\/revisions"}],"predecessor-version":[{"id":2033,"href":"https:\/\/sintegroup.hu\/ro\/wp-json\/wp\/v2\/pages\/2025\/revisions\/2033"}],"wp:attachment":[{"href":"https:\/\/sintegroup.hu\/ro\/wp-json\/wp\/v2\/media?parent=2025"}],"curies":[{"name":"wp","href":"https:\/\/api.w.org\/{rel}","templated":true}]}}