{"id":2036,"date":"2023-08-08T08:32:11","date_gmt":"2023-08-08T08:32:11","guid":{"rendered":"https:\/\/sintegroup.hu\/?page_id=2036"},"modified":"2023-08-08T08:35:23","modified_gmt":"2023-08-08T08:35:23","slug":"ellenaramu-keverogep-kapacitas-1000l","status":"publish","type":"page","link":"https:\/\/sintegroup.hu\/ro\/ellenaramu-keverogep-kapacitas-1000l\/","title":{"rendered":"Ellen\u00e1ram\u00fa kever\u0151g\u00e9p \u2013 kapacit\u00e1s: 1000l"},"content":{"rendered":"\n\t<section class=\"section\" id=\"section_159642895\">\n\t\t<div class=\"bg section-bg fill bg-fill  bg-loaded\" >\n\n\t\t\t\n\t\t\t\n\t\t\t\n\n\t\t<\/div>\n\n\t\t<div class=\"section-content relative\">\n\t\t\t\n\n<h2 class=\"elementor-heading-title elementor-size-default\" style=\"text-align: center;\">Ellen\u00e1ram\u00fa kever\u0151g\u00e9p \u2013 kapacit\u00e1s: 1000l<\/h2>\n<div class=\"row\"  id=\"row-2070327645\">\n\n\n\t<div id=\"col-915718834\" class=\"col medium-6 small-12 large-6\"  >\n\t\t\t\t<div class=\"col-inner\"  >\n\t\t\t\n\t\t\t\n\n\t<div class=\"img has-hover x md-x lg-x y md-y lg-y\" id=\"image_1768008696\">\n\t\t\t\t\t\t\t\t<div class=\"img-inner dark\" >\n\t\t\t<img loading=\"lazy\" decoding=\"async\" width=\"482\" height=\"626\" src=\"https:\/\/sintegroup.hu\/wp-content\/uploads\/2023\/08\/Kepernyofoto-2023-08-08-10.32.37.png\" class=\"attachment-large size-large\" alt=\"\" srcset=\"https:\/\/sintegroup.hu\/wp-content\/uploads\/2023\/08\/Kepernyofoto-2023-08-08-10.32.37.png 482w, https:\/\/sintegroup.hu\/wp-content\/uploads\/2023\/08\/Kepernyofoto-2023-08-08-10.32.37-231x300.png 231w\" sizes=\"auto, (max-width: 482px) 100vw, 482px\" \/>\t\t\t\t\t\t\n\t\t\t\t\t<\/div>\n\t\t\t\t\t\t\t\t\n<style>\n#image_1768008696 {\n  width: 100%;\n}\n<\/style>\n\t<\/div>\n\t\n\n\n\t\t<\/div>\n\t\t\t\t\t<\/div>\n\n\t\n\n\t<div id=\"col-2092369282\" class=\"col medium-6 small-12 large-6\"  >\n\t\t\t\t<div class=\"col-inner\"  >\n\t\t\t\n\t\t\t\n\n<div class=\"elementor-element elementor-element-4e2d627 elementor-widget elementor-widget-heading\" data-id=\"4e2d627\" data-element_type=\"widget\" data-widget_type=\"heading.default\">\n<div class=\"elementor-widget-container\">\n<h3 class=\"elementor-heading-title elementor-size-default\">Ellen\u00e1ram\u00fa kever\u0151g\u00e9p<\/h3>\n<\/div>\n<\/div>\n<div class=\"elementor-element elementor-element-4efe534 elementor-widget elementor-widget-text-editor\" data-id=\"4efe534\" data-element_type=\"widget\" data-widget_type=\"text-editor.default\">\n<div class=\"elementor-widget-container\">Szalagos kever\u0151g\u00e9p, pneumatikus leereszt\u0151 tol\u00f3z\u00e1rral sz\u00e9nac\u00e9l kivitelben.<br \/>Kapacit\u00e1s: 1000 l,<br \/>motor: 7.5 kW,<br \/>Telep\u00edt\u00e9s \u00e9s \u00e1llv\u00e1ny n\u00e9lk\u00fcl<\/div>\n<\/div>\n\n\t\t<\/div>\n\t\t\t\t\t<\/div>\n\n\t\n\n<\/div>\n\n\t\t<\/div>\n\n\t\t\n<style>\n#section_159642895 {\n  padding-top: 30px;\n  padding-bottom: 30px;\n}\n<\/style>\n\t<\/section>\n\t\n\n","protected":false},"excerpt":{"rendered":"","protected":false},"author":2,"featured_media":0,"parent":0,"menu_order":0,"comment_status":"closed","ping_status":"closed","template":"","meta":{"footnotes":""},"class_list":["post-2036","page","type-page","status-publish","hentry"],"translation":{"provider":"WPGlobus","version":"3.0.2","language":"ro","enabled_languages":["hu","gb","ro"],"languages":{"hu":{"title":true,"content":true,"excerpt":false},"gb":{"title":false,"content":false,"excerpt":false},"ro":{"title":false,"content":false,"excerpt":false}}},"_links":{"self":[{"href":"https:\/\/sintegroup.hu\/ro\/wp-json\/wp\/v2\/pages\/2036","targetHints":{"allow":["GET"]}}],"collection":[{"href":"https:\/\/sintegroup.hu\/ro\/wp-json\/wp\/v2\/pages"}],"about":[{"href":"https:\/\/sintegroup.hu\/ro\/wp-json\/wp\/v2\/types\/page"}],"author":[{"embeddable":true,"href":"https:\/\/sintegroup.hu\/ro\/wp-json\/wp\/v2\/users\/2"}],"replies":[{"embeddable":true,"href":"https:\/\/sintegroup.hu\/ro\/wp-json\/wp\/v2\/comments?post=2036"}],"version-history":[{"count":3,"href":"https:\/\/sintegroup.hu\/ro\/wp-json\/wp\/v2\/pages\/2036\/revisions"}],"predecessor-version":[{"id":2041,"href":"https:\/\/sintegroup.hu\/ro\/wp-json\/wp\/v2\/pages\/2036\/revisions\/2041"}],"wp:attachment":[{"href":"https:\/\/sintegroup.hu\/ro\/wp-json\/wp\/v2\/media?parent=2036"}],"curies":[{"name":"wp","href":"https:\/\/api.w.org\/{rel}","templated":true}]}}