{"id":2078,"date":"2023-08-09T07:20:12","date_gmt":"2023-08-09T07:20:12","guid":{"rendered":"https:\/\/sintegroup.hu\/?page_id=2078"},"modified":"2023-08-09T07:23:24","modified_gmt":"2023-08-09T07:23:24","slug":"sml-450-kevero","status":"publish","type":"page","link":"https:\/\/sintegroup.hu\/ro\/sml-450-kevero\/","title":{"rendered":"SML 450 \u2013 kever\u0151"},"content":{"rendered":"\n\t<section class=\"section\" id=\"section_363803287\">\n\t\t<div class=\"bg section-bg fill bg-fill  bg-loaded\" >\n\n\t\t\t\n\t\t\t\n\t\t\t\n\n\t\t<\/div>\n\n\t\t<div class=\"section-content relative\">\n\t\t\t\n\n<div class=\"elementor-element elementor-element-a67b0e6 elementor-widget elementor-widget-heading\" data-id=\"a67b0e6\" data-element_type=\"widget\" data-widget_type=\"heading.default\">\n<div class=\"elementor-widget-container\">\n<h2 class=\"elementor-heading-title elementor-size-default\" style=\"text-align: center;\">SML 450 \u2013 kever\u0151<\/h2>\n<\/div>\n<\/div>\n<div class=\"elementor-element elementor-element-4e2d627 elementor-widget elementor-widget-heading\" data-id=\"4e2d627\" data-element_type=\"widget\" data-widget_type=\"heading.default\">\n<div class=\"elementor-widget-container\">\u00a0<\/div>\n<\/div>\n<div class=\"row\"  id=\"row-319036676\">\n\n\n\t<div id=\"col-1828329785\" class=\"col medium-6 small-12 large-6\"  >\n\t\t\t\t<div class=\"col-inner\"  >\n\t\t\t\n\t\t\t\n\n\t<div class=\"img has-hover x md-x lg-x y md-y lg-y\" id=\"image_1695291655\">\n\t\t<a class=\"image-lightbox lightbox-gallery\" title=\"\" href=\"https:\/\/sintegroup.hu\/wp-content\/uploads\/2023\/08\/SML-Daralo-kevero-01.png\">\t\t\t\t\t\t<div class=\"img-inner dark\" >\n\t\t\t<img loading=\"lazy\" decoding=\"async\" width=\"1020\" height=\"574\" src=\"https:\/\/sintegroup.hu\/wp-content\/uploads\/2023\/08\/SML-Daralo-kevero-01-1024x576.png\" class=\"attachment-large size-large\" alt=\"\" srcset=\"https:\/\/sintegroup.hu\/wp-content\/uploads\/2023\/08\/SML-Daralo-kevero-01-1024x576.png 1024w, https:\/\/sintegroup.hu\/wp-content\/uploads\/2023\/08\/SML-Daralo-kevero-01-300x169.png 300w, https:\/\/sintegroup.hu\/wp-content\/uploads\/2023\/08\/SML-Daralo-kevero-01-768x432.png 768w, https:\/\/sintegroup.hu\/wp-content\/uploads\/2023\/08\/SML-Daralo-kevero-01-1536x864.png 1536w, https:\/\/sintegroup.hu\/wp-content\/uploads\/2023\/08\/SML-Daralo-kevero-01-600x338.png 600w, https:\/\/sintegroup.hu\/wp-content\/uploads\/2023\/08\/SML-Daralo-kevero-01.png 1920w\" sizes=\"auto, (max-width: 1020px) 100vw, 1020px\" \/>\t\t\t\t\t\t\n\t\t\t\t\t<\/div>\n\t\t\t\t\t\t<\/a>\t\t\n<style>\n#image_1695291655 {\n  width: 100%;\n}\n<\/style>\n\t<\/div>\n\t\n\n\t<div class=\"img has-hover x md-x lg-x y md-y lg-y\" id=\"image_2036653572\">\n\t\t<a class=\"image-lightbox lightbox-gallery\" title=\"\" href=\"https:\/\/sintegroup.hu\/wp-content\/uploads\/2023\/08\/sml_rajz.png\">\t\t\t\t\t\t<div class=\"img-inner dark\" >\n\t\t\t<img loading=\"lazy\" decoding=\"async\" width=\"912\" height=\"649\" src=\"https:\/\/sintegroup.hu\/wp-content\/uploads\/2023\/08\/sml_rajz.png\" class=\"attachment-large size-large\" alt=\"\" srcset=\"https:\/\/sintegroup.hu\/wp-content\/uploads\/2023\/08\/sml_rajz.png 912w, https:\/\/sintegroup.hu\/wp-content\/uploads\/2023\/08\/sml_rajz-300x213.png 300w, https:\/\/sintegroup.hu\/wp-content\/uploads\/2023\/08\/sml_rajz-768x547.png 768w, https:\/\/sintegroup.hu\/wp-content\/uploads\/2023\/08\/sml_rajz-600x427.png 600w\" sizes=\"auto, (max-width: 912px) 100vw, 912px\" \/>\t\t\t\t\t\t\n\t\t\t\t\t<\/div>\n\t\t\t\t\t\t<\/a>\t\t\n<style>\n#image_2036653572 {\n  width: 100%;\n}\n<\/style>\n\t<\/div>\n\t\n\n\n\t\t<\/div>\n\t\t\t\t\t<\/div>\n\n\t\n\n\t<div id=\"col-592156711\" class=\"col medium-6 small-12 large-6\"  >\n\t\t\t\t<div class=\"col-inner\"  >\n\t\t\t\n\t\t\t\n\n<div class=\"elementor-element elementor-element-4e2d627 elementor-widget elementor-widget-heading\" data-id=\"4e2d627\" data-element_type=\"widget\" data-widget_type=\"heading.default\">\n<div class=\"elementor-widget-container\">\n<h3 class=\"elementor-heading-title elementor-size-default\">SML ferde kever\u0151<\/h3>\n<\/div>\n<\/div>\n<div class=\"elementor-element elementor-element-4efe534 elementor-widget elementor-widget-text-editor\" data-id=\"4efe534\" data-element_type=\"widget\" data-widget_type=\"text-editor.default\">\n<div class=\"elementor-widget-container\">A kever\u0151g\u00e9p teteje horganyzott kivitelben, a g\u00e9ptest pedig festett kivitelben k\u00e9sz\u00fcl.<br \/>Kiv\u00e1l\u00f3 min\u0151s\u00e9g\u0171 eredm\u00e9ny, r\u00f6vid id\u0151 alatt. Pormentes, csendes \u00e9s gyors kever\u00e9si folyamat a nagy kever\u0151csavarnak, illetve a hajt\u00f3m\u0171v\u00f6n kereszt\u00fcl t\u00f6rt\u00e9n\u0151 k\u00f6zvetlen meghajt\u00e1snak k\u00f6sz\u00f6nhet\u0151en \u2013 mind\u00f6ssze 3-10 perc a kever\u00e9si id\u0151. A kever\u0151csiga balra \u00e9s jobbra forg\u00e1sa lehet\u0151v\u00e9 teszi a kever\u0151 teljes ki\u00fcr\u00edt\u00e9s\u00e9t.<br \/>A tiszt\u00edt\u00f3ajt\u00f3nak k\u00f6sz\u00f6nhet\u0151en k\u00f6nny\u0171 a tiszt\u00edt\u00e1sa.<br \/>Dar\u00e1l\u00f3 csatlakoztat\u00e1sra el\u0151k\u00e9sz\u00edtve gy\u00e1rtva.<br \/>A tiszt\u00edt\u00f3ajt\u00f3nak k\u00f6sz\u00f6nhet\u0151en k\u00f6nny\u0171 a tiszt\u00edt\u00e1sa.<br \/>Sz\u00e1raz \u00e9s nedves kever\u00e9k el\u0151\u00e1ll\u00edt\u00e1s\u00e1hoz haszn\u00e1lj\u00e1k a leggyakrabban. A kever\u00e9si pontoss\u00e1g nagyon magas \u2013 1:100 000. A ferde kever\u0151 gy\u00f3gyszerek beadagol\u00e1s\u00e1ra is alkalmas.<br \/>magass\u00e1g: 2110 mm,<br \/>hossz: 2620 mm,<br \/>gabona ki\u00f6ml\u0151 ny\u00edl\u00e1s: 200\u00d7200 mm,<br \/>t\u00f6lt\u0151s\u00faly: 450 kg \/ 1000 l,<br \/>motor: 3.0 kW<\/div>\n<\/div>\n\n\t\t<\/div>\n\t\t\t\t\t<\/div>\n\n\t\n\n<\/div>\n\n\t\t<\/div>\n\n\t\t\n<style>\n#section_363803287 {\n  padding-top: 30px;\n  padding-bottom: 30px;\n}\n<\/style>\n\t<\/section>\n\t\n\n","protected":false},"excerpt":{"rendered":"","protected":false},"author":2,"featured_media":0,"parent":0,"menu_order":0,"comment_status":"closed","ping_status":"closed","template":"","meta":{"footnotes":""},"class_list":["post-2078","page","type-page","status-publish","hentry"],"translation":{"provider":"WPGlobus","version":"3.0.2","language":"ro","enabled_languages":["hu","gb","ro"],"languages":{"hu":{"title":true,"content":true,"excerpt":false},"gb":{"title":false,"content":false,"excerpt":false},"ro":{"title":false,"content":false,"excerpt":false}}},"_links":{"self":[{"href":"https:\/\/sintegroup.hu\/ro\/wp-json\/wp\/v2\/pages\/2078","targetHints":{"allow":["GET"]}}],"collection":[{"href":"https:\/\/sintegroup.hu\/ro\/wp-json\/wp\/v2\/pages"}],"about":[{"href":"https:\/\/sintegroup.hu\/ro\/wp-json\/wp\/v2\/types\/page"}],"author":[{"embeddable":true,"href":"https:\/\/sintegroup.hu\/ro\/wp-json\/wp\/v2\/users\/2"}],"replies":[{"embeddable":true,"href":"https:\/\/sintegroup.hu\/ro\/wp-json\/wp\/v2\/comments?post=2078"}],"version-history":[{"count":4,"href":"https:\/\/sintegroup.hu\/ro\/wp-json\/wp\/v2\/pages\/2078\/revisions"}],"predecessor-version":[{"id":2083,"href":"https:\/\/sintegroup.hu\/ro\/wp-json\/wp\/v2\/pages\/2078\/revisions\/2083"}],"wp:attachment":[{"href":"https:\/\/sintegroup.hu\/ro\/wp-json\/wp\/v2\/media?parent=2078"}],"curies":[{"name":"wp","href":"https:\/\/api.w.org\/{rel}","templated":true}]}}