{"id":2100,"date":"2023-08-16T13:49:08","date_gmt":"2023-08-16T13:49:08","guid":{"rendered":"https:\/\/sintegroup.hu\/?page_id=2100"},"modified":"2023-08-22T08:25:55","modified_gmt":"2023-08-22T08:25:55","slug":"magtisztitok-a-sinte-group-tol","status":"publish","type":"page","link":"https:\/\/sintegroup.hu\/ro\/tudastar\/magtisztitok-a-sinte-group-tol\/","title":{"rendered":"Magtiszt\u00edt\u00f3k a SINTE GROUP-t\u00f3l!"},"content":{"rendered":"\n<p>\n\t<section class=\"section\" id=\"section_1441017719\">\n\t\t<div class=\"bg section-bg fill bg-fill  bg-loaded\" >\n\n\t\t\t\n\t\t\t\n\t\t\t\n\n\t\t<\/div>\n\n\t\t<div class=\"section-content relative\">\n\t\t\t\n\n<\/p>\n<p>\n<div class=\"row\"  id=\"row-1465680865\">\n\n\n\t<div id=\"col-678329525\" class=\"col medium-10 small-12 large-10\"  >\n\t\t\t\t<div class=\"col-inner\"  >\n\t\t\t\n\t\t\t\n\n<\/p>\n<p>\n\n\n<html>\n\n<head>\n<meta http-equiv=Content-Type content=\"text\/html; charset=windows-1250\">\n<meta name=Generator content=\"Microsoft Word 15 (filtered)\">\n<style>\n<!--\n \/* Font Definitions *\/\n @font-face\n\t{font-family:Wingdings;\n\tpanose-1:5 0 0 0 0 0 0 0 0 0;}\n@font-face\n\t{font-family:\"Cambria Math\";\n\tpanose-1:2 4 5 3 5 4 6 3 2 4;}\n@font-face\n\t{font-family:Calibri;\n\tpanose-1:2 15 5 2 2 2 4 3 2 4;}\n@font-face\n\t{font-family:Georgia;\n\tpanose-1:2 4 5 2 5 4 5 2 3 3;}\n \/* Style Definitions *\/\n p.MsoNormal, li.MsoNormal, div.MsoNormal\n\t{margin-top:0cm;\n\tmargin-right:0cm;\n\tmargin-bottom:8.0pt;\n\tmargin-left:0cm;\n\tline-height:105%;\n\ttext-autospace:ideograph-other;\n\tfont-size:11.0pt;\n\tfont-family:\"Calibri\",sans-serif;}\np.MsoListParagraph, li.MsoListParagraph, div.MsoListParagraph\n\t{margin-top:0cm;\n\tmargin-right:0cm;\n\tmargin-bottom:8.0pt;\n\tmargin-left:36.0pt;\n\tline-height:105%;\n\ttext-autospace:ideograph-other;\n\tfont-size:11.0pt;\n\tfont-family:\"Calibri\",sans-serif;}\n.MsoChpDefault\n\t{font-family:\"Calibri\",sans-serif;}\n.MsoPapDefault\n\t{margin-bottom:8.0pt;\n\tline-height:105%;\n\ttext-autospace:ideograph-other;}\n \/* Page Definitions *\/\n @page WordSection1\n\t{size:595.3pt 841.9pt;\n\tmargin:70.85pt 70.85pt 70.85pt 70.85pt;}\ndiv.WordSection1\n\t{page:WordSection1;}\n \/* List Definitions *\/\n ol\n\t{margin-bottom:0cm;}\nul\n\t{margin-bottom:0cm;}\n-->\n<\/style>\n\n<\/head>\n\n<body lang=HU style='word-wrap:break-word'>\n\n<div class=WordSection1>\n\n<p class=MsoNormal align=center style='text-align:center'><b><span lang=RO\nstyle='font-size:14.0pt;line-height:105%;font-family:\"Georgia\",serif'>Cur\u0103&#539;itoare\nde Semin&#539;e de La SINTE GROUP<\/span><\/b><\/p>\n\n<p class=MsoNormal><span lang=RO>&nbsp;<\/span><\/p>\n\n<p class=MsoNormal><b><span lang=RO style='font-size:12.0pt;line-height:105%;\nfont-family:\"Georgia\",serif'>Este nevoie de un <i>separator cu sit\u0103 plan\u0103<\/i>,\nun <i>separator pe baza greut\u0103&#539;ii specifice<\/i>, un <i>trior<\/i> sau un <i>sortator\noptic<\/i>?<br>\nNoi v\u0103 ajut\u0103m \u00een alegerea potrivit\u0103!<\/span><\/b><\/p>\n\n<p class=MsoNormal><span lang=RO style='font-family:\"Georgia\",serif'>Recoltare,\ndepozitare, prelucrare. Acestea sunt doar c\u00e2teva dintre sarcinile pentru care\npot fi necesare diverse utilaje de cur\u0103&#539;are, func&#539;ion\u00e2nd pe principii\nvariate. Gama noastr\u0103 de produse este din bel&#537;ug, alegerea nu este\nu&#537;oar\u0103, dar suntem aici s\u0103 v\u0103 ajut\u0103m. Articolul complet \u00een continuarea...<br>\n<br>\n<\/span><\/p>\n\n<p class=MsoNormal><span lang=RO style='font-family:\"Georgia\",serif'>\u00cenainte de\ndepozitare, nu este de ajuns doar efortul cantitativ; calitatea are o\nimportan&#539;\u0103 deosebit.<\/span><\/p>\n\n<p class=MsoNormal align=center style='text-align:center'><b><span lang=RO\nstyle='font-family:\"Georgia\",serif'>Aceasta este zona \u00een care utilajele noastre\nde cur\u0103&#539;are a semin&#539;elor din oferta noastr\u0103 v\u0103 pot ajuta \u00een mod\neficient.<\/span><\/b><\/p>\n\n<p class=MsoNormal align=center style='text-align:center'><b><span lang=RO\nstyle='font-family:\"Georgia\",serif'>&nbsp;<\/span><\/b><\/p>\n\n<p class=MsoListParagraph style='text-indent:-18.0pt'><span lang=RO\nstyle='font-family:Symbol'>\u00b7<span style='font:7.0pt \"Times New Roman\"'>&nbsp;&nbsp;&nbsp;&nbsp;&nbsp;&nbsp;&nbsp;&nbsp;\n<\/span><\/span><b><span lang=RO style='font-family:\"Georgia\",serif'>Pentru o\ngam\u0103 larg\u0103 de aplica&#539;ii<\/span><\/b><span lang=RO style='font-family:\"Georgia\",serif'>,\nma&#537;ina de baz\u0103 este<b><u> ma&#537;ina de cur\u0103&#539;at cu sit\u0103 plan\u0103<\/u><\/b>,\nunde dimensiunea suprafe&#539;ei de sit\u0103 determin\u0103 \u00een primul r\u00e2nd\nperforman&#539;a real\u0103 a ma&#537;inii.<br>\nPrin combinarea suprafe&#539;elor mai mari &#537;i cu mai multe niveluri de\nsite, \u00eempreun\u0103 cu ajutorul ventila&#539;iei, putem atinge calitatea dorit\u0103\nprintr-un proces de cur\u0103&#539;are. Eficien&#539;a poate fi sporit\u0103 prin\nad\u0103ugarea unor Trioare dup\u0103 faza de cur\u0103&#539;are, care clasific\u0103\nsemin&#539;ele \u00een func&#539;ie de lungime. Acest lucru este esen&#539;ial, de\nexemplu, \u00een prelucrarea semin&#539;elor pentru s\u0103m\u00e2n&#539;\u0103.<br>\n<br>\n<\/span><\/p>\n\n<p class=MsoListParagraph style='text-indent:-18.0pt'><span lang=RO\nstyle='font-family:Symbol'>\u00b7<span style='font:7.0pt \"Times New Roman\"'>&nbsp;&nbsp;&nbsp;&nbsp;&nbsp;&nbsp;&nbsp;&nbsp;\n<\/span><\/span><b><span lang=RO style='font-family:\"Georgia\",serif'>\u00cen cazul\nspa&#539;iilor de instalare limitate<\/span><\/b><span lang=RO style='font-family:\n\"Georgia\",serif'>, ca alternativ\u0103 \u00een ceea ce prive&#537;te performan&#539;a\nma&#537;inii de cur\u0103&#539;are cu sit\u0103 plan\u0103, poate fi considerat\u0103 ma&#537;ina <b><u>Cur\u0103&#539;itor\ncu Tambur.<\/u><br>\n<br>\n<\/b><\/span><\/p>\n\n<p class=MsoListParagraph style='text-indent:-18.0pt'><span lang=RO\nstyle='font-family:Symbol'>\u00b7<span style='font:7.0pt \"Times New Roman\"'>&nbsp;&nbsp;&nbsp;&nbsp;&nbsp;&nbsp;&nbsp;&nbsp;\n<\/span><\/span><b><span lang=RO style='font-family:\"Georgia\",serif'>Ma&#537;ina\nde cur\u0103&#539;are fin\u0103 <\/span><\/b><span lang=RO style='font-family:\"Georgia\",serif'>este\n<b><u>separatorul de gravita&#539;ie specific\u0103<\/u><\/b>, care separ\u0103 materia\nprim\u0103 care urmeaz\u0103 s\u0103 fie cur\u0103&#539;at\u0103 pe baza diferen&#539;ei de greutate\nspecific\u0103.<br>\n\u00cen acest caz, produsul principal &#537;i cel secundar - din cauza dimensiunii\nsemnelor apropiate sau identice - nu pot fi separat eficient \u00een timpul procesului\nnormal de cur\u0103&#539;are sau nu poate fi separat \u00eentr-un mod economic (de\nexemplu, semin&#539;ele de cereale excavate de insecte din timpul depozit\u0103rii\nnu pot fi separate de cele s\u0103n\u0103toase \u00een func&#539;ie de dimensiune, dar pot\navea o diferen&#539;\u0103 semnificativ\u0103 \u00een greutate pe litru).<br>\n<br>\n<\/span><\/p>\n\n<p class=MsoListParagraph style='text-indent:-18.0pt'><span lang=RO\nstyle='font-family:Symbol'>\u00b7<span style='font:7.0pt \"Times New Roman\"'>&nbsp;&nbsp;&nbsp;&nbsp;&nbsp;&nbsp;&nbsp;&nbsp;\n<\/span><\/span><b><u><span lang=RO style='font-family:\"Georgia\",serif'>Dispozitivul\nde sortare optic\u0103<\/span><\/u><\/b><span lang=RO style='font-family:\"Georgia\",serif'>\neste, de asemenea, o <b>ma&#537;in\u0103 de cur\u0103&#539;are a amprentelor fine<\/b>,\ncare utilizeaz\u0103 duze de aer comprimat pentru a \u00eendep\u0103rta produsele secundare\nnedorite \u00een cazul diferen&#539;elor de culoare sau al formelor diferite pe baza\nimaginilor de la camere &#537;i a programului stabilit.<\/span><\/p>\n\n<p class=MsoNormal align=center style='text-align:center'><u><span lang=RO\nstyle='font-family:\"Georgia\",serif'>Este important ca pre-cur\u0103&#539;area este\n\u00eentotdeauna necesar\u0103 pentru a asigura eficien&#539;a opera&#539;ional\u0103 adecvat\u0103\na ma&#537;inilor de cur\u0103&#539;are fin\u0103!<\/span><\/u><\/p>\n\n<p class=MsoNormal align=center style='text-align:center'><span lang=RO\nstyle='font-family:\"Georgia\",serif'><br>\n<b><br>\nDin gama noastr\u0103 larg\u0103 de produse pentru a satisface nevoile &#537;i\nop&#539;iunile Dumneavoastr\u0103, v\u0103 putem ajuta s\u0103 alege&#539;i cea mai potrivit\u0103\nop&#539;iune!<\/b><\/span><\/p>\n\n<p class=MsoNormal><span lang=RO style='font-family:\"Georgia\",serif'><br>\nEvaluarea precis\u0103 a cerin&#539;elor,<\/span><\/p>\n\n<p class=MsoNormal><span lang=RO style='font-family:\"Georgia\",serif'>\u00a0\u00a0\u00a0\u00a0\u00a0\u00a0\u00a0\u00a0\u00a0\u00a0\u00a0 activitate\nde inginerie precis\u0103 cu utilizarea uneltelor moderne,<\/span><\/p>\n\n<p class=MsoNormal><span lang=RO style='font-family:\"Georgia\",serif'>\u00a0\u00a0\u00a0\u00a0\u00a0\u00a0\u00a0\u00a0\u00a0\u00a0\u00a0\u00a0\u00a0\u00a0\u00a0\u00a0\u00a0\u00a0\u00a0\u00a0\u00a0\u00a0\u00a0 implementare\ncu respectarea termenelor:<\/span><\/p>\n\n<p class=MsoNormal><span lang=RO style='font-family:\"Georgia\",serif'>\u00a0\u00a0\u00a0\u00a0\u00a0\u00a0\u00a0\u00a0\u00a0\u00a0\u00a0\u00a0\u00a0\u00a0\u00a0\u00a0\u00a0\u00a0\u00a0\u00a0\u00a0\u00a0\u00a0\u00a0\u00a0\u00a0\u00a0\u00a0\u00a0\u00a0\u00a0\u00a0\u00a0\u00a0\u00a0\u00a0\u00a0\u00a0\u00a0\u00a0\u00a0\u00a0\u00a0\u00a0\u00a0\u00a0\u00a0\u00a0\u00a0\u00a0\u00a0\u00a0\u00a0\u00a0\u00a0\u00a0\u00a0\u00a0 <b>TOATE ACESTE SUNT, SINTE GROUP!<\/b><\/span><\/p>\n\n<\/div>\n\n<\/body>\n\n<\/html>\n\n\n\t\t<\/div>\n\t\t\t\t\t<\/div>\n\n\t\n\n\t<div id=\"col-864422929\" class=\"col medium-2 small-12 large-2\"  >\n\t\t\t\t<div class=\"col-inner text-center\"  >\n\t\t\t\n\t\t\t\n\n<\/p>\n<p>\n\t<div class=\"img has-hover x md-x lg-x y md-y lg-y\" id=\"image_1716504068\">\n\t\t\t\t\t\t\t\t<div class=\"img-inner dark\" >\n\t\t\t<img loading=\"lazy\" decoding=\"async\" width=\"803\" height=\"1024\" src=\"https:\/\/sintegroup.hu\/wp-content\/uploads\/2023\/03\/Bartolak_Zoli_belyegkep-803x1024.jpg\" class=\"attachment-large size-large\" alt=\"\" srcset=\"https:\/\/sintegroup.hu\/wp-content\/uploads\/2023\/03\/Bartolak_Zoli_belyegkep-803x1024.jpg 803w, https:\/\/sintegroup.hu\/wp-content\/uploads\/2023\/03\/Bartolak_Zoli_belyegkep-235x300.jpg 235w, https:\/\/sintegroup.hu\/wp-content\/uploads\/2023\/03\/Bartolak_Zoli_belyegkep-768x979.jpg 768w, https:\/\/sintegroup.hu\/wp-content\/uploads\/2023\/03\/Bartolak_Zoli_belyegkep-1205x1536.jpg 1205w, https:\/\/sintegroup.hu\/wp-content\/uploads\/2023\/03\/Bartolak_Zoli_belyegkep-1606x2048.jpg 1606w, https:\/\/sintegroup.hu\/wp-content\/uploads\/2023\/03\/Bartolak_Zoli_belyegkep-600x765.jpg 600w, https:\/\/sintegroup.hu\/wp-content\/uploads\/2023\/03\/Bartolak_Zoli_belyegkep.jpg 1920w\" sizes=\"auto, (max-width: 803px) 100vw, 803px\" \/>\t\t\t\t\t\t\n\t\t\t\t\t<\/div>\n\t\t\t\t\t\t\t\t\n<style>\n#image_1716504068 {\n  width: 100%;\n}\n<\/style>\n\t<\/div>\n\t\n\n<h5 style=\"text-align: center;\">Zolt\u00e1n Bartol\u00e1k<\/h5>\n<h5 style=\"text-align: center;\">Sinte Group<\/h5>\n<h5 style=\"text-align: center;\">Manager opera\u021biuni Consultant<\/h5>\n\n\t\t<\/div>\n\t\t\t\t\t<\/div>\n\n\t\n\n<\/div>\n\n\t\t<\/div>\n\n\t\t\n<style>\n#section_1441017719 {\n  padding-top: 30px;\n  padding-bottom: 30px;\n}\n<\/style>\n\t<\/section>\n\t\n","protected":false},"excerpt":{"rendered":"","protected":false},"author":2,"featured_media":0,"parent":1350,"menu_order":0,"comment_status":"closed","ping_status":"closed","template":"","meta":{"footnotes":""},"class_list":["post-2100","page","type-page","status-publish","hentry"],"translation":{"provider":"WPGlobus","version":"3.0.2","language":"ro","enabled_languages":["hu","gb","ro"],"languages":{"hu":{"title":true,"content":true,"excerpt":false},"gb":{"title":false,"content":false,"excerpt":false},"ro":{"title":false,"content":true,"excerpt":false}}},"_links":{"self":[{"href":"https:\/\/sintegroup.hu\/ro\/wp-json\/wp\/v2\/pages\/2100","targetHints":{"allow":["GET"]}}],"collection":[{"href":"https:\/\/sintegroup.hu\/ro\/wp-json\/wp\/v2\/pages"}],"about":[{"href":"https:\/\/sintegroup.hu\/ro\/wp-json\/wp\/v2\/types\/page"}],"author":[{"embeddable":true,"href":"https:\/\/sintegroup.hu\/ro\/wp-json\/wp\/v2\/users\/2"}],"replies":[{"embeddable":true,"href":"https:\/\/sintegroup.hu\/ro\/wp-json\/wp\/v2\/comments?post=2100"}],"version-history":[{"count":22,"href":"https:\/\/sintegroup.hu\/ro\/wp-json\/wp\/v2\/pages\/2100\/revisions"}],"predecessor-version":[{"id":2137,"href":"https:\/\/sintegroup.hu\/ro\/wp-json\/wp\/v2\/pages\/2100\/revisions\/2137"}],"up":[{"embeddable":true,"href":"https:\/\/sintegroup.hu\/ro\/wp-json\/wp\/v2\/pages\/1350"}],"wp:attachment":[{"href":"https:\/\/sintegroup.hu\/ro\/wp-json\/wp\/v2\/media?parent=2100"}],"curies":[{"name":"wp","href":"https:\/\/api.w.org\/{rel}","templated":true}]}}